{"id":584,"date":"2025-02-27T15:59:20","date_gmt":"2025-02-27T15:59:20","guid":{"rendered":"https:\/\/reykjavikexpress.webdev.is\/?page_id=584"},"modified":"2025-03-04T10:22:10","modified_gmt":"2025-03-04T10:22:10","slug":"environment-policy","status":"publish","type":"page","link":"https:\/\/reykjavikexpress.webdev.is\/da\/environment-policy\/","title":{"rendered":"Milj\u00f8politik"},"content":{"rendered":"<div data-elementor-type=\"wp-page\" data-elementor-id=\"584\" class=\"elementor elementor-584\" data-elementor-post-type=\"page\">\n\t\t\t\t<div data-particle_enable=\"false\" data-particle-mobile-disabled=\"false\" class=\"elementor-element elementor-element-b925f28 e-flex e-con-boxed e-con e-parent\" data-id=\"b925f28\" data-element_type=\"container\">\n\t\t\t\t\t<div class=\"e-con-inner\">\n\t\t\t\t\t<\/div>\n\t\t\t\t<\/div>\n\t\t<div data-particle_enable=\"false\" data-particle-mobile-disabled=\"false\" class=\"elementor-element elementor-element-46f5198 e-flex e-con-boxed e-con e-parent\" data-id=\"46f5198\" data-element_type=\"container\">\n\t\t\t\t\t<div class=\"e-con-inner\">\n\t\t\t\t<div class=\"elementor-element elementor-element-eb3d4a9 elementor-widget elementor-widget-text-editor\" data-id=\"eb3d4a9\" data-element_type=\"widget\" data-widget_type=\"text-editor.default\">\n\t\t\t\t<div class=\"elementor-widget-container\">\n\t\t\t\t\t\t\t\t\t<h3>Milj\u00f8politik<\/h3>\n<p>Reykjavikexpress er forpligtet til at sikre, at Islands naturlige milj\u00f8 forbliver s\u00e5 rent og uspoleret som muligt. Vores politik er at tilbyde service af h\u00f8j kvalitet med de nyeste og sikreste k\u00f8ret\u00f8jer, samtidig med at vi sikrer, at milj\u00f8- og sikkerhedssp\u00f8rgsm\u00e5l er i h\u00f8js\u00e6det i alle vores operationer. Vi str\u00e6ber efter at v\u00e6re f\u00f8rende p\u00e5 dette omr\u00e5de og s\u00f8ger samarbejde med partnere, der prioriterer milj\u00f8sp\u00f8rgsm\u00e5l og har en klar strategi i denne henseende.<\/p>\n<p>Vi implementerer denne politik gennem f\u00f8lgende m\u00e5l:<\/p>\n<p><\/p>\n<p>Medarbejderne er bevidste om og uddannet i virksomhedens milj\u00f8politik og milj\u00f8sp\u00f8rgsm\u00e5l generelt.<\/p>\n<p>Vi afholder \u00e5rlige tr\u00e6ningssessioner, der d\u00e6kker alle milj\u00f8aspekter, der er relevante for vores aktiviteter.<\/p>\n<p>Vi bestr\u00e6ber os p\u00e5 at levere de nyeste og mest milj\u00f8venlige busser, der findes. I dag opfylder n\u00e6sten alle vores k\u00f8ret\u00f8jer EURO III-emissionsstandarden, der g\u00e6lder i Europa. De nyeste k\u00f8ret\u00f8jer overholder de endnu strengere Euro IV- og V-standarder.<\/p>\n<p>De fleste af vores busser er udstyret med vandopvarmning (oliefyr), s\u00e5 motoren kan varmes op til 80 \u00b0C f\u00f8r start. Det sikrer en varm start og reducerer emissionerne betydeligt. Varmesystemet er integreret med k\u00f8ret\u00f8jets k\u00f8lersystem, hvilket g\u00f8r det muligt at opvarme kabinen, uden at motoren k\u00f8rer. Vi understreger kraftigt brugen af dette varmesystem for at minimere tomgangsk\u00f8rsel.<\/p>\n<p>Vi bestr\u00e6ber os p\u00e5 at minimere affaldsproduktionen s\u00e5 meget som muligt og p\u00e5 at sortere og genbruge alle genstande, hvor det er muligt.<\/p>\n<p>Vores \u00e5rlige milj\u00f8tr\u00e6ning omfatter b\u00e5de teoretisk og praktisk undervisning i \u00f8ko-k\u00f8rsel for vores chauff\u00f8rer. Korrekte k\u00f8revaner er afg\u00f8rende for at minimere k\u00f8ret\u00f8jets udledning og br\u00e6ndstofforbrug.<\/p>\n<p>Vi l\u00e6gger v\u00e6gt p\u00e5 renlighed og p\u00e5 at v\u00e6re et godt eksempel for andre. Vores k\u00f8ret\u00f8jer er velholdte, rene og p\u00e6ne, og olie- og filterskift udf\u00f8res efter planen for at begr\u00e6nse emissioner.<\/p>\n<p>Al brugt olie opsamles i en underjordisk tank p\u00e5 vores v\u00e6rksted. Tanken t\u00f8mmes regelm\u00e6ssigt, og olien genbruges i videst muligt omfang. Vi tager alle forholdsregler for at forhindre, at der kommer forurenende stoffer i afl\u00f8bene, og hvis uheldet skulle v\u00e6re ude, har vi tre olieudskillere ved v\u00e6rkstedets afl\u00f8b.<\/p>\n<p>Vi prioriterer brugen af milj\u00f8venlige produkter. Vi tilstr\u00e6ber at k\u00f8be varer og tjenesteydelser fra leverand\u00f8rer, der har en klar og helst certificeret milj\u00f8politik.<\/p>\n<p>Milj\u00f8sp\u00f8rgsm\u00e5l vedr\u00f8rer os alle. Der bliver aldrig gjort nok, og alt for mange aspekter af vores samfund skader naturen og dermed os. Vi unders\u00f8ger l\u00f8bende disse forhold, da det er vores pligt at v\u00e6re opm\u00e6rksomme og \u00e5bne over for alle m\u00e5der at reducere forureningen p\u00e5. Vi f\u00f8lger n\u00f8je med i milj\u00f8udviklingen og er fortsat \u00e5rv\u00e5gne p\u00e5 dette omr\u00e5de.<\/p>\n<p><\/p>\n<p>M\u00e5l<\/p>\n<p>Milj\u00f8politikken vil blive opdateret og gennemg\u00e5et hvert \u00e5r.<\/p>\n<p>Vi vil afholde en \u00e5rlig tr\u00e6ningssession om milj\u00f8-, sikkerheds- og kvalitetsstyring, herunder \u00f8ko-k\u00f8rsel og f\u00f8rstehj\u00e6lp.<\/p>\n<p>Chauff\u00f8rernes kvalitetsh\u00e5ndbog vil blive gennemg\u00e5et hvert \u00e5r. Denne h\u00e5ndbog er tilg\u00e6ngelig i alle virksomhedens k\u00f8ret\u00f8jer og beskriver virksomhedens politikker for milj\u00f8-, sikkerheds- og kvalitetssp\u00f8rgsm\u00e5l.<\/p>\n<p>Der vil blive lagt s\u00e6rlig v\u00e6gt p\u00e5 korrekt brug af oliefyr for at minimere tomgangsk\u00f8rsel og reducere emissioner.<\/p>\n<p>Vi vil fortsat kun bruge milj\u00f8venlige reng\u00f8ringsprodukter og mikrofiberklude i alle virksomhedens k\u00f8ret\u00f8jer og faciliteter, herunder v\u00e6rksteder og kontorer.<\/p>\n<p>Vi vil k\u00f8be mindst tre nye busser med Euro V-motorer, som er den strengeste emissionsstandard, der g\u00e6lder i Europa i \u00f8jeblikket.<\/p>\t\t\t\t\t\t\t\t<\/div>\n\t\t\t\t<\/div>\n\t\t\t\t\t<\/div>\n\t\t\t\t<\/div>\n\t\t\t\t<\/div>","protected":false},"excerpt":{"rendered":"<p>Milj\u00f8politik Reykjavikexpress er forpligtet til at sikre, at Islands naturlige milj\u00f8 forbliver s\u00e5 rent og uspoleret som muligt. Vores politik er at tilbyde service af h\u00f8j kvalitet med de nyeste og sikreste k\u00f8ret\u00f8jer, samtidig med at vi sikrer, at milj\u00f8- og sikkerhedssp\u00f8rgsm\u00e5l er i h\u00f8js\u00e6det i alle vores operationer. Vi tilstr\u00e6ber at v\u00e6re f\u00f8rende p\u00e5 dette omr\u00e5de, [...]<\/p>","protected":false},"author":1,"featured_media":0,"parent":0,"menu_order":0,"comment_status":"closed","ping_status":"closed","template":"elementor_header_footer","meta":{"footnotes":""},"class_list":["post-584","page","type-page","status-publish","hentry"],"_links":{"self":[{"href":"https:\/\/reykjavikexpress.webdev.is\/da\/wp-json\/wp\/v2\/pages\/584","targetHints":{"allow":["GET"]}}],"collection":[{"href":"https:\/\/reykjavikexpress.webdev.is\/da\/wp-json\/wp\/v2\/pages"}],"about":[{"href":"https:\/\/reykjavikexpress.webdev.is\/da\/wp-json\/wp\/v2\/types\/page"}],"author":[{"embeddable":true,"href":"https:\/\/reykjavikexpress.webdev.is\/da\/wp-json\/wp\/v2\/users\/1"}],"replies":[{"embeddable":true,"href":"https:\/\/reykjavikexpress.webdev.is\/da\/wp-json\/wp\/v2\/comments?post=584"}],"version-history":[{"count":7,"href":"https:\/\/reykjavikexpress.webdev.is\/da\/wp-json\/wp\/v2\/pages\/584\/revisions"}],"predecessor-version":[{"id":645,"href":"https:\/\/reykjavikexpress.webdev.is\/da\/wp-json\/wp\/v2\/pages\/584\/revisions\/645"}],"wp:attachment":[{"href":"https:\/\/reykjavikexpress.webdev.is\/da\/wp-json\/wp\/v2\/media?parent=584"}],"curies":[{"name":"wp","href":"https:\/\/api.w.org\/{rel}","templated":true}]}}