{"id":586,"date":"2025-02-27T15:59:39","date_gmt":"2025-02-27T15:59:39","guid":{"rendered":"https:\/\/reykjavikexpress.webdev.is\/?page_id=586"},"modified":"2025-03-04T10:21:46","modified_gmt":"2025-03-04T10:21:46","slug":"safety-policy","status":"publish","type":"page","link":"https:\/\/reykjavikexpress.webdev.is\/da\/safety-policy\/","title":{"rendered":"Sikkerhedspolitik"},"content":{"rendered":"<div data-elementor-type=\"wp-page\" data-elementor-id=\"586\" class=\"elementor elementor-586\" data-elementor-post-type=\"page\">\n\t\t\t\t<div data-particle_enable=\"false\" data-particle-mobile-disabled=\"false\" class=\"elementor-element elementor-element-bed5ace e-flex e-con-boxed e-con e-parent\" data-id=\"bed5ace\" data-element_type=\"container\">\n\t\t\t\t\t<div class=\"e-con-inner\">\n\t\t\t\t\t<\/div>\n\t\t\t\t<\/div>\n\t\t<div data-particle_enable=\"false\" data-particle-mobile-disabled=\"false\" class=\"elementor-element elementor-element-eda0fa9 e-flex e-con-boxed e-con e-parent\" data-id=\"eda0fa9\" data-element_type=\"container\">\n\t\t\t\t\t<div class=\"e-con-inner\">\n\t\t\t\t<div class=\"elementor-element elementor-element-18b0b06 elementor-widget elementor-widget-text-editor\" data-id=\"18b0b06\" data-element_type=\"widget\" data-widget_type=\"text-editor.default\">\n\t\t\t\t<div class=\"elementor-widget-container\">\n\t\t\t\t\t\t\t\t\t<h3>Sikkerhedspolitik<\/h3>\n<p>Medarbejderne hos Reykjavikexpress har etableret en sikkerhedspolitik og opstillet m\u00e5l for at sikre, at passagerernes sikkerhed og komfort altid er en topprioritet. Vores fl\u00e5de best\u00e5r af nogle af de nyeste k\u00f8ret\u00f8jer i landet. Vores m\u00e5l er at have dygtige og p\u00e5lidelige chauff\u00f8rer, moderne k\u00f8ret\u00f8jer og at sikre maksimal sikkerhed og komfort.<\/p>\n<p>Drivere:<\/p>\n<p>Chauff\u00f8ren er den mest afg\u00f8rende faktor for sikkerheden. Det er vigtigt at have dygtigt og p\u00e5lideligt personale, der kan h\u00e5ndtere enhver situation. Siden virksomhedens grundl\u00e6ggelse i 1969 har vi ansat fremragende medarbejdere, hvilket utvivlsomt har bidraget til vores langsigtede succes. Vi l\u00e6gger v\u00e6gt p\u00e5 medarbejdernes kompetence, p\u00e5lidelighed og den bedst mulige uddannelse.<\/p>\n<p>Forebyggende vedligeholdelse:<\/p>\n<p>Vores v\u00e6rksted er bemandet med erfarne teknikere, som overv\u00e5ger al vedligeholdelse. Vi prioriterer forebyggende vedligeholdelse og f\u00f8rer detaljerede optegnelser over vores k\u00f8ret\u00f8jer for at sikre optimalt overblik.<\/p>\n<p>Bremsesystem:<\/p>\n<p>N\u00e6sten alle vores busser er udstyret med ABS-bremsesystemer, som \u00f8ger sikkerheden betydeligt, is\u00e6r i v\u00e5dt eller iset f\u00f8re. Vi l\u00e6gger v\u00e6gt p\u00e5 at udstyre k\u00f8ret\u00f8jerne efter forholdene, f.eks. ved at sikre de rette d\u00e6k til vintervejene, herunder pigd\u00e6k eller vinterd\u00e6k.<\/p>\n<p>Sikkerhedsseler:<\/p>\n<p>Alle vores busser er udstyret med sikkerhedsseler p\u00e5 alle pladser, enten to- eller trepunktsseler.<\/p>\n<p>Sikkerhedsforanstaltninger:<\/p>\n<p>Vores m\u00e5l med denne politik er at arbejde systematisk for at opretholde de h\u00f8jeste sikkerhedsstandarder og minimere h\u00e6ndelser s\u00e5 meget som muligt. Der afholdes et \u00e5rligt sikkerheds- og milj\u00f8kursus for chauff\u00f8rer, hvor disse emner gennemg\u00e5s i dybden. Sikkerhedskurset omfatter certificeret f\u00f8rstehj\u00e6lpstr\u00e6ning og en gennemgang af alt det sikkerhedsudstyr, der er til r\u00e5dighed for chauff\u00f8rer og passagerer. Denne tr\u00e6ning er en fast \u00e5rlig begivenhed.<\/p>\t\t\t\t\t\t\t\t<\/div>\n\t\t\t\t<\/div>\n\t\t\t\t\t<\/div>\n\t\t\t\t<\/div>\n\t\t\t\t<\/div>","protected":false},"excerpt":{"rendered":"<p>Sikkerhedspolitik Reykjavikexpress' medarbejdere har udarbejdet en sikkerhedspolitik og opstillet m\u00e5l for at sikre, at passagerernes sikkerhed og komfort altid har h\u00f8jeste prioritet. Vores fl\u00e5de best\u00e5r af nogle af de nyeste k\u00f8ret\u00f8jer i landet. Vores m\u00e5l er at have dygtige og p\u00e5lidelige chauff\u00f8rer, moderne k\u00f8ret\u00f8jer og at sikre maksimal sikkerhed og [...].<\/p>","protected":false},"author":1,"featured_media":0,"parent":0,"menu_order":0,"comment_status":"closed","ping_status":"closed","template":"elementor_header_footer","meta":{"footnotes":""},"class_list":["post-586","page","type-page","status-publish","hentry"],"_links":{"self":[{"href":"https:\/\/reykjavikexpress.webdev.is\/da\/wp-json\/wp\/v2\/pages\/586","targetHints":{"allow":["GET"]}}],"collection":[{"href":"https:\/\/reykjavikexpress.webdev.is\/da\/wp-json\/wp\/v2\/pages"}],"about":[{"href":"https:\/\/reykjavikexpress.webdev.is\/da\/wp-json\/wp\/v2\/types\/page"}],"author":[{"embeddable":true,"href":"https:\/\/reykjavikexpress.webdev.is\/da\/wp-json\/wp\/v2\/users\/1"}],"replies":[{"embeddable":true,"href":"https:\/\/reykjavikexpress.webdev.is\/da\/wp-json\/wp\/v2\/comments?post=586"}],"version-history":[{"count":7,"href":"https:\/\/reykjavikexpress.webdev.is\/da\/wp-json\/wp\/v2\/pages\/586\/revisions"}],"predecessor-version":[{"id":642,"href":"https:\/\/reykjavikexpress.webdev.is\/da\/wp-json\/wp\/v2\/pages\/586\/revisions\/642"}],"wp:attachment":[{"href":"https:\/\/reykjavikexpress.webdev.is\/da\/wp-json\/wp\/v2\/media?parent=586"}],"curies":[{"name":"wp","href":"https:\/\/api.w.org\/{rel}","templated":true}]}}