{"id":593,"date":"2025-02-27T16:06:17","date_gmt":"2025-02-27T16:06:17","guid":{"rendered":"https:\/\/reykjavikexpress.webdev.is\/?page_id=593"},"modified":"2025-03-04T10:20:58","modified_gmt":"2025-03-04T10:20:58","slug":"privacy-policy","status":"publish","type":"page","link":"https:\/\/reykjavikexpress.webdev.is\/da\/privacy-policy\/","title":{"rendered":"Politik for beskyttelse af personlige oplysninger"},"content":{"rendered":"<div data-elementor-type=\"wp-page\" data-elementor-id=\"593\" class=\"elementor elementor-593\" data-elementor-post-type=\"page\">\n\t\t\t\t<div data-particle_enable=\"false\" data-particle-mobile-disabled=\"false\" class=\"elementor-element elementor-element-f869044 e-flex e-con-boxed e-con e-parent\" data-id=\"f869044\" data-element_type=\"container\">\n\t\t\t\t\t<div class=\"e-con-inner\">\n\t\t\t\t\t<\/div>\n\t\t\t\t<\/div>\n\t\t<div data-particle_enable=\"false\" data-particle-mobile-disabled=\"false\" class=\"elementor-element elementor-element-711251b e-flex e-con-boxed e-con e-parent\" data-id=\"711251b\" data-element_type=\"container\">\n\t\t\t\t\t<div class=\"e-con-inner\">\n\t\t\t\t<div class=\"elementor-element elementor-element-b0c2b2a elementor-widget elementor-widget-text-editor\" data-id=\"b0c2b2a\" data-element_type=\"widget\" data-widget_type=\"text-editor.default\">\n\t\t\t\t<div class=\"elementor-widget-container\">\n\t\t\t\t\t\t\t\t\t<h3><b>Politik for beskyttelse af personlige oplysninger<\/b><\/h3>\n<p>Sidst opdateret: 25. maj 2018<\/p>\n<p>Reykjavikexpress er forpligtet til at beskytte privatlivets fred for bes\u00f8gende p\u00e5 vores hjemmeside. Du har ret til at gennemse vores websted uden at give nogen personlige oplysninger. Reykjavikexpress er ogs\u00e5 forpligtet til at beskytte privatlivets fred for abonnenter p\u00e5 nyhedsbreve og dem, der giver os oplysninger, der giver os mulighed for at kontakte dem. N\u00e5r du bes\u00f8ger vores hjemmeside, tilmelder dig en prioriteret liste eller indtaster personlige oplysninger i formularer p\u00e5 vores hjemmeside, kr\u00e6ver vi, at du giver personlige oplysninger om dig selv. Vi indsamler ogs\u00e5 oplysninger om browsing.<\/p>\n<p>Denne fortrolighedspolitik regulerer indsamling, h\u00e5ndtering og brug af dine personlige oplysninger. Ved at bruge vores websted accepterer du den datapraksis, der er beskrevet i denne fortrolighedspolitik. Hvis du ikke accepterer disse vilk\u00e5r, b\u00f8r du oph\u00f8re med at browse og afst\u00e5 fra at bruge vores websted, produkter eller tjenester.<\/p>\n<p>Vi opdaterer regelm\u00e6ssigt denne privatlivspolitik, og vi r\u00e5der dig til at bes\u00f8ge denne side og gennemg\u00e5 den med j\u00e6vne mellemrum. Hvis du er p\u00e5 en af vores mailinglister, vil du blive underrettet via e-mail, n\u00e5r denne privatlivspolitik \u00e6ndres.<\/p>\n<h4>\n<\/h4><h5>\n<h5><ol><li>Vigtig information<\/li><\/ol><\/h5>\n<\/h5>\n\n<p>1.1. S\u00e5dan kontakter du os<\/p>\n<p>Hvis du har sp\u00f8rgsm\u00e5l til vores privatlivspolitik eller h\u00e5ndteringen af dine personlige oplysninger, bedes du sende os en e-mail p\u00e5 gt@gtyrfingsson.is.<\/p>\n<p>1.2. Deler Reykjavikexpress dine oplysninger?<\/p>\n<p>Reykjavikexpress udlejer eller s\u00e6lger ikke personligt identificerbare oplysninger til tredjeparter.<\/p>\n<p>1.3. \u00c6ndringer af privatlivspolitikken<\/p>\n<p>Eventuelle \u00e6ndringer af denne privatlivspolitik vil blive opdateret p\u00e5 denne side, og vi opfordrer alle til at tjekke denne privatlivspolitik regelm\u00e6ssigt for at gennemg\u00e5 eventuelle \u00e6ndringer. Hvis der foretages v\u00e6sentlige \u00e6ndringer i vores privatlivspolitik, sender vi en e-mail til alle vores abonnenter. Dette hj\u00e6lper dig med at holde dig informeret om de oplysninger, vi indsamler, hvordan vi bruger dem, hvor vi indsamler dem, og under hvilke omst\u00e6ndigheder de eventuelt videregives. Fortsat brug af vores hjemmeside, abonnementstjenester og\/eller levering af personlige oplysninger til os vil v\u00e6re underlagt den til enhver tid g\u00e6ldende fortrolighedspolitik.<\/p>\n<h5><ol start=\"2\"><li>Definitioner<\/li><\/ol><\/h5>\n<p>2.1. \"F\u00f8lsomme oplysninger\"<\/p>\n<p>Det drejer sig om kreditkortoplysninger, personlige \u00f8konomiske oplysninger (bankkontostatus), ID-numre eller oplysninger om psykisk eller fysisk helbred.<\/p>\n<p>2.2. \"Personlige oplysninger\"<\/p>\n<p>Dette henviser til alle oplysninger, som du frivilligt sender til os, og som identificerer dig personligt, herunder kontaktoplysninger som dit navn, din e-mailadresse, dit firmanavn, din postadresse, dit telefonnummer eller andre oplysninger om dig eller din virksomhed.<\/p>\n<p>Personlige oplysninger kan ogs\u00e5 omfatte oplysninger om transaktioner - uanset om de er gratis eller betalte - som du indtaster p\u00e5 webstedet, samt oplysninger om dig, der er tilg\u00e6ngelige p\u00e5 internettet, for eksempel p\u00e5 Facebook, Instagram, LinkedIn, Twitter og Google, eller andre offentligt tilg\u00e6ngelige oplysninger fra vores tjenesteudbydere.<\/p>\n<p>2.3. \"Information om browsing\"<\/p>\n<p>Dette refererer til oplysninger om din browseradf\u00e6rd, cookies og retargeting-cookies. En cookie er en tekstfil, der placeres p\u00e5 din harddisk af en webserver. Cookies bruges ikke til at k\u00f8re programmer eller levere virus til din computer. Browseroplysninger omfatter ogs\u00e5 detaljer om din computer og dine bes\u00f8g p\u00e5 dette websted, f.eks. din IP-adresse, geografiske placering, browsertype, henvisningswebsted, bes\u00f8gets l\u00e6ngde og antal viste sider. Cookies er entydigt tildelt dig. Et prim\u00e6rt form\u00e5l med cookies er at give en mere bekvem browseroplevelse og spare dig tid. Form\u00e5let med en cookie er at informere webserveren om, at du er vendt tilbage til en bestemt side.<\/p>\n<p>Klik [her] (link ikke angivet) for at f\u00e5 oplysninger om, hvordan du deaktiverer cookies.<\/p>\n<h5><ol start=\"3\"><li>Oplysninger, vi indsamler<\/li><\/ol><\/h5>\n<p>3.1. N\u00e5r du bes\u00f8ger vores hjemmeside<\/p>\n<p>Du kan frit bes\u00f8ge og gennemse vores hjemmeside uden at give personlige oplysninger. Men n\u00e5r du bes\u00f8ger vores hjemmeside, tilmelder dig e-mail-lister, tjenester eller abonnementer, har vi brug for personlige oplysninger. Vi indsamler ogs\u00e5 oplysninger om browsing.<\/p>\n<p>3.2. Indsamling af personlige oplysninger<\/p>\n<p>Reykjavikexpress indsamler personligt identificerbare oplysninger fra bes\u00f8gende, hvilket henviser til alle oplysninger, du frivilligt sender til os, der identificerer dig personligt, s\u00e5som din e-mailadresse, postadresse, telefonnummer, navn, firmanavn eller andre detaljer om dig eller din virksomhed. Personlige oplysninger kan ogs\u00e5 omfatte transaktioner (gratis eller betalte), som du indtaster p\u00e5 vores websted, samt oplysninger om dig, der er offentligt tilg\u00e6ngelige p\u00e5 internettet (f.eks. Instagram, Facebook, Google, LinkedIn, Twitter) eller leveret af vores servicepartnere. Nedenfor er en liste over, hvordan vi indsamler personlige oplysninger fra bes\u00f8gende, og hvilke oplysninger vi indsamler:<\/p>\n<p>Nyhedsbreve via e-mail<\/p>\n<p>For at tilmelde dig vores e-mail-nyhedsbreve kr\u00e6ver vi:<\/p>\n<p>(a) Navn<\/p>\n<p>(b) E-mail-adresse<\/p>\n<p>Disse oplysninger er n\u00f8dvendige for at modtage vores nyhedsbrev. Reykjavikexpress bruger Campaign Monitor til at indsamle og sende nyhedsbreve via e-mail. Du kan l\u00e6se deres privatlivspolitik her: [Campaign Monitor Privacy Policy] (link ikke angivet).<\/p>\n<p>Kontaktformularer<\/p>\n<p>For at kontakte os for at \u00e5bne kommunikation af enhver art, besvare sp\u00f8rgsm\u00e5l osv. har Reykjavikexpress forskellige formularer p\u00e5 sin hjemmeside, der kr\u00e6ver forskellige oplysninger, selvom de fleste beder om:<\/p>\n<p>(a) Navn<\/p>\n<p>(b) E-mail-adresse<\/p>\n<p>For at Reykjavikexpress kan svare dig, har vi brug for disse oplysninger.<\/p>\n<p>Online k\u00f8b<\/p>\n<p>N\u00e5r du k\u00f8ber et produkt eller en tjeneste fra Reykjavikexpress, bruger vi et tredjeparts e-handelssystem. Du kan klikke [her] (link ikke angivet) for at se dets privatlivspolitik. Hvis du oplyser kreditkortoplysninger, bruger vi dem udelukkende til at verificere betalingsevnen og til at behandle din betaling. Vi bruger en tredjepart til at behandle korttransaktioner og afslutte betalinger. Du kan se deres vilk\u00e5r her: [Borgun Terms] (link ikke leveret). Transaktioner er sikret med SSL-kryptering, og kreditkortoplysninger sendes aldrig via e-mail. Kreditkortoplysninger slettes regelm\u00e6ssigt fra vores system.<\/p>\n<h5><ol start=\"4\"><li>S\u00e5dan bruger vi de oplysninger, vi indsamler<\/li><\/ol><\/h5>\n<p>4.1. Brug af personlige oplysninger<\/p>\n<p>Personlige oplysninger indsamlet af Reykjavikexpress bruges prim\u00e6rt til det form\u00e5l, de blev indsamlet: at distribuere dokumenter og sende e-mail-nyhedsbreve. Reykjavikexpress kan ogs\u00e5 bruge dine oplysninger til f\u00f8lgende:<\/p>\n<p>At informere dig om nye produkter, tjenester eller oplysninger, der kan interessere dig.<\/p>\n<p>At sende reklamemateriale.<\/p>\n<p>At sammenstille oplysninger med andre abonnenters data for at vurdere effektiviteten af vores markedsf\u00f8ring og analysere generelle demografiske forhold.<\/p>\n<p>Reykjavikexpress kan kontakte dig for at sende unders\u00f8gelser og analysere data for at f\u00e5 indsigt i m\u00f8nstre i forbindelse med branchen, produkter, tjenester eller andre forretningsrelaterede omr\u00e5der.<\/p>\n<p>Ud over de anvendelser, der er n\u00e6vnt andetsteds i denne fortrolighedspolitik, kan vi bruge personlige oplysninger til:<\/p>\n<p>(a) sende dig oplysninger, som vi mener kan interessere dig, via post, e-mail eller andre kanaler;<\/p>\n<p>(b) forbedre din browseroplevelse ved at tilpasse hjemmesiden og forbedre vores tjenester;<\/p>\n<p>(c) sende dig markedsf\u00f8ringsmateriale relateret til vores virksomhed eller n\u00f8je udvalgte tredjeparter, som vi mener kan v\u00e6re af interesse for dig;<\/p>\n<p>(d) give andre virksomheder statistiske oplysninger om vores brugere - selv om disse data aldrig vil blive brugt til at identificere individuelle brugere.<\/p>\n<p>Vi kan bruge kontaktoplysninger til at komme i kontakt med dig p\u00e5 vegne af vores partnere vedr\u00f8rende s\u00e6rlige tilbud, som vi mener kan interessere dig. I s\u00e5danne tilf\u00e6lde overf\u00f8rer vi ikke dine personligt identificerbare oplysninger til nogen tredjepart. Derudover kan vi dele data med betroede partnere for at kontakte dig baseret p\u00e5 din anmodning om oplysninger, for at hj\u00e6lpe os med at udf\u00f8re statistiske analyser eller for at levere supporttjenester. Det er forbudt for disse tredjeparter at bruge dine personlige oplysninger til andet end at levere disse tjenester, og de er forpligtet til at holde dine oplysninger fortrolige.<\/p>\n<p>4.2. Retargeting<\/p>\n<p>Reykjavikexpress bruger retargeting ved hj\u00e6lp af cookies og konverteringspixels fra leverand\u00f8rer som Pinterest, LinkedIn, Google, Facebook, Instagram og Twitter til at vise dig m\u00e5lrettede annoncer og markedsf\u00f8ringsindhold om vores produkter eller tjenester via Google Display Network og sociale medieplatforme. Du kan se annoncer fra os som f\u00f8lge af, at du bes\u00f8ger vores hjemmeside. Vi bruger ogs\u00e5 brugerdefinerede m\u00e5lgrupper baseret p\u00e5 e-mailadresser p\u00e5 vores abonnenter og kunder, s\u00e5 vi kan vise vores annoncer og tilbud relateret til vores produkter eller tjenester til dig p\u00e5 Facebook og andre sociale mediekanaler. Ingen personligt identificerbare oplysninger bruges til andre form\u00e5l end at levere specifikt indhold fra os.<\/p>\n<p>LinkedIn: Frav\u00e6lg LinkedIn-retargeting [her].<\/p>\n<p>Facebook: Frav\u00e6lg retargeting fra Facebook [her].<\/p>\n<p>Twitter: Frav\u00e6lg retargeting fra Twitter [her].<\/p>\n<p>Pinterest: Frav\u00e6lg Pinterest-retargeting [her].<\/p>\n<p>Google: Frav\u00e6lg Googles retargeting [her].<\/p>\n<p>Vi bruger browseroplysninger til at administrere og forbedre vores hjemmeside og tjenester. Vi kan ogs\u00e5 bruge browseroplysninger alene eller kombineret med personlige oplysninger til at give dig personlig information om Reykjavikexpress.<\/p>\n<p>Reykjavikexpress og dets partnere bruger cookies og lignende teknologier til analyse, webstedsadministration, brugersporing og indsamling af demografiske oplysninger i samlet form.<\/p>\n<p>Du kan v\u00e6lge at acceptere eller afvise cookies. De fleste webbrowsere accepterer automatisk cookies, men du kan typisk \u00e6ndre dine browserindstillinger til at afvise cookies, hvis du foretr\u00e6kker det.<\/p>\n<p>4.3. Anti-spam-politik<\/p>\n<p>Reykjavikexpress sender kun e-mails til brugere, der udtrykkeligt har anmodet om at modtage e-mails fra os. Reykjavikexpress er st\u00e6rkt imod spam og vil kun sende dig beskeder, som vi mener kan v\u00e6re af interesse for dig. Eksemplerne omfatter:<\/p>\n<p>Tilmelding til vores nyhedsbrev.<\/p>\n<p>Udfyld en af vores kontaktinformationsformularer.<\/p>\n<p>Al kommunikation vil v\u00e6re relevant i forhold til den sammenh\u00e6ng, hvor du har givet dine oplysninger.<\/p>\n<p>Reykjavikexpress bruger en tredjepart til at opbevare og distribuere vores nyhedsbrev.<\/p>\n<p>4.4. Eksterne links<\/p>\n<p>Dette websted indeholder links til andre websteder. Bem\u00e6rk venligst, at Reykjavikexpress ikke er ansvarlig for privatlivspolitikken eller indholdet p\u00e5 s\u00e5danne sider. Vi opfordrer vores brugere til at v\u00e6re opm\u00e6rksomme, n\u00e5r de forlader vores hjemmeside, og til at l\u00e6se politikkerne for beskyttelse af personlige oplysninger og antispam p\u00e5 alle hjemmesider, der indsamler personligt identificerbare oplysninger. Reykjavikexpress er ikke ansvarlig for dataindsamling eller brug af personlige oplysninger p\u00e5 nogen af de linkede sider.<\/p>\t\t\t\t\t\t\t\t<\/div>\n\t\t\t\t<\/div>\n\t\t\t\t\t<\/div>\n\t\t\t\t<\/div>\n\t\t\t\t<\/div>","protected":false},"excerpt":{"rendered":"<p>Fortrolighedspolitik Sidst opdateret: 25. maj 2018 Reykjavikexpress er forpligtet til at beskytte privatlivets fred for bes\u00f8gende p\u00e5 vores hjemmeside. Du har ret til at gennemse vores websted uden at give nogen personlige oplysninger. Reykjavikexpress er ogs\u00e5 forpligtet til at beskytte privatlivets fred for abonnenter p\u00e5 nyhedsbreve og dem, der giver os oplysninger, der giver os mulighed for at kontakte [...].<\/p>","protected":false},"author":1,"featured_media":0,"parent":0,"menu_order":0,"comment_status":"closed","ping_status":"closed","template":"elementor_header_footer","meta":{"footnotes":""},"class_list":["post-593","page","type-page","status-publish","hentry"],"_links":{"self":[{"href":"https:\/\/reykjavikexpress.webdev.is\/da\/wp-json\/wp\/v2\/pages\/593","targetHints":{"allow":["GET"]}}],"collection":[{"href":"https:\/\/reykjavikexpress.webdev.is\/da\/wp-json\/wp\/v2\/pages"}],"about":[{"href":"https:\/\/reykjavikexpress.webdev.is\/da\/wp-json\/wp\/v2\/types\/page"}],"author":[{"embeddable":true,"href":"https:\/\/reykjavikexpress.webdev.is\/da\/wp-json\/wp\/v2\/users\/1"}],"replies":[{"embeddable":true,"href":"https:\/\/reykjavikexpress.webdev.is\/da\/wp-json\/wp\/v2\/comments?post=593"}],"version-history":[{"count":13,"href":"https:\/\/reykjavikexpress.webdev.is\/da\/wp-json\/wp\/v2\/pages\/593\/revisions"}],"predecessor-version":[{"id":636,"href":"https:\/\/reykjavikexpress.webdev.is\/da\/wp-json\/wp\/v2\/pages\/593\/revisions\/636"}],"wp:attachment":[{"href":"https:\/\/reykjavikexpress.webdev.is\/da\/wp-json\/wp\/v2\/media?parent=593"}],"curies":[{"name":"wp","href":"https:\/\/api.w.org\/{rel}","templated":true}]}}