{"id":626,"date":"2025-03-04T10:19:20","date_gmt":"2025-03-04T10:19:20","guid":{"rendered":"https:\/\/reykjavikexpress.webdev.is\/?page_id=626"},"modified":"2025-03-04T10:20:33","modified_gmt":"2025-03-04T10:20:33","slug":"quality-policy","status":"publish","type":"page","link":"https:\/\/reykjavikexpress.webdev.is\/da\/quality-policy\/","title":{"rendered":"Kvalitetspolitik"},"content":{"rendered":"<div data-elementor-type=\"wp-page\" data-elementor-id=\"626\" class=\"elementor elementor-626\" data-elementor-post-type=\"page\">\n\t\t\t\t<div data-particle_enable=\"false\" data-particle-mobile-disabled=\"false\" class=\"elementor-element elementor-element-b925f28 e-flex e-con-boxed e-con e-parent\" data-id=\"b925f28\" data-element_type=\"container\">\n\t\t\t\t\t<div class=\"e-con-inner\">\n\t\t\t\t\t<\/div>\n\t\t\t\t<\/div>\n\t\t<div data-particle_enable=\"false\" data-particle-mobile-disabled=\"false\" class=\"elementor-element elementor-element-46f5198 e-flex e-con-boxed e-con e-parent\" data-id=\"46f5198\" data-element_type=\"container\">\n\t\t\t\t\t<div class=\"e-con-inner\">\n\t\t\t\t<div class=\"elementor-element elementor-element-eb3d4a9 elementor-widget elementor-widget-text-editor\" data-id=\"eb3d4a9\" data-element_type=\"widget\" data-widget_type=\"text-editor.default\">\n\t\t\t\t<div class=\"elementor-widget-container\">\n\t\t\t\t\t\t\t\t\t<h3>Kvalitetspolitik<\/h3><p>Reykjavikexpress har som m\u00e5l at give kunderne moderne k\u00f8ret\u00f8jer af h\u00f8j kvalitet og f\u00f8rsteklasses service. Virksomheden er forpligtet til at opretholde sin status som f\u00f8rende inden for kvalitetsstyring og vil altid s\u00f8ge m\u00e5der at forbedre og \u00f8ge kundeservicen p\u00e5.<\/p><p>Vi implementerer denne politik gennem f\u00f8lgende m\u00e5l:<\/p><p>Vi tilpasser os vores kunders behov og s\u00f8ger alle mulige m\u00e5der at opfylde deres \u00f8nsker p\u00e5.<\/p><p>Vi fokuserer p\u00e5 at tilbyde k\u00f8ret\u00f8jer af den h\u00f8jeste tilg\u00e6ngelige kvalitet.<\/p><p>Alle k\u00f8ret\u00f8jer gennemg\u00e5r inspektion i begyndelsen af hvert \u00e5r og vedligeholdes med regelm\u00e6ssige servicetjek.<\/p><p>Alle kundeklager vedr\u00f8rende service eller kvalitet vil blive dokumenteret og gennemg\u00e5et med det samme.<\/p><p>Der afholdes et \u00e5rligt kursus i kvalitetsstyring, som d\u00e6kker alle aspekter af kvalitetsstyring.<\/p><p>Chauff\u00f8rernes kvalitetsh\u00e5ndbog gennemg\u00e5s hvert \u00e5r og opdateres efter behov. Denne h\u00e5ndbog, som er tilg\u00e6ngelig i alle k\u00f8ret\u00f8jer, beskriver medarbejdernes ansvarsomr\u00e5der fra starten af en tur til dens afslutning sammen med virksomhedens politikker og andre n\u00f8dvendige oplysninger.<\/p><p>Vi arbejder i overensstemmelse med Belugas milj\u00f8-, sikkerheds- og kvalitetsstyringssystem.<\/p>\t\t\t\t\t\t\t\t<\/div>\n\t\t\t\t<\/div>\n\t\t\t\t\t<\/div>\n\t\t\t\t<\/div>\n\t\t\t\t<\/div>","protected":false},"excerpt":{"rendered":"<p>Kvalitetspolitik Reykjavikexpress har som m\u00e5l at give kunderne moderne k\u00f8ret\u00f8jer af h\u00f8j kvalitet og f\u00f8rsteklasses service. Virksomheden er forpligtet til at opretholde sin status som f\u00f8rende inden for kvalitetsstyring og vil altid s\u00f8ge m\u00e5der at forbedre og \u00f8ge kundeservicen p\u00e5. Vi implementerer denne politik gennem f\u00f8lgende m\u00e5l: Vi tilpasser os vores kunders behov og s\u00f8ger [...]<\/p>","protected":false},"author":1,"featured_media":0,"parent":0,"menu_order":0,"comment_status":"closed","ping_status":"closed","template":"elementor_header_footer","meta":{"footnotes":""},"class_list":["post-626","page","type-page","status-publish","hentry"],"_links":{"self":[{"href":"https:\/\/reykjavikexpress.webdev.is\/da\/wp-json\/wp\/v2\/pages\/626","targetHints":{"allow":["GET"]}}],"collection":[{"href":"https:\/\/reykjavikexpress.webdev.is\/da\/wp-json\/wp\/v2\/pages"}],"about":[{"href":"https:\/\/reykjavikexpress.webdev.is\/da\/wp-json\/wp\/v2\/types\/page"}],"author":[{"embeddable":true,"href":"https:\/\/reykjavikexpress.webdev.is\/da\/wp-json\/wp\/v2\/users\/1"}],"replies":[{"embeddable":true,"href":"https:\/\/reykjavikexpress.webdev.is\/da\/wp-json\/wp\/v2\/comments?post=626"}],"version-history":[{"count":7,"href":"https:\/\/reykjavikexpress.webdev.is\/da\/wp-json\/wp\/v2\/pages\/626\/revisions"}],"predecessor-version":[{"id":633,"href":"https:\/\/reykjavikexpress.webdev.is\/da\/wp-json\/wp\/v2\/pages\/626\/revisions\/633"}],"wp:attachment":[{"href":"https:\/\/reykjavikexpress.webdev.is\/da\/wp-json\/wp\/v2\/media?parent=626"}],"curies":[{"name":"wp","href":"https:\/\/api.w.org\/{rel}","templated":true}]}}