{"id":582,"date":"2025-02-27T15:58:54","date_gmt":"2025-02-27T15:58:54","guid":{"rendered":"https:\/\/reykjavikexpress.webdev.is\/?page_id=582"},"modified":"2025-03-04T10:21:24","modified_gmt":"2025-03-04T10:21:24","slug":"terms-and-conditions","status":"publish","type":"page","link":"https:\/\/reykjavikexpress.webdev.is\/de\/terms-and-conditions\/","title":{"rendered":"Bedingungen und Konditionen"},"content":{"rendered":"<div data-elementor-type=\"wp-page\" data-elementor-id=\"582\" class=\"elementor elementor-582\" data-elementor-post-type=\"page\">\n\t\t\t\t<div data-particle_enable=\"false\" data-particle-mobile-disabled=\"false\" class=\"elementor-element elementor-element-9361d71 e-flex e-con-boxed e-con e-parent\" data-id=\"9361d71\" data-element_type=\"container\">\n\t\t\t\t\t<div class=\"e-con-inner\">\n\t\t\t\t\t<\/div>\n\t\t\t\t<\/div>\n\t\t<div data-particle_enable=\"false\" data-particle-mobile-disabled=\"false\" class=\"elementor-element elementor-element-30a7793 e-flex e-con-boxed e-con e-parent\" data-id=\"30a7793\" data-element_type=\"container\">\n\t\t\t\t\t<div class=\"e-con-inner\">\n\t\t\t\t<div class=\"elementor-element elementor-element-f86c355 elementor-widget elementor-widget-text-editor\" data-id=\"f86c355\" data-element_type=\"widget\" data-widget_type=\"text-editor.default\">\n\t\t\t\t<div class=\"elementor-widget-container\">\n\t\t\t\t\t\t\t\t\t<h3>Bedingungen und Konditionen<\/h3>\n<p>Die Geb\u00fchrenkategorie richtet sich nach der tats\u00e4chlichen Gr\u00f6\u00dfe des Fahrzeugs, nicht nach der Anzahl der Fahrg\u00e4ste. Das bedeutet, dass das Gep\u00e4ck in den Kofferraum des Fahrzeugs passen muss. Wenn ein Anh\u00e4nger erforderlich ist, betr\u00e4gt die Geb\u00fchr daf\u00fcr 4.000 ISK pro Tag.<\/p>\n<p>An gesetzlichen Feiertagen wird ein Sonderzuschlag erhoben. Zu den Feiertagen geh\u00f6ren Neujahr, Karfreitag, Ostersonntag, Pfingsten, 17. Juni, Heiligabend, Weihnachtstag, Boxing Day und Silvester.<\/p>\n<p>Bei Fahrten au\u00dferhalb des regul\u00e4ren nationalen Stra\u00dfennetzes, auf Hochlandstra\u00dfen, die als F-Stra\u00dfen klassifiziert sind, sowie auf Kj\u00f6lur- und Kaldidalur-Routen wird ein Zuschlag f\u00fcr die gesamte Fahrt erhoben. Das Gleiche gilt, wenn ein 4\u00d74-Fahrzeug f\u00fcr die Reise angefordert wird.<\/p>\n<p>Der Mieter stellt dem Fahrer w\u00e4hrend der Fahrt unentgeltlich Verpflegung und Unterkunft zur Verf\u00fcgung.<\/p>\n<p>Auf Fahrten, bei denen keine Vollverpflegung (Fr\u00fchst\u00fcck, Mittag- und Abendessen) vorgesehen ist, erhalten die Fahrer eine Entsch\u00e4digung f\u00fcr \u00bd Verpflegung. Werden dem Fahrer keine Mahlzeiten zur Verf\u00fcgung gestellt, erh\u00e4lt er eine Entsch\u00e4digung gem\u00e4\u00df den Tagess\u00e4tzen des nationalen Reisekostenausschusses f\u00fcr Fahrer: 7.750 ISK f\u00fcr Halbpension und 15.500 ISK f\u00fcr Vollpension.<\/p>\n<p>Die Fahrer m\u00fcssen in einem Einzelzimmer mit einem gemachten Bett untergebracht werden. Erfolgt die Unterbringung in einer H\u00fctte, einem Zelt oder einem Schlafsack, muss der Fahrer mit 17.500 ISK pro Nacht entsch\u00e4digt werden.<\/p>\n<p>Die oben genannten Preise enthalten 11% Mehrwertsteuer.<\/p>\n<p>Alle Informationen werden mit einem Haftungsausschluss f\u00fcr Druckfehler ver\u00f6ffentlicht. Reykjavikexpress beh\u00e4lt sich das Recht vor, etwaige Berechnungs- oder Darstellungsfehler zu korrigieren. Alle Preise und Angebote werden auf der Grundlage des aktuellen Preisniveaus berechnet und unterliegen \u00c4nderungen der Wechselkurse und anderen Preis- und Steuer\u00e4nderungen, die au\u00dferhalb der Kontrolle von Reykjavikexpress liegen.<\/p>\t\t\t\t\t\t\t\t<\/div>\n\t\t\t\t<\/div>\n\t\t\t\t\t<\/div>\n\t\t\t\t<\/div>\n\t\t\t\t<\/div>","protected":false},"excerpt":{"rendered":"<p>Bedingungen Die Geb\u00fchrenkategorie richtet sich nach der tats\u00e4chlichen Gr\u00f6\u00dfe des Fahrzeugs, nicht nach der Anzahl der Fahrg\u00e4ste. Das bedeutet, dass das Gep\u00e4ck in den Kofferraum des Fahrzeugs passen muss. Wenn ein Anh\u00e4nger ben\u00f6tigt wird, betr\u00e4gt die Geb\u00fchr daf\u00fcr 4.000 ISK pro Tag. An Feiertagen wird ein Sonderzuschlag erhoben. [...]<\/p>","protected":false},"author":1,"featured_media":0,"parent":0,"menu_order":0,"comment_status":"closed","ping_status":"closed","template":"elementor_header_footer","meta":{"footnotes":""},"class_list":["post-582","page","type-page","status-publish","hentry"],"_links":{"self":[{"href":"https:\/\/reykjavikexpress.webdev.is\/de\/wp-json\/wp\/v2\/pages\/582","targetHints":{"allow":["GET"]}}],"collection":[{"href":"https:\/\/reykjavikexpress.webdev.is\/de\/wp-json\/wp\/v2\/pages"}],"about":[{"href":"https:\/\/reykjavikexpress.webdev.is\/de\/wp-json\/wp\/v2\/types\/page"}],"author":[{"embeddable":true,"href":"https:\/\/reykjavikexpress.webdev.is\/de\/wp-json\/wp\/v2\/users\/1"}],"replies":[{"embeddable":true,"href":"https:\/\/reykjavikexpress.webdev.is\/de\/wp-json\/wp\/v2\/comments?post=582"}],"version-history":[{"count":7,"href":"https:\/\/reykjavikexpress.webdev.is\/de\/wp-json\/wp\/v2\/pages\/582\/revisions"}],"predecessor-version":[{"id":639,"href":"https:\/\/reykjavikexpress.webdev.is\/de\/wp-json\/wp\/v2\/pages\/582\/revisions\/639"}],"wp:attachment":[{"href":"https:\/\/reykjavikexpress.webdev.is\/de\/wp-json\/wp\/v2\/media?parent=582"}],"curies":[{"name":"wp","href":"https:\/\/api.w.org\/{rel}","templated":true}]}}