{"id":584,"date":"2025-02-27T15:59:20","date_gmt":"2025-02-27T15:59:20","guid":{"rendered":"https:\/\/reykjavikexpress.webdev.is\/?page_id=584"},"modified":"2025-03-04T10:22:10","modified_gmt":"2025-03-04T10:22:10","slug":"environment-policy","status":"publish","type":"page","link":"https:\/\/reykjavikexpress.webdev.is\/de\/environment-policy\/","title":{"rendered":"Umweltpolitik"},"content":{"rendered":"<div data-elementor-type=\"wp-page\" data-elementor-id=\"584\" class=\"elementor elementor-584\" data-elementor-post-type=\"page\">\n\t\t\t\t<div data-particle_enable=\"false\" data-particle-mobile-disabled=\"false\" class=\"elementor-element elementor-element-b925f28 e-flex e-con-boxed e-con e-parent\" data-id=\"b925f28\" data-element_type=\"container\">\n\t\t\t\t\t<div class=\"e-con-inner\">\n\t\t\t\t\t<\/div>\n\t\t\t\t<\/div>\n\t\t<div data-particle_enable=\"false\" data-particle-mobile-disabled=\"false\" class=\"elementor-element elementor-element-46f5198 e-flex e-con-boxed e-con e-parent\" data-id=\"46f5198\" data-element_type=\"container\">\n\t\t\t\t\t<div class=\"e-con-inner\">\n\t\t\t\t<div class=\"elementor-element elementor-element-eb3d4a9 elementor-widget elementor-widget-text-editor\" data-id=\"eb3d4a9\" data-element_type=\"widget\" data-widget_type=\"text-editor.default\">\n\t\t\t\t<div class=\"elementor-widget-container\">\n\t\t\t\t\t\t\t\t\t<h3>Umweltpolitik<\/h3>\n<p>Reykjavikexpress setzt sich daf\u00fcr ein, dass die nat\u00fcrliche Umwelt Islands so rein und unber\u00fchrt wie m\u00f6glich bleibt. Unser Ziel ist es, einen qualitativ hochwertigen Service mit den neuesten und sichersten Fahrzeugen anzubieten und gleichzeitig zu gew\u00e4hrleisten, dass Umwelt- und Sicherheitsfragen bei allen unseren Aktivit\u00e4ten im Vordergrund stehen. Wir wollen in diesem Bereich f\u00fchrend sein und suchen die Zusammenarbeit mit Partnern, die Umweltfragen Priorit\u00e4t einr\u00e4umen und eine klare Strategie in dieser Hinsicht verfolgen.<\/p>\n<p>Wir setzen diese Politik durch die folgenden Ziele um:<\/p>\n<p><\/p>\n<p>Die Mitarbeiter sind \u00fcber die Umweltpolitik des Unternehmens und \u00fcber Umweltfragen im Allgemeinen informiert und geschult.<\/p>\n<p>Wir f\u00fchren j\u00e4hrlich Schulungen durch, die alle f\u00fcr unsere T\u00e4tigkeit relevanten Umweltaspekte abdecken.<\/p>\n<p>Wir bem\u00fchen uns, die neuesten und umweltfreundlichsten Reisebusse anzubieten. Heute erf\u00fcllen fast alle unsere Fahrzeuge die in Europa geltende Abgasnorm EURO III. Die neuesten Fahrzeuge erf\u00fcllen die noch strengeren Normen Euro IV und V.<\/p>\n<p>Die meisten unserer Reisebusse sind mit einer Wasserheizung (\u00d6lheizung) ausgestattet, mit der der Motor vor dem Anlassen auf 80 \u00b0C erw\u00e4rmt werden kann. Dies gew\u00e4hrleistet einen Warmstart und reduziert die Emissionen erheblich. Das Heizsystem ist in das K\u00fchlersystem des Fahrzeugs integriert, so dass die Kabine beheizt werden kann, ohne dass der Motor l\u00e4uft. Wir empfehlen nachdr\u00fccklich die Verwendung dieses Heizsystems, um den Leerlauf zu minimieren.<\/p>\n<p>Wir bem\u00fchen uns, die Abfallproduktion so weit wie m\u00f6glich zu minimieren und alle Gegenst\u00e4nde zu sortieren und zu recyceln, wo dies m\u00f6glich ist.<\/p>\n<p>Unser j\u00e4hrliches Umwelttraining umfasst sowohl theoretische als auch praktische Schulungen zu umweltfreundlichen Fahrtechniken f\u00fcr unsere Fahrer. Richtiges Fahrverhalten ist entscheidend f\u00fcr die Minimierung von Fahrzeugemissionen und Kraftstoffverbrauch.<\/p>\n<p>Wir legen Wert auf Sauberkeit und sind ein Vorbild f\u00fcr andere. Unsere Fahrzeuge sind gut gewartet, sauber und aufger\u00e4umt, und \u00d6l- und Filterwechsel werden planm\u00e4\u00dfig durchgef\u00fchrt, um die Emissionen zu begrenzen.<\/p>\n<p>Das gesamte Alt\u00f6l wird in einem unterirdischen Tank in unserer Werkstatt gesammelt. Dieser Tank wird regelm\u00e4\u00dfig geleert, und das \u00d6l wird so weit wie m\u00f6glich wiederverwendet. Wir ergreifen alle Ma\u00dfnahmen, um zu verhindern, dass Schadstoffe in die Kanalisation gelangen, und f\u00fcr den Fall eines Unfalls haben wir drei \u00d6labscheider an den Abfl\u00fcssen unserer Werkstatt.<\/p>\n<p>Wir bevorzugen die Verwendung von umweltfreundlichen Produkten. Wir sind bestrebt, Waren und Dienstleistungen von Lieferanten zu beziehen, die \u00fcber eine klare und vorzugsweise zertifizierte Umweltpolitik verf\u00fcgen.<\/p>\n<p>Umweltfragen gehen uns alle an. Es wird nie genug getan, und zu viele Aspekte unserer Gesellschaft schaden der Natur und damit auch uns. Wir befassen uns st\u00e4ndig mit diesen Fragen, denn es ist unsere Pflicht, f\u00fcr alle M\u00f6glichkeiten zur Verringerung der Umweltverschmutzung sensibel und offen zu sein. Wir verfolgen die Entwicklungen im Umweltbereich genau und bleiben in diesem Bereich wachsam.<\/p>\n<p><\/p>\n<p>Ziele<\/p>\n<p>Die Umweltpolitik wird j\u00e4hrlich aktualisiert und \u00fcberpr\u00fcft.<\/p>\n<p>Wir werden j\u00e4hrlich eine Schulung zu Fragen des Umwelt-, Sicherheits- und Qualit\u00e4tsmanagements, einschlie\u00dflich \u00f6kologischem Fahren und Erster Hilfe, durchf\u00fchren.<\/p>\n<p>Das Qualit\u00e4tshandbuch f\u00fcr Fahrer wird j\u00e4hrlich \u00fcberpr\u00fcft. Dieses Handbuch, das in allen Fahrzeugen des Unternehmens ausliegt, gibt einen \u00dcberblick \u00fcber die Unternehmensrichtlinien zu Umwelt-, Sicherheits- und Qualit\u00e4tsfragen.<\/p>\n<p>Besonderes Augenmerk wird auf den richtigen Einsatz von \u00d6lheizungen gelegt, um den Leerlauf zu minimieren und die Emissionen zu verringern.<\/p>\n<p>Wir werden weiterhin in allen Fahrzeugen und Einrichtungen des Unternehmens, einschlie\u00dflich Werkst\u00e4tten und B\u00fcros, nur umweltfreundliche Reinigungsmittel und Mikrofasert\u00fccher verwenden.<\/p>\n<p>Wir werden mindestens drei neue Busse mit Euro-V-Motoren anschaffen, der strengsten derzeit in Europa geltenden Abgasnorm.<\/p>\t\t\t\t\t\t\t\t<\/div>\n\t\t\t\t<\/div>\n\t\t\t\t\t<\/div>\n\t\t\t\t<\/div>\n\t\t\t\t<\/div>","protected":false},"excerpt":{"rendered":"<p>Umweltpolitik Reykjavikexpress setzt sich daf\u00fcr ein, dass die nat\u00fcrliche Umwelt Islands so rein und unber\u00fchrt wie m\u00f6glich bleibt. Unser Ziel ist es, einen qualitativ hochwertigen Service mit den neuesten und sichersten Fahrzeugen anzubieten und gleichzeitig zu gew\u00e4hrleisten, dass Umwelt- und Sicherheitsfragen bei allen unseren Aktivit\u00e4ten im Vordergrund stehen. Wir wollen in diesem Bereich f\u00fchrend sein, [...]<\/p>","protected":false},"author":1,"featured_media":0,"parent":0,"menu_order":0,"comment_status":"closed","ping_status":"closed","template":"elementor_header_footer","meta":{"footnotes":""},"class_list":["post-584","page","type-page","status-publish","hentry"],"_links":{"self":[{"href":"https:\/\/reykjavikexpress.webdev.is\/de\/wp-json\/wp\/v2\/pages\/584","targetHints":{"allow":["GET"]}}],"collection":[{"href":"https:\/\/reykjavikexpress.webdev.is\/de\/wp-json\/wp\/v2\/pages"}],"about":[{"href":"https:\/\/reykjavikexpress.webdev.is\/de\/wp-json\/wp\/v2\/types\/page"}],"author":[{"embeddable":true,"href":"https:\/\/reykjavikexpress.webdev.is\/de\/wp-json\/wp\/v2\/users\/1"}],"replies":[{"embeddable":true,"href":"https:\/\/reykjavikexpress.webdev.is\/de\/wp-json\/wp\/v2\/comments?post=584"}],"version-history":[{"count":7,"href":"https:\/\/reykjavikexpress.webdev.is\/de\/wp-json\/wp\/v2\/pages\/584\/revisions"}],"predecessor-version":[{"id":645,"href":"https:\/\/reykjavikexpress.webdev.is\/de\/wp-json\/wp\/v2\/pages\/584\/revisions\/645"}],"wp:attachment":[{"href":"https:\/\/reykjavikexpress.webdev.is\/de\/wp-json\/wp\/v2\/media?parent=584"}],"curies":[{"name":"wp","href":"https:\/\/api.w.org\/{rel}","templated":true}]}}