{"id":586,"date":"2025-02-27T15:59:39","date_gmt":"2025-02-27T15:59:39","guid":{"rendered":"https:\/\/reykjavikexpress.webdev.is\/?page_id=586"},"modified":"2025-03-04T10:21:46","modified_gmt":"2025-03-04T10:21:46","slug":"safety-policy","status":"publish","type":"page","link":"https:\/\/reykjavikexpress.webdev.is\/de\/safety-policy\/","title":{"rendered":"Sicherheitspolitik"},"content":{"rendered":"<div data-elementor-type=\"wp-page\" data-elementor-id=\"586\" class=\"elementor elementor-586\" data-elementor-post-type=\"page\">\n\t\t\t\t<div data-particle_enable=\"false\" data-particle-mobile-disabled=\"false\" class=\"elementor-element elementor-element-bed5ace e-flex e-con-boxed e-con e-parent\" data-id=\"bed5ace\" data-element_type=\"container\">\n\t\t\t\t\t<div class=\"e-con-inner\">\n\t\t\t\t\t<\/div>\n\t\t\t\t<\/div>\n\t\t<div data-particle_enable=\"false\" data-particle-mobile-disabled=\"false\" class=\"elementor-element elementor-element-eda0fa9 e-flex e-con-boxed e-con e-parent\" data-id=\"eda0fa9\" data-element_type=\"container\">\n\t\t\t\t\t<div class=\"e-con-inner\">\n\t\t\t\t<div class=\"elementor-element elementor-element-18b0b06 elementor-widget elementor-widget-text-editor\" data-id=\"18b0b06\" data-element_type=\"widget\" data-widget_type=\"text-editor.default\">\n\t\t\t\t<div class=\"elementor-widget-container\">\n\t\t\t\t\t\t\t\t\t<h3>Sicherheitspolitik<\/h3>\n<p>Die Mitarbeiter von Reykjavikexpress haben eine Sicherheitspolitik entwickelt und sich Ziele gesetzt, um zu gew\u00e4hrleisten, dass die Sicherheit und der Komfort der Fahrg\u00e4ste immer an erster Stelle stehen. Unsere Flotte besteht aus einigen der neuesten Fahrzeuge des Landes. Unser Ziel ist es, \u00fcber qualifizierte und zuverl\u00e4ssige Fahrer und moderne Fahrzeuge zu verf\u00fcgen und ein H\u00f6chstma\u00df an Sicherheit und Komfort zu gew\u00e4hrleisten.<\/p>\n<p>Die Fahrer:<\/p>\n<p>Der Fahrer ist der wichtigste Faktor f\u00fcr die Sicherheit. Qualifiziertes und zuverl\u00e4ssiges Personal, das jeder Situation gewachsen ist, ist unerl\u00e4sslich. Seit der Gr\u00fcndung des Unternehmens im Jahr 1969 haben wir hervorragende Mitarbeiter besch\u00e4ftigt, was zweifellos zu unserem langfristigen Erfolg beigetragen hat. Wir legen Wert auf Kompetenz, Zuverl\u00e4ssigkeit und bestm\u00f6gliche Ausbildung unserer Mitarbeiter.<\/p>\n<p>Vorbeugende Wartung:<\/p>\n<p>Unsere Werkstatt verf\u00fcgt \u00fcber erfahrene Techniker, die alle Wartungsarbeiten \u00fcberwachen. Wir legen Wert auf vorbeugende Wartung und f\u00fchren detaillierte Aufzeichnungen \u00fcber unsere Fahrzeuge, um eine optimale Kontrolle zu gew\u00e4hrleisten.<\/p>\n<p>Bremssystem:<\/p>\n<p>Nahezu alle unsere Reisebusse sind mit ABS-Bremssystemen ausgestattet, die die Sicherheit insbesondere bei N\u00e4sse oder Gl\u00e4tte deutlich erh\u00f6hen. Wir legen Wert darauf, dass die Fahrzeuge den Bedingungen entsprechend ausgestattet sind, z. B. mit geeigneten Reifen f\u00fcr winterliche Stra\u00dfen, einschlie\u00dflich Spikes oder Winterreifen.<\/p>\n<p>Sicherheitsgurte:<\/p>\n<p>Alle unsere Busse sind mit Sicherheitsgurten auf allen Pl\u00e4tzen ausgestattet, entweder mit Zweipunkt- oder Dreipunktgurten.<\/p>\n<p>Sicherheitsma\u00dfnahmen:<\/p>\n<p>Mit dieser Politik wollen wir systematisch daran arbeiten, die h\u00f6chsten Sicherheitsstandards aufrechtzuerhalten und Zwischenf\u00e4lle so weit wie m\u00f6glich zu minimieren. F\u00fcr die Fahrer findet j\u00e4hrlich eine Sicherheits- und Umweltschulung statt, in der diese Themen eingehend behandelt werden. Die Sicherheitsschulung umfasst eine zertifizierte Erste-Hilfe-Ausbildung und eine \u00dcberpr\u00fcfung der gesamten Sicherheitsausr\u00fcstung f\u00fcr Fahrer und Fahrg\u00e4ste. Diese Schulung ist eine feste j\u00e4hrliche Veranstaltung.<\/p>\t\t\t\t\t\t\t\t<\/div>\n\t\t\t\t<\/div>\n\t\t\t\t\t<\/div>\n\t\t\t\t<\/div>\n\t\t\t\t<\/div>","protected":false},"excerpt":{"rendered":"<p>Sicherheitspolitik Die Mitarbeiter von Reykjavikexpress haben eine Sicherheitspolitik entwickelt und sich Ziele gesetzt, um zu gew\u00e4hrleisten, dass die Sicherheit und der Komfort der Fahrg\u00e4ste immer an erster Stelle stehen. Unser Fuhrpark besteht aus einigen der neuesten Fahrzeuge des Landes. Unser Ziel ist es, \u00fcber qualifizierte und zuverl\u00e4ssige Fahrer und moderne Fahrzeuge zu verf\u00fcgen und ein H\u00f6chstma\u00df an Sicherheit und [...]<\/p>","protected":false},"author":1,"featured_media":0,"parent":0,"menu_order":0,"comment_status":"closed","ping_status":"closed","template":"elementor_header_footer","meta":{"footnotes":""},"class_list":["post-586","page","type-page","status-publish","hentry"],"_links":{"self":[{"href":"https:\/\/reykjavikexpress.webdev.is\/de\/wp-json\/wp\/v2\/pages\/586","targetHints":{"allow":["GET"]}}],"collection":[{"href":"https:\/\/reykjavikexpress.webdev.is\/de\/wp-json\/wp\/v2\/pages"}],"about":[{"href":"https:\/\/reykjavikexpress.webdev.is\/de\/wp-json\/wp\/v2\/types\/page"}],"author":[{"embeddable":true,"href":"https:\/\/reykjavikexpress.webdev.is\/de\/wp-json\/wp\/v2\/users\/1"}],"replies":[{"embeddable":true,"href":"https:\/\/reykjavikexpress.webdev.is\/de\/wp-json\/wp\/v2\/comments?post=586"}],"version-history":[{"count":7,"href":"https:\/\/reykjavikexpress.webdev.is\/de\/wp-json\/wp\/v2\/pages\/586\/revisions"}],"predecessor-version":[{"id":642,"href":"https:\/\/reykjavikexpress.webdev.is\/de\/wp-json\/wp\/v2\/pages\/586\/revisions\/642"}],"wp:attachment":[{"href":"https:\/\/reykjavikexpress.webdev.is\/de\/wp-json\/wp\/v2\/media?parent=586"}],"curies":[{"name":"wp","href":"https:\/\/api.w.org\/{rel}","templated":true}]}}