{"id":593,"date":"2025-02-27T16:06:17","date_gmt":"2025-02-27T16:06:17","guid":{"rendered":"https:\/\/reykjavikexpress.webdev.is\/?page_id=593"},"modified":"2025-03-04T10:20:58","modified_gmt":"2025-03-04T10:20:58","slug":"privacy-policy","status":"publish","type":"page","link":"https:\/\/reykjavikexpress.webdev.is\/de\/privacy-policy\/","title":{"rendered":"Datenschutzbestimmungen"},"content":{"rendered":"<div data-elementor-type=\"wp-page\" data-elementor-id=\"593\" class=\"elementor elementor-593\" data-elementor-post-type=\"page\">\n\t\t\t\t<div data-particle_enable=\"false\" data-particle-mobile-disabled=\"false\" class=\"elementor-element elementor-element-f869044 e-flex e-con-boxed e-con e-parent\" data-id=\"f869044\" data-element_type=\"container\">\n\t\t\t\t\t<div class=\"e-con-inner\">\n\t\t\t\t\t<\/div>\n\t\t\t\t<\/div>\n\t\t<div data-particle_enable=\"false\" data-particle-mobile-disabled=\"false\" class=\"elementor-element elementor-element-711251b e-flex e-con-boxed e-con e-parent\" data-id=\"711251b\" data-element_type=\"container\">\n\t\t\t\t\t<div class=\"e-con-inner\">\n\t\t\t\t<div class=\"elementor-element elementor-element-b0c2b2a elementor-widget elementor-widget-text-editor\" data-id=\"b0c2b2a\" data-element_type=\"widget\" data-widget_type=\"text-editor.default\">\n\t\t\t\t<div class=\"elementor-widget-container\">\n\t\t\t\t\t\t\t\t\t<h3><b>Datenschutzbestimmungen<\/b><\/h3>\n<p>Zuletzt aktualisiert: Mai 25, 2018<\/p>\n<p>Reykjavikexpress ist bestrebt, die Privatsph\u00e4re der Besucher unserer Website zu sch\u00fctzen. Sie haben das Recht, auf unserer Website zu surfen, ohne pers\u00f6nliche Daten anzugeben. Reykjavikexpress verpflichtet sich auch, die Privatsph\u00e4re der Abonnenten von Newslettern und derjenigen zu sch\u00fctzen, die uns Informationen zur Verf\u00fcgung stellen, damit wir sie kontaktieren k\u00f6nnen. Wenn Sie unsere Website besuchen, sich in eine Priorit\u00e4tenliste eintragen oder pers\u00f6nliche Daten in Formulare auf unserer Website eingeben, m\u00fcssen Sie pers\u00f6nliche Daten \u00fcber sich angeben. Wir sammeln auch Browsing-Informationen.<\/p>\n<p>Diese Datenschutzrichtlinie regelt die Erhebung, Verarbeitung und Nutzung Ihrer pers\u00f6nlichen Daten. Durch die Nutzung unserer Website erkl\u00e4ren Sie sich mit den in dieser Datenschutzrichtlinie beschriebenen Datenpraktiken einverstanden. Wenn Sie mit diesen Bedingungen nicht einverstanden sind, sollten Sie das Browsen einstellen und unsere Website, Produkte oder Dienstleistungen nicht nutzen.<\/p>\n<p>Wir aktualisieren diese Datenschutzrichtlinie regelm\u00e4\u00dfig, und wir empfehlen Ihnen, diese Seite regelm\u00e4\u00dfig zu besuchen und zu \u00fcberpr\u00fcfen. Wenn Sie auf einer unserer Mailinglisten stehen, werden Sie per E-Mail benachrichtigt, wenn sich diese Datenschutzrichtlinie \u00e4ndert.<\/p>\n<h4>\n<\/h4><h5>\n<h5><ol><li>Wichtige Informationen<\/li><\/ol><\/h5>\n<\/h5>\n\n<p>1.1. Wie Sie uns kontaktieren<\/p>\n<p>Wenn Sie Fragen zu unserer Datenschutzpolitik oder zum Umgang mit Ihren pers\u00f6nlichen Daten haben, senden Sie uns bitte eine E-Mail an gt@gtyrfingsson.is.<\/p>\n<p>1.2. Gibt Reykjavikexpress Ihre Informationen weiter?<\/p>\n<p>Reykjavikexpress vermietet oder verkauft keine pers\u00f6nlich identifizierbaren Informationen an Dritte.<\/p>\n<p>1.3. \u00c4nderungen der Datenschutzrichtlinie<\/p>\n<p>Alle \u00c4nderungen an dieser Datenschutzrichtlinie werden auf dieser Seite aktualisiert, und wir empfehlen jedem, diese Datenschutzrichtlinie regelm\u00e4\u00dfig zu lesen, um alle \u00c4nderungen zu \u00fcberpr\u00fcfen. Wenn wesentliche \u00c4nderungen an unserer Datenschutzrichtlinie vorgenommen werden, werden wir eine E-Mail-Benachrichtigung an alle unsere Abonnenten senden. Auf diese Weise k\u00f6nnen Sie sich dar\u00fcber informieren, welche Informationen wir sammeln, wie wir sie verwenden, wo wir sie sammeln und unter welchen Umst\u00e4nden wir sie gegebenenfalls weitergeben. Die fortgesetzte Nutzung unserer Website, unserer Abonnementdienste und\/oder die \u00dcbermittlung personenbezogener Daten an uns unterliegt der jeweils aktuellen Datenschutzrichtlinie.<\/p>\n<h5><ol start=\"2\"><li>Definitionen<\/li><\/ol><\/h5>\n<p>2.1. \"Sensible Informationen\"<\/p>\n<p>Dabei handelt es sich um Kreditkartendaten, pers\u00f6nliche Finanzinformationen (Kontostand), Ausweisnummern oder Informationen \u00fcber die geistige oder k\u00f6rperliche Gesundheit.<\/p>\n<p>2.2. \"Pers\u00f6nliche Informationen\"<\/p>\n<p>Dies bezieht sich auf alle Informationen, die Sie uns freiwillig \u00fcbermitteln und die Sie pers\u00f6nlich identifizieren, einschlie\u00dflich Kontaktinformationen wie Ihren Namen, Ihre E-Mail-Adresse, den Namen Ihres Unternehmens, Ihre Postanschrift, Ihre Telefonnummer oder andere Informationen \u00fcber Sie oder Ihr Unternehmen.<\/p>\n<p>Zu den personenbezogenen Daten k\u00f6nnen auch Informationen \u00fcber Transaktionen geh\u00f6ren, die Sie auf der Website eingeben, unabh\u00e4ngig davon, ob es sich um kostenlose oder kostenpflichtige Transaktionen handelt, sowie Informationen \u00fcber Sie, die im Internet verf\u00fcgbar sind, z. B. auf Facebook, Instagram, LinkedIn, Twitter und Google, oder andere \u00f6ffentlich zug\u00e4ngliche Informationen von unseren Dienstleistern.<\/p>\n<p>2.3. \"Browsing-Informationen\"<\/p>\n<p>Dies bezieht sich auf Informationen \u00fcber Ihr Surfverhalten, Cookies und Retargeting-Cookies. Ein Cookie ist eine Textdatei, die von einem Webserver auf Ihrer Festplatte abgelegt wird. Cookies werden nicht verwendet, um Programme auszuf\u00fchren oder Viren auf Ihren Computer zu \u00fcbertragen. Zu den Browsing-Informationen geh\u00f6ren auch Details \u00fcber Ihren Computer und Ihre Besuche auf dieser Website, wie Ihre IP-Adresse, Ihr geografischer Standort, der Browsertyp, die verweisende Website, die Dauer des Besuchs und die Anzahl der angesehenen Seiten. Cookies werden Ihnen eindeutig zugewiesen. Ein Hauptzweck von Cookies ist es, Ihnen das Surfen zu erleichtern und Zeit zu sparen. Ein Cookie dient dazu, den Webserver dar\u00fcber zu informieren, dass Sie zu einer bestimmten Seite zur\u00fcckgekehrt sind.<\/p>\n<p>Klicken Sie [hier] (Link nicht angegeben), um zu erfahren, wie Sie Cookies deaktivieren k\u00f6nnen.<\/p>\n<h5><ol start=\"3\"><li>Gesammelte Informationen<\/li><\/ol><\/h5>\n<p>3.1. Wenn Sie unsere Website besuchen<\/p>\n<p>Es steht Ihnen frei, unsere Website zu besuchen und zu durchsuchen, ohne pers\u00f6nliche Daten anzugeben. Wenn Sie jedoch unsere Website besuchen, sich f\u00fcr E-Mail-Listen, Dienste oder Abonnements anmelden, ben\u00f6tigen wir pers\u00f6nliche Daten. Wir sammeln auch Browsing-Informationen.<\/p>\n<p>3.2. Erhebung personenbezogener Daten<\/p>\n<p>Reykjavikexpress sammelt personenbezogene Daten, die von Besuchern zur Verf\u00fcgung gestellt werden, d. h. alle Informationen, die Sie uns freiwillig \u00fcbermitteln und die Sie pers\u00f6nlich identifizieren, wie z. B. Ihre E-Mail-Adresse, Ihre Postanschrift, Ihre Telefonnummer, Ihren Namen, Ihren Firmennamen oder andere Angaben zu Ihrer Person oder Ihrem Unternehmen. Zu den pers\u00f6nlichen Daten k\u00f6nnen auch (kostenlose oder kostenpflichtige) Transaktionen geh\u00f6ren, die Sie auf unserer Website eingeben, sowie Informationen \u00fcber Sie, die im Internet \u00f6ffentlich zug\u00e4nglich sind (z. B. Instagram, Facebook, Google, LinkedIn, Twitter) oder von unseren Servicepartnern bereitgestellt werden. Im Folgenden ist aufgelistet, wie wir pers\u00f6nliche Daten von Besuchern erfassen und welche Informationen wir sammeln:<\/p>\n<p>E-Mail-Newsletter<\/p>\n<p>Um sich f\u00fcr unsere E-Mail-Newsletter anzumelden, ben\u00f6tigen wir:<\/p>\n<p>(a) Name<\/p>\n<p>(b) E-Mail Adresse<\/p>\n<p>Diese Informationen sind notwendig, um unseren Newsletter zu erhalten. Reykjavikexpress verwendet Campaign Monitor zum Sammeln und Versenden von E-Mail-Newslettern. Sie k\u00f6nnen die Datenschutzrichtlinien hier lesen: [Datenschutzrichtlinie von Campaign Monitor] (Link nicht verf\u00fcgbar).<\/p>\n<p>Kontaktformulare<\/p>\n<p>Um mit uns in Kontakt zu treten, um eine Kommunikation jeglicher Art zu er\u00f6ffnen, Fragen zu beantworten usw., hat Reykjavikexpress verschiedene Formulare auf seiner Website, die unterschiedliche Informationen erfordern, obwohl die meisten danach fragen:<\/p>\n<p>(a) Name<\/p>\n<p>(b) E-Mail Adresse<\/p>\n<p>Damit Reykjavikexpress Ihnen antworten kann, ben\u00f6tigen wir diese Informationen.<\/p>\n<p>Online-Eink\u00e4ufe<\/p>\n<p>Wenn Sie ein Produkt oder eine Dienstleistung von Reykjavikexpress kaufen, verwenden wir ein E-Commerce-System eines Dritten. Sie k\u00f6nnen [hier] klicken (Link nicht angegeben), um die Datenschutzbestimmungen einzusehen. Wenn Sie Kreditkarteninformationen angeben, verwenden wir diese ausschlie\u00dflich zur \u00dcberpr\u00fcfung der Zahlungsf\u00e4higkeit und zur Abwicklung Ihrer Zahlung. F\u00fcr die Bearbeitung von Kartentransaktionen und den Abschluss von Zahlungen beauftragen wir einen Drittanbieter. Sie k\u00f6nnen deren Bedingungen hier einsehen: [Borgun-Bedingungen] (Link nicht angegeben). Die Transaktionen sind durch SSL-Verschl\u00fcsselung gesichert, und Kreditkarteninformationen werden niemals per E-Mail versandt. Die Kreditkartendaten werden regelm\u00e4\u00dfig aus unserem System gel\u00f6scht.<\/p>\n<h5><ol start=\"4\"><li>Wie wir die von uns gesammelten Informationen verwenden<\/li><\/ol><\/h5>\n<p>4.1. Verwendung personenbezogener Informationen<\/p>\n<p>Die von Reykjavikexpress gesammelten pers\u00f6nlichen Daten werden in erster Linie f\u00fcr den Zweck verwendet, f\u00fcr den sie gesammelt wurden: zur Verteilung von Dokumenten und zum Versand von E-Mail-Newslettern. Reykjavikexpress kann Ihre Daten auch f\u00fcr die folgenden Zwecke verwenden:<\/p>\n<p>Um Sie \u00fcber neue Produkte, Dienstleistungen oder Informationen zu informieren, die Sie interessieren k\u00f6nnten.<\/p>\n<p>Zum Versenden von Werbematerial.<\/p>\n<p>Zur Zusammenstellung von Informationen mit den Daten anderer Abonnenten, um die Wirksamkeit unseres Marketings zu bewerten und allgemeine demografische Daten zu analysieren.<\/p>\n<p>Reykjavikexpress kann sich mit Ihnen in Verbindung setzen, um Umfragen zu versenden und Daten zu analysieren, um Einblicke in Muster in Bezug auf die Branche, Produkte, Dienstleistungen oder andere gesch\u00e4ftsbezogene Bereiche zu gewinnen.<\/p>\n<p>Zus\u00e4tzlich zu den an anderer Stelle in dieser Datenschutzrichtlinie genannten Verwendungszwecken k\u00f6nnen wir personenbezogene Daten verwenden, um:<\/p>\n<p>(a) Ihnen Informationen, von denen wir glauben, dass sie Sie interessieren k\u00f6nnten, per Post, E-Mail oder \u00fcber andere Kan\u00e4le zusenden;<\/p>\n<p>(b) Ihr Surferlebnis zu verbessern, indem wir die Website personalisieren und unsere Dienste verbessern;<\/p>\n<p>(c) Ihnen Marketing-Materialien in Bezug auf unser Unternehmen oder sorgf\u00e4ltig ausgew\u00e4hlte Dritte zu senden, von denen wir glauben, dass sie f\u00fcr Sie von Interesse sein k\u00f6nnten;<\/p>\n<p>(d) anderen Unternehmen statistische Informationen \u00fcber unsere Nutzer zur Verf\u00fcgung zu stellen - diese Daten werden jedoch niemals zur Identifizierung einzelner Nutzer verwendet.<\/p>\n<p>Wir k\u00f6nnen Ihre Kontaktinformationen nutzen, um Sie im Namen unserer Partner \u00fcber Sonderangebote zu informieren, die Sie interessieren k\u00f6nnten. In solchen F\u00e4llen werden wir Ihre personenbezogenen Daten nicht an Dritte weitergeben. Dar\u00fcber hinaus k\u00f6nnen wir Daten an vertrauensw\u00fcrdige Partner weitergeben, um Sie auf der Grundlage Ihrer Informationsanfragen zu kontaktieren, um uns bei der Durchf\u00fchrung statistischer Analysen zu unterst\u00fctzen oder um Supportleistungen zu erbringen. Diesen Dritten ist es untersagt, Ihre pers\u00f6nlichen Daten zu verwenden, es sei denn, um diese Dienstleistungen zu erbringen, und sie sind verpflichtet, die Vertraulichkeit Ihrer Daten zu wahren.<\/p>\n<p>4.2. Neuausrichtung<\/p>\n<p>Reykjavikexpress verwendet Retargeting unter Verwendung von Cookies und Konversionspixeln von Anbietern wie Pinterest, LinkedIn, Google, Facebook, Instagram und Twitter, um Ihnen \u00fcber das Google Display-Netzwerk und soziale Medienplattformen gezielte Anzeigen und Marketinginhalte zu unseren Produkten oder Dienstleistungen zu zeigen. M\u00f6glicherweise sehen Sie Anzeigen von uns, wenn Sie unsere Website besuchen. Wir verwenden auch benutzerdefinierte Zielgruppen, die auf den E-Mail-Adressen unserer Abonnenten und Kunden basieren, damit wir Ihnen auf Facebook und anderen Social-Media-Kan\u00e4len Werbung und Angebote zu unseren Produkten und Dienstleistungen zeigen k\u00f6nnen. Keine pers\u00f6nlich identifizierbaren Informationen werden f\u00fcr einen anderen Zweck als die Bereitstellung spezifischer Inhalte von uns verwendet.<\/p>\n<p>LinkedIn: Abmeldung von LinkedIn Retargeting [hier].<\/p>\n<p>Facebook: Abmeldung von Facebook Retargeting [hier].<\/p>\n<p>Twitter: Abmeldung von Twitter Retargeting [hier].<\/p>\n<p>Pinterest: Abmeldung von Pinterest Retargeting [hier].<\/p>\n<p>Google: Abmeldung von Google Retargeting [hier].<\/p>\n<p>Wir verwenden Browsing-Informationen zur Verwaltung und Verbesserung unserer Website und Dienstleistungen. Wir k\u00f6nnen Browsing-Informationen auch allein oder in Kombination mit pers\u00f6nlichen Daten verwenden, um Ihnen personalisierte Informationen \u00fcber Reykjavikexpress zu liefern.<\/p>\n<p>Reykjavikexpress und seine Partner verwenden Cookies und \u00e4hnliche Technologien f\u00fcr die Analyse, die Verwaltung der Website, die Verfolgung der Nutzer und die Erfassung demografischer Daten in aggregierter Form.<\/p>\n<p>Sie k\u00f6nnen w\u00e4hlen, ob Sie Cookies akzeptieren oder ablehnen. Die meisten Webbrowser akzeptieren Cookies automatisch, aber Sie k\u00f6nnen die Einstellungen Ihres Browsers in der Regel so \u00e4ndern, dass Sie Cookies ablehnen, wenn Sie dies w\u00fcnschen.<\/p>\n<p>4.3. Anti-Spam-Politik<\/p>\n<p>Reykjavikexpress sendet E-Mails nur an Benutzer, die ausdr\u00fccklich darum gebeten haben, E-Mails von uns zu erhalten. Reykjavikexpress lehnt Spam strikt ab und sendet Ihnen nur Nachrichten, von denen wir glauben, dass sie f\u00fcr Sie von Interesse sein k\u00f6nnten. Beispiele hierf\u00fcr sind:<\/p>\n<p>Melden Sie sich f\u00fcr unsere Newsletter-Liste an.<\/p>\n<p>F\u00fcllen Sie eines unserer Kontaktformulare aus.<\/p>\n<p>Alle Mitteilungen beziehen sich auf den Kontext, in dem Sie Ihre Informationen zur Verf\u00fcgung gestellt haben.<\/p>\n<p>Reykjavikexpress nutzt einen Dritten, um unseren Newsletter zu speichern und zu versenden.<\/p>\n<p>4.4. Externe Links<\/p>\n<p>Diese Website enth\u00e4lt Links zu anderen Websites. Bitte beachten Sie, dass Reykjavikexpress nicht f\u00fcr die Datenschutzrichtlinien oder den Inhalt dieser Seiten verantwortlich ist. Wir empfehlen unseren Nutzern, beim Verlassen unserer Website die Datenschutz- und Anti-Spam-Richtlinien jeder Website, die personenbezogene Daten sammelt, zu lesen. Reykjavikexpress ist nicht verantwortlich f\u00fcr die Datenerfassung oder die Verwendung personenbezogener Daten auf verlinkten Websites.<\/p>\t\t\t\t\t\t\t\t<\/div>\n\t\t\t\t<\/div>\n\t\t\t\t\t<\/div>\n\t\t\t\t<\/div>\n\t\t\t\t<\/div>","protected":false},"excerpt":{"rendered":"<p>Datenschutzbestimmungen Zuletzt aktualisiert: Mai 25, 2018 Reykjavikexpress verpflichtet sich, die Privatsph\u00e4re der Besucher unserer Website zu sch\u00fctzen. Sie haben das Recht, auf unserer Website zu surfen, ohne pers\u00f6nliche Daten anzugeben. Reykjavikexpress verpflichtet sich auch, die Privatsph\u00e4re der Newsletter-Abonnenten und derjenigen zu sch\u00fctzen, die uns Informationen zur Verf\u00fcgung stellen, die es uns erm\u00f6glichen, [...]<\/p>","protected":false},"author":1,"featured_media":0,"parent":0,"menu_order":0,"comment_status":"closed","ping_status":"closed","template":"elementor_header_footer","meta":{"footnotes":""},"class_list":["post-593","page","type-page","status-publish","hentry"],"_links":{"self":[{"href":"https:\/\/reykjavikexpress.webdev.is\/de\/wp-json\/wp\/v2\/pages\/593","targetHints":{"allow":["GET"]}}],"collection":[{"href":"https:\/\/reykjavikexpress.webdev.is\/de\/wp-json\/wp\/v2\/pages"}],"about":[{"href":"https:\/\/reykjavikexpress.webdev.is\/de\/wp-json\/wp\/v2\/types\/page"}],"author":[{"embeddable":true,"href":"https:\/\/reykjavikexpress.webdev.is\/de\/wp-json\/wp\/v2\/users\/1"}],"replies":[{"embeddable":true,"href":"https:\/\/reykjavikexpress.webdev.is\/de\/wp-json\/wp\/v2\/comments?post=593"}],"version-history":[{"count":13,"href":"https:\/\/reykjavikexpress.webdev.is\/de\/wp-json\/wp\/v2\/pages\/593\/revisions"}],"predecessor-version":[{"id":636,"href":"https:\/\/reykjavikexpress.webdev.is\/de\/wp-json\/wp\/v2\/pages\/593\/revisions\/636"}],"wp:attachment":[{"href":"https:\/\/reykjavikexpress.webdev.is\/de\/wp-json\/wp\/v2\/media?parent=593"}],"curies":[{"name":"wp","href":"https:\/\/api.w.org\/{rel}","templated":true}]}}