{"id":626,"date":"2025-03-04T10:19:20","date_gmt":"2025-03-04T10:19:20","guid":{"rendered":"https:\/\/reykjavikexpress.webdev.is\/?page_id=626"},"modified":"2025-03-04T10:20:33","modified_gmt":"2025-03-04T10:20:33","slug":"quality-policy","status":"publish","type":"page","link":"https:\/\/reykjavikexpress.webdev.is\/de\/quality-policy\/","title":{"rendered":"Qualit\u00e4tspolitik"},"content":{"rendered":"<div data-elementor-type=\"wp-page\" data-elementor-id=\"626\" class=\"elementor elementor-626\" data-elementor-post-type=\"page\">\n\t\t\t\t<div data-particle_enable=\"false\" data-particle-mobile-disabled=\"false\" class=\"elementor-element elementor-element-b925f28 e-flex e-con-boxed e-con e-parent\" data-id=\"b925f28\" data-element_type=\"container\">\n\t\t\t\t\t<div class=\"e-con-inner\">\n\t\t\t\t\t<\/div>\n\t\t\t\t<\/div>\n\t\t<div data-particle_enable=\"false\" data-particle-mobile-disabled=\"false\" class=\"elementor-element elementor-element-46f5198 e-flex e-con-boxed e-con e-parent\" data-id=\"46f5198\" data-element_type=\"container\">\n\t\t\t\t\t<div class=\"e-con-inner\">\n\t\t\t\t<div class=\"elementor-element elementor-element-eb3d4a9 elementor-widget elementor-widget-text-editor\" data-id=\"eb3d4a9\" data-element_type=\"widget\" data-widget_type=\"text-editor.default\">\n\t\t\t\t<div class=\"elementor-widget-container\">\n\t\t\t\t\t\t\t\t\t<h3>Qualit\u00e4tspolitik<\/h3><p>Reykjavikexpress hat sich zum Ziel gesetzt, seinen Kunden moderne, qualitativ hochwertige Fahrzeuge und erstklassigen Service zu bieten. Das Unternehmen ist bestrebt, seinen Status als f\u00fchrendes Unternehmen im Qualit\u00e4tsmanagement beizubehalten, und wird stets nach M\u00f6glichkeiten suchen, den Kundenservice zu verbessern und auszubauen.<\/p><p>Wir setzen diese Politik durch die folgenden Ziele um:<\/p><p>Wir stellen uns auf die Bed\u00fcrfnisse unserer Kunden ein und suchen nach allen m\u00f6glichen Wegen, um ihre W\u00fcnsche zu erf\u00fcllen.<\/p><p>Wir konzentrieren uns darauf, Fahrzeuge von h\u00f6chster Qualit\u00e4t anzubieten.<\/p><p>Alle Fahrzeuge werden zu Beginn eines jeden Jahres einer Inspektion unterzogen und durch regelm\u00e4\u00dfige Servicekontrollen gewartet.<\/p><p>Alle Kundenbeschwerden, die sich auf den Service oder die Qualit\u00e4t beziehen, werden dokumentiert und unverz\u00fcglich \u00fcberpr\u00fcft.<\/p><p>J\u00e4hrlich findet eine Qualit\u00e4tsmanagement-Schulung statt, die alle Aspekte des Qualit\u00e4tsmanagements abdeckt.<\/p><p>Das Qualit\u00e4tshandbuch f\u00fcr Fahrer wird j\u00e4hrlich \u00fcberpr\u00fcft und bei Bedarf aktualisiert. In diesem Handbuch, das in allen Fahrzeugen ausliegt, sind die Verantwortlichkeiten der Mitarbeiter vom Beginn bis zum Ende einer Fahrt sowie die Unternehmensrichtlinien und andere notwendige Informationen aufgef\u00fchrt.<\/p><p>Wir arbeiten in \u00dcbereinstimmung mit dem Beluga Umwelt-, Sicherheits- und Qualit\u00e4tsmanagementsystem.<\/p>\t\t\t\t\t\t\t\t<\/div>\n\t\t\t\t<\/div>\n\t\t\t\t\t<\/div>\n\t\t\t\t<\/div>\n\t\t\t\t<\/div>","protected":false},"excerpt":{"rendered":"<p>Qualit\u00e4tspolitik Reykjavikexpress hat sich zum Ziel gesetzt, seinen Kunden moderne, qualitativ hochwertige Fahrzeuge und erstklassigen Service zu bieten. Das Unternehmen ist bestrebt, seinen Status als f\u00fchrendes Unternehmen im Qualit\u00e4tsmanagement aufrechtzuerhalten und wird stets nach M\u00f6glichkeiten zur Verbesserung und Steigerung des Kundenservices suchen. Wir setzen diese Politik durch die folgenden Ziele um: Wir passen uns den Bed\u00fcrfnissen unserer Kunden an und suchen [...]<\/p>","protected":false},"author":1,"featured_media":0,"parent":0,"menu_order":0,"comment_status":"closed","ping_status":"closed","template":"elementor_header_footer","meta":{"footnotes":""},"class_list":["post-626","page","type-page","status-publish","hentry"],"_links":{"self":[{"href":"https:\/\/reykjavikexpress.webdev.is\/de\/wp-json\/wp\/v2\/pages\/626","targetHints":{"allow":["GET"]}}],"collection":[{"href":"https:\/\/reykjavikexpress.webdev.is\/de\/wp-json\/wp\/v2\/pages"}],"about":[{"href":"https:\/\/reykjavikexpress.webdev.is\/de\/wp-json\/wp\/v2\/types\/page"}],"author":[{"embeddable":true,"href":"https:\/\/reykjavikexpress.webdev.is\/de\/wp-json\/wp\/v2\/users\/1"}],"replies":[{"embeddable":true,"href":"https:\/\/reykjavikexpress.webdev.is\/de\/wp-json\/wp\/v2\/comments?post=626"}],"version-history":[{"count":7,"href":"https:\/\/reykjavikexpress.webdev.is\/de\/wp-json\/wp\/v2\/pages\/626\/revisions"}],"predecessor-version":[{"id":633,"href":"https:\/\/reykjavikexpress.webdev.is\/de\/wp-json\/wp\/v2\/pages\/626\/revisions\/633"}],"wp:attachment":[{"href":"https:\/\/reykjavikexpress.webdev.is\/de\/wp-json\/wp\/v2\/media?parent=626"}],"curies":[{"name":"wp","href":"https:\/\/api.w.org\/{rel}","templated":true}]}}