{"id":582,"date":"2025-02-27T15:58:54","date_gmt":"2025-02-27T15:58:54","guid":{"rendered":"https:\/\/reykjavikexpress.webdev.is\/?page_id=582"},"modified":"2025-03-04T10:21:24","modified_gmt":"2025-03-04T10:21:24","slug":"terms-and-conditions","status":"publish","type":"page","link":"https:\/\/reykjavikexpress.webdev.is\/es\/terms-and-conditions\/","title":{"rendered":"Condiciones generales"},"content":{"rendered":"<div data-elementor-type=\"wp-page\" data-elementor-id=\"582\" class=\"elementor elementor-582\" data-elementor-post-type=\"page\">\n\t\t\t\t<div data-particle_enable=\"false\" data-particle-mobile-disabled=\"false\" class=\"elementor-element elementor-element-9361d71 e-flex e-con-boxed e-con e-parent\" data-id=\"9361d71\" data-element_type=\"container\">\n\t\t\t\t\t<div class=\"e-con-inner\">\n\t\t\t\t\t<\/div>\n\t\t\t\t<\/div>\n\t\t<div data-particle_enable=\"false\" data-particle-mobile-disabled=\"false\" class=\"elementor-element elementor-element-30a7793 e-flex e-con-boxed e-con e-parent\" data-id=\"30a7793\" data-element_type=\"container\">\n\t\t\t\t\t<div class=\"e-con-inner\">\n\t\t\t\t<div class=\"elementor-element elementor-element-f86c355 elementor-widget elementor-widget-text-editor\" data-id=\"f86c355\" data-element_type=\"widget\" data-widget_type=\"text-editor.default\">\n\t\t\t\t<div class=\"elementor-widget-container\">\n\t\t\t\t\t\t\t\t\t<h3>Condiciones generales<\/h3>\n<p>La categor\u00eda de la tasa se basar\u00e1 en el tama\u00f1o real del veh\u00edculo, no en el n\u00famero de pasajeros. Esto significa que el equipaje debe caber en el maletero del veh\u00edculo. Si se necesita un remolque, la tasa por \u00e9l es de 4.000 ISK por d\u00eda.<\/p>\n<p>Los d\u00edas festivos se aplica un recargo especial. Los d\u00edas festivos incluyen A\u00f1o Nuevo, Viernes Santo, Domingo de Pascua, Pentecost\u00e9s, 17 de junio, Nochebuena, Navidad, Boxing Day y Nochevieja.<\/p>\n<p>Cuando se conduce fuera de la red nacional de carreteras regulares, en carreteras de monta\u00f1a clasificadas como carreteras F, as\u00ed como en las rutas Kj\u00f6lur y Kaldidalur, se aplica un cargo adicional a todo el viaje. Lo mismo se aplica si se solicita un veh\u00edculo 4\u00d74 para el viaje.<\/p>\n<p>El arrendatario proporcionar\u00e1 al conductor comida y alojamiento durante el viaje sin coste alguno para \u00e9l.<\/p>\n<p>En los viajes en los que no se proporcione pensi\u00f3n completa (desayuno, almuerzo y cena), se compensar\u00e1 a los conductores por \u00bd pensi\u00f3n. Si no se proporcionan comidas al conductor, se le compensar\u00e1 de acuerdo con las tarifas de dietas para conductores del comit\u00e9 nacional de gastos de viaje: 7.750 ISK para media pensi\u00f3n y 15.500 ISK para pensi\u00f3n completa.<\/p>\n<p>Los conductores se alojar\u00e1n en una habitaci\u00f3n individual con cama hecha. Si el alojamiento es en albergue, tienda de campa\u00f1a o saco de dormir, el conductor deber\u00e1 ser compensado con 17.500 ISK por noche.<\/p>\n<p>Los precios anteriores incluyen el IVA 11%.<\/p>\n<p>Toda la informaci\u00f3n se publica con una cl\u00e1usula de exenci\u00f3n de responsabilidad por errores de impresi\u00f3n. Reykjavikexpress se reserva el derecho de corregir cualquier error de c\u00e1lculo o de presentaci\u00f3n. Todos los precios y ofertas se calculan en base a los niveles de precios actuales y est\u00e1n sujetos a cambios en los tipos de cambio de divisas y otros cambios de precios e impuestos fuera del control de Reykjavikexpress.<\/p>\t\t\t\t\t\t\t\t<\/div>\n\t\t\t\t<\/div>\n\t\t\t\t\t<\/div>\n\t\t\t\t<\/div>\n\t\t\t\t<\/div>","protected":false},"excerpt":{"rendered":"<p>Condiciones La categor\u00eda de la tarifa se basar\u00e1 en el tama\u00f1o real del veh\u00edculo, no en el n\u00famero de pasajeros. Esto significa que el equipaje debe caber en el maletero del veh\u00edculo. Si se necesita un remolque, la tarifa por el mismo es de 4.000 ISK por d\u00eda. Los d\u00edas festivos se aplica un recargo especial. [...]<\/p>","protected":false},"author":1,"featured_media":0,"parent":0,"menu_order":0,"comment_status":"closed","ping_status":"closed","template":"elementor_header_footer","meta":{"footnotes":""},"class_list":["post-582","page","type-page","status-publish","hentry"],"_links":{"self":[{"href":"https:\/\/reykjavikexpress.webdev.is\/es\/wp-json\/wp\/v2\/pages\/582","targetHints":{"allow":["GET"]}}],"collection":[{"href":"https:\/\/reykjavikexpress.webdev.is\/es\/wp-json\/wp\/v2\/pages"}],"about":[{"href":"https:\/\/reykjavikexpress.webdev.is\/es\/wp-json\/wp\/v2\/types\/page"}],"author":[{"embeddable":true,"href":"https:\/\/reykjavikexpress.webdev.is\/es\/wp-json\/wp\/v2\/users\/1"}],"replies":[{"embeddable":true,"href":"https:\/\/reykjavikexpress.webdev.is\/es\/wp-json\/wp\/v2\/comments?post=582"}],"version-history":[{"count":7,"href":"https:\/\/reykjavikexpress.webdev.is\/es\/wp-json\/wp\/v2\/pages\/582\/revisions"}],"predecessor-version":[{"id":639,"href":"https:\/\/reykjavikexpress.webdev.is\/es\/wp-json\/wp\/v2\/pages\/582\/revisions\/639"}],"wp:attachment":[{"href":"https:\/\/reykjavikexpress.webdev.is\/es\/wp-json\/wp\/v2\/media?parent=582"}],"curies":[{"name":"wp","href":"https:\/\/api.w.org\/{rel}","templated":true}]}}