{"id":584,"date":"2025-02-27T15:59:20","date_gmt":"2025-02-27T15:59:20","guid":{"rendered":"https:\/\/reykjavikexpress.webdev.is\/?page_id=584"},"modified":"2025-03-04T10:22:10","modified_gmt":"2025-03-04T10:22:10","slug":"environment-policy","status":"publish","type":"page","link":"https:\/\/reykjavikexpress.webdev.is\/es\/environment-policy\/","title":{"rendered":"Pol\u00edtica medioambiental"},"content":{"rendered":"<div data-elementor-type=\"wp-page\" data-elementor-id=\"584\" class=\"elementor elementor-584\" data-elementor-post-type=\"page\">\n\t\t\t\t<div data-particle_enable=\"false\" data-particle-mobile-disabled=\"false\" class=\"elementor-element elementor-element-b925f28 e-flex e-con-boxed e-con e-parent\" data-id=\"b925f28\" data-element_type=\"container\">\n\t\t\t\t\t<div class=\"e-con-inner\">\n\t\t\t\t\t<\/div>\n\t\t\t\t<\/div>\n\t\t<div data-particle_enable=\"false\" data-particle-mobile-disabled=\"false\" class=\"elementor-element elementor-element-46f5198 e-flex e-con-boxed e-con e-parent\" data-id=\"46f5198\" data-element_type=\"container\">\n\t\t\t\t\t<div class=\"e-con-inner\">\n\t\t\t\t<div class=\"elementor-element elementor-element-eb3d4a9 elementor-widget elementor-widget-text-editor\" data-id=\"eb3d4a9\" data-element_type=\"widget\" data-widget_type=\"text-editor.default\">\n\t\t\t\t<div class=\"elementor-widget-container\">\n\t\t\t\t\t\t\t\t\t<h3>Pol\u00edtica medioambiental<\/h3>\n<p>Reykjavikexpress se compromete a garantizar que el entorno natural de Islandia se mantenga lo m\u00e1s puro y virgen posible. Nuestra pol\u00edtica es ofrecer un servicio de alta calidad con los veh\u00edculos m\u00e1s nuevos y seguros disponibles, garantizando al mismo tiempo que las cuestiones medioambientales y de seguridad est\u00e9n en primera l\u00ednea en todas nuestras operaciones. Aspiramos a ser l\u00edderes en este campo, buscando la colaboraci\u00f3n con socios que den prioridad a las cuestiones medioambientales y tengan una estrategia clara al respecto.<\/p>\n<p>Aplicamos esta pol\u00edtica a trav\u00e9s de los siguientes objetivos:<\/p>\n<p><\/p>\n<p>Los empleados son conscientes de la pol\u00edtica medioambiental de la empresa y de las cuestiones medioambientales en general, y reciben formaci\u00f3n al respecto.<\/p>\n<p>Organizamos sesiones de formaci\u00f3n anuales que cubren todos los aspectos medioambientales relevantes para nuestras operaciones.<\/p>\n<p>Nos esforzamos por ofrecer los autocares m\u00e1s nuevos y ecol\u00f3gicos del mercado. En la actualidad, casi todos nuestros veh\u00edculos cumplen la norma de emisiones EURO III aplicable en Europa. Los veh\u00edculos m\u00e1s nuevos cumplen las normas Euro IV y V, a\u00fan m\u00e1s estrictas.<\/p>\n<p>La mayor\u00eda de nuestros autocares est\u00e1n equipados con calefacci\u00f3n por agua (calentadores de aceite), lo que permite calentar el motor hasta 80 \u00b0C antes de arrancar. Esto garantiza un arranque en caliente, reduciendo significativamente las emisiones. El sistema de calefacci\u00f3n est\u00e1 integrado en el sistema de radiadores del veh\u00edculo, lo que permite calentar la cabina sin que el motor est\u00e9 en marcha. Hacemos especial hincapi\u00e9 en el uso de este sistema de calefacci\u00f3n para minimizar el ralent\u00ed.<\/p>\n<p>Nos esforzamos por minimizar la producci\u00f3n de residuos en la medida de lo posible y por clasificar y reciclar todos los art\u00edculos siempre que sea factible.<\/p>\n<p>Nuestra formaci\u00f3n medioambiental anual incluye formaci\u00f3n te\u00f3rica y pr\u00e1ctica sobre t\u00e9cnicas de conducci\u00f3n ecol\u00f3gica para nuestros conductores. Unos h\u00e1bitos de conducci\u00f3n adecuados son esenciales para minimizar las emisiones de los veh\u00edculos y el consumo de combustible.<\/p>\n<p>Hacemos hincapi\u00e9 en la limpieza y en dar ejemplo a los dem\u00e1s. Nuestros veh\u00edculos est\u00e1n bien mantenidos, limpios y ordenados, y los cambios de aceite y filtro se realizan seg\u00fan lo previsto para limitar las emisiones.<\/p>\n<p>Todo el aceite usado se recoge en un dep\u00f3sito subterr\u00e1neo en nuestro taller. Este dep\u00f3sito se vac\u00eda peri\u00f3dicamente y el aceite se reutiliza en la medida de lo posible. Tomamos todas las medidas posibles para evitar que los contaminantes entren en los desag\u00fces y, en caso de accidente, tenemos tres sifones de aceite en los desag\u00fces de nuestro taller.<\/p>\n<p>Damos prioridad al uso de productos respetuosos con el medio ambiente. Nuestro objetivo es adquirir bienes y servicios de proveedores que tengan una pol\u00edtica medioambiental clara y preferiblemente certificada.<\/p>\n<p>Las cuestiones medioambientales nos preocupan a todos. Nunca se hace lo suficiente, y demasiados aspectos de nuestra sociedad perjudican a la naturaleza y, en consecuencia, a nosotros. Revisamos continuamente estas cuestiones porque es nuestro deber permanecer atentos y abiertos a todas las formas de reducir la contaminaci\u00f3n. Seguimos de cerca la evoluci\u00f3n del medio ambiente y nos mantenemos alerta en este \u00e1mbito.<\/p>\n<p><\/p>\n<p>Objetivos<\/p>\n<p>La pol\u00edtica medioambiental se actualizar\u00e1 y revisar\u00e1 anualmente.<\/p>\n<p>Organizaremos una sesi\u00f3n anual de formaci\u00f3n sobre temas de gesti\u00f3n medioambiental, seguridad y calidad, incluida la ecoconducci\u00f3n y los primeros auxilios.<\/p>\n<p>El manual de calidad de los conductores se revisar\u00e1 anualmente. Este manual est\u00e1 disponible en todos los veh\u00edculos de la empresa y en \u00e9l se describen las pol\u00edticas de la empresa en materia de medio ambiente, seguridad y calidad.<\/p>\n<p>Se prestar\u00e1 especial atenci\u00f3n al uso correcto de los calentadores de aceite para minimizar el ralent\u00ed y reducir las emisiones.<\/p>\n<p>Seguiremos utilizando \u00fanicamente productos de limpieza ecol\u00f3gicos y pa\u00f1os de microfibra en todos los veh\u00edculos e instalaciones de la empresa, incluidos talleres y oficinas.<\/p>\n<p>Adquiriremos al menos tres autobuses nuevos equipados con motores Euro V, la norma de emisiones m\u00e1s estricta actualmente en vigor en Europa.<\/p>\t\t\t\t\t\t\t\t<\/div>\n\t\t\t\t<\/div>\n\t\t\t\t\t<\/div>\n\t\t\t\t<\/div>\n\t\t\t\t<\/div>","protected":false},"excerpt":{"rendered":"<p>Pol\u00edtica medioambiental Reykjavikexpress se compromete a garantizar que el entorno natural de Islandia se mantenga lo m\u00e1s puro y virgen posible. Nuestra pol\u00edtica consiste en ofrecer un servicio de alta calidad con los veh\u00edculos m\u00e1s nuevos y seguros disponibles, garantizando al mismo tiempo que las cuestiones medioambientales y de seguridad est\u00e9n a la vanguardia de todas nuestras operaciones. Aspiramos a ser l\u00edderes en este campo, [...]<\/p>","protected":false},"author":1,"featured_media":0,"parent":0,"menu_order":0,"comment_status":"closed","ping_status":"closed","template":"elementor_header_footer","meta":{"footnotes":""},"class_list":["post-584","page","type-page","status-publish","hentry"],"_links":{"self":[{"href":"https:\/\/reykjavikexpress.webdev.is\/es\/wp-json\/wp\/v2\/pages\/584","targetHints":{"allow":["GET"]}}],"collection":[{"href":"https:\/\/reykjavikexpress.webdev.is\/es\/wp-json\/wp\/v2\/pages"}],"about":[{"href":"https:\/\/reykjavikexpress.webdev.is\/es\/wp-json\/wp\/v2\/types\/page"}],"author":[{"embeddable":true,"href":"https:\/\/reykjavikexpress.webdev.is\/es\/wp-json\/wp\/v2\/users\/1"}],"replies":[{"embeddable":true,"href":"https:\/\/reykjavikexpress.webdev.is\/es\/wp-json\/wp\/v2\/comments?post=584"}],"version-history":[{"count":7,"href":"https:\/\/reykjavikexpress.webdev.is\/es\/wp-json\/wp\/v2\/pages\/584\/revisions"}],"predecessor-version":[{"id":645,"href":"https:\/\/reykjavikexpress.webdev.is\/es\/wp-json\/wp\/v2\/pages\/584\/revisions\/645"}],"wp:attachment":[{"href":"https:\/\/reykjavikexpress.webdev.is\/es\/wp-json\/wp\/v2\/media?parent=584"}],"curies":[{"name":"wp","href":"https:\/\/api.w.org\/{rel}","templated":true}]}}