{"id":586,"date":"2025-02-27T15:59:39","date_gmt":"2025-02-27T15:59:39","guid":{"rendered":"https:\/\/reykjavikexpress.webdev.is\/?page_id=586"},"modified":"2025-03-04T10:21:46","modified_gmt":"2025-03-04T10:21:46","slug":"safety-policy","status":"publish","type":"page","link":"https:\/\/reykjavikexpress.webdev.is\/es\/safety-policy\/","title":{"rendered":"Pol\u00edtica de seguridad"},"content":{"rendered":"<div data-elementor-type=\"wp-page\" data-elementor-id=\"586\" class=\"elementor elementor-586\" data-elementor-post-type=\"page\">\n\t\t\t\t<div data-particle_enable=\"false\" data-particle-mobile-disabled=\"false\" class=\"elementor-element elementor-element-bed5ace e-flex e-con-boxed e-con e-parent\" data-id=\"bed5ace\" data-element_type=\"container\">\n\t\t\t\t\t<div class=\"e-con-inner\">\n\t\t\t\t\t<\/div>\n\t\t\t\t<\/div>\n\t\t<div data-particle_enable=\"false\" data-particle-mobile-disabled=\"false\" class=\"elementor-element elementor-element-eda0fa9 e-flex e-con-boxed e-con e-parent\" data-id=\"eda0fa9\" data-element_type=\"container\">\n\t\t\t\t\t<div class=\"e-con-inner\">\n\t\t\t\t<div class=\"elementor-element elementor-element-18b0b06 elementor-widget elementor-widget-text-editor\" data-id=\"18b0b06\" data-element_type=\"widget\" data-widget_type=\"text-editor.default\">\n\t\t\t\t<div class=\"elementor-widget-container\">\n\t\t\t\t\t\t\t\t\t<h3>Pol\u00edtica de seguridad<\/h3>\n<p>Los empleados de Reykjavikexpress han establecido una pol\u00edtica de seguridad y fijado objetivos para garantizar que la seguridad y el confort de los pasajeros sean siempre una prioridad absoluta. Nuestra flota est\u00e1 formada por algunos de los veh\u00edculos m\u00e1s nuevos del pa\u00eds. Nuestro objetivo es contar con conductores cualificados y fiables, veh\u00edculos modernos y garantizar la m\u00e1xima seguridad y comodidad.<\/p>\n<p>Conductores:<\/p>\n<p>El conductor es el factor m\u00e1s crucial para la seguridad. Contar con personal cualificado y fiable que pueda hacer frente a cualquier situaci\u00f3n es esencial. Desde la fundaci\u00f3n de la empresa en 1969, hemos empleado a personal excepcional, lo que sin duda ha contribuido a nuestro \u00e9xito a largo plazo. Hacemos hincapi\u00e9 en la competencia de los empleados, su fiabilidad y la mejor formaci\u00f3n posible.<\/p>\n<p>Mantenimiento preventivo:<\/p>\n<p>Nuestro taller cuenta con t\u00e9cnicos experimentados que supervisan todo el mantenimiento. Damos prioridad al mantenimiento preventivo y mantenemos registros detallados de nuestros veh\u00edculos para una supervisi\u00f3n \u00f3ptima.<\/p>\n<p>Sistema de frenado:<\/p>\n<p>Casi todos nuestros autocares est\u00e1n equipados con sistemas de frenado ABS, que mejoran significativamente la seguridad, especialmente en condiciones de lluvia o hielo. Hacemos hincapi\u00e9 en equipar los veh\u00edculos de forma adecuada a las condiciones, por ejemplo con neum\u00e1ticos apropiados para las carreteras de invierno, incluidos neum\u00e1ticos con clavos o de invierno.<\/p>\n<p>Cinturones de seguridad:<\/p>\n<p>Todos nuestros autocares est\u00e1n equipados con cinturones de seguridad en todos los asientos, ya sean de dos o de tres puntos.<\/p>\n<p>Medidas de seguridad:<\/p>\n<p>Nuestro objetivo con esta pol\u00edtica es trabajar sistem\u00e1ticamente para mantener los m\u00e1s altos niveles de seguridad y minimizar al m\u00e1ximo los incidentes. Todos los a\u00f1os se imparte a los conductores un curso de formaci\u00f3n sobre seguridad y medio ambiente en el que se tratan estos temas en profundidad. El curso de seguridad incluye formaci\u00f3n certificada en primeros auxilios y una revisi\u00f3n de todos los equipos de seguridad a disposici\u00f3n de conductores y pasajeros. Esta formaci\u00f3n es un evento anual fijo.<\/p>\t\t\t\t\t\t\t\t<\/div>\n\t\t\t\t<\/div>\n\t\t\t\t\t<\/div>\n\t\t\t\t<\/div>\n\t\t\t\t<\/div>","protected":false},"excerpt":{"rendered":"<p>Pol\u00edtica de seguridad Los empleados de Reykjavikexpress han establecido una pol\u00edtica de seguridad y fijado objetivos para garantizar que la seguridad y el confort de los pasajeros sean siempre una prioridad absoluta. Nuestra flota est\u00e1 formada por algunos de los veh\u00edculos m\u00e1s nuevos del pa\u00eds. Nuestro objetivo es contar con conductores cualificados y fiables, veh\u00edculos modernos y garantizar la m\u00e1xima seguridad y [...]<\/p>","protected":false},"author":1,"featured_media":0,"parent":0,"menu_order":0,"comment_status":"closed","ping_status":"closed","template":"elementor_header_footer","meta":{"footnotes":""},"class_list":["post-586","page","type-page","status-publish","hentry"],"_links":{"self":[{"href":"https:\/\/reykjavikexpress.webdev.is\/es\/wp-json\/wp\/v2\/pages\/586","targetHints":{"allow":["GET"]}}],"collection":[{"href":"https:\/\/reykjavikexpress.webdev.is\/es\/wp-json\/wp\/v2\/pages"}],"about":[{"href":"https:\/\/reykjavikexpress.webdev.is\/es\/wp-json\/wp\/v2\/types\/page"}],"author":[{"embeddable":true,"href":"https:\/\/reykjavikexpress.webdev.is\/es\/wp-json\/wp\/v2\/users\/1"}],"replies":[{"embeddable":true,"href":"https:\/\/reykjavikexpress.webdev.is\/es\/wp-json\/wp\/v2\/comments?post=586"}],"version-history":[{"count":7,"href":"https:\/\/reykjavikexpress.webdev.is\/es\/wp-json\/wp\/v2\/pages\/586\/revisions"}],"predecessor-version":[{"id":642,"href":"https:\/\/reykjavikexpress.webdev.is\/es\/wp-json\/wp\/v2\/pages\/586\/revisions\/642"}],"wp:attachment":[{"href":"https:\/\/reykjavikexpress.webdev.is\/es\/wp-json\/wp\/v2\/media?parent=586"}],"curies":[{"name":"wp","href":"https:\/\/api.w.org\/{rel}","templated":true}]}}