{"id":593,"date":"2025-02-27T16:06:17","date_gmt":"2025-02-27T16:06:17","guid":{"rendered":"https:\/\/reykjavikexpress.webdev.is\/?page_id=593"},"modified":"2025-03-04T10:20:58","modified_gmt":"2025-03-04T10:20:58","slug":"privacy-policy","status":"publish","type":"page","link":"https:\/\/reykjavikexpress.webdev.is\/es\/privacy-policy\/","title":{"rendered":"Pol\u00edtica de privacidad"},"content":{"rendered":"<div data-elementor-type=\"wp-page\" data-elementor-id=\"593\" class=\"elementor elementor-593\" data-elementor-post-type=\"page\">\n\t\t\t\t<div data-particle_enable=\"false\" data-particle-mobile-disabled=\"false\" class=\"elementor-element elementor-element-f869044 e-flex e-con-boxed e-con e-parent\" data-id=\"f869044\" data-element_type=\"container\">\n\t\t\t\t\t<div class=\"e-con-inner\">\n\t\t\t\t\t<\/div>\n\t\t\t\t<\/div>\n\t\t<div data-particle_enable=\"false\" data-particle-mobile-disabled=\"false\" class=\"elementor-element elementor-element-711251b e-flex e-con-boxed e-con e-parent\" data-id=\"711251b\" data-element_type=\"container\">\n\t\t\t\t\t<div class=\"e-con-inner\">\n\t\t\t\t<div class=\"elementor-element elementor-element-b0c2b2a elementor-widget elementor-widget-text-editor\" data-id=\"b0c2b2a\" data-element_type=\"widget\" data-widget_type=\"text-editor.default\">\n\t\t\t\t<div class=\"elementor-widget-container\">\n\t\t\t\t\t\t\t\t\t<h3><b>Pol\u00edtica de privacidad<\/b><\/h3>\n<p>\u00daltima actualizaci\u00f3n: 25 de mayo de 2018<\/p>\n<p>Reykjavikexpress se compromete a proteger la privacidad de los visitantes de nuestro sitio web. Tienes derecho a navegar por nuestro sitio sin proporcionar ninguna informaci\u00f3n personal. Reykjavikexpress tambi\u00e9n se compromete a proteger la privacidad de los suscriptores del bolet\u00edn de noticias y de aquellos que nos proporcionan informaci\u00f3n que nos permite ponernos en contacto con ellos. Cuando visitas nuestro sitio web, te suscribes a una lista prioritaria o introduces informaci\u00f3n personal en cualquier formulario de nuestro sitio web, te pedimos que proporciones informaci\u00f3n personal sobre ti. Tambi\u00e9n recopilamos informaci\u00f3n de navegaci\u00f3n.<\/p>\n<p>La presente Pol\u00edtica de Privacidad regula la recogida, tratamiento y uso de sus datos personales. Al utilizar nuestro sitio web, usted acepta las pr\u00e1cticas relativas a los datos descritas en esta Pol\u00edtica de Privacidad. Si no est\u00e1 de acuerdo con estos t\u00e9rminos, debe interrumpir la navegaci\u00f3n y abstenerse de utilizar nuestro sitio web, productos o servicios.<\/p>\n<p>Actualizamos regularmente esta Pol\u00edtica de Privacidad, por lo que le aconsejamos que visite esta p\u00e1gina y la revise peri\u00f3dicamente. Si est\u00e1 inscrito en alguna de nuestras listas de correo, se le notificar\u00e1 por correo electr\u00f3nico cuando cambie esta Pol\u00edtica de Privacidad.<\/p>\n<h4>\n<\/h4><h5>\n<h5><ol><li>Informaci\u00f3n importante<\/li><\/ol><\/h5>\n<\/h5>\n\n<p>1.1. C\u00f3mo ponerse en contacto con nosotros<\/p>\n<p>Si tiene alguna pregunta sobre nuestra Pol\u00edtica de privacidad o sobre el tratamiento de sus datos personales, env\u00edenos un correo electr\u00f3nico a gt@gtyrfingsson.is.<\/p>\n<p>1.2. \u00bfComparte Reykjavikexpress su informaci\u00f3n?<\/p>\n<p>Reykjavikexpress no alquila ni vende informaci\u00f3n personal identificable a terceros.<\/p>\n<p>1.3. Cambios en la pol\u00edtica de privacidad<\/p>\n<p>Cualquier cambio en esta Pol\u00edtica de Privacidad se actualizar\u00e1 en esta p\u00e1gina, y animamos a todo el mundo a consultar esta Pol\u00edtica de Privacidad con regularidad para revisar cualquier cambio. Si se introducen cambios significativos en nuestra Pol\u00edtica de Privacidad, enviaremos una notificaci\u00f3n por correo electr\u00f3nico a todos nuestros suscriptores. Esto le ayudar\u00e1 a mantenerse informado sobre la informaci\u00f3n que recopilamos, c\u00f3mo la utilizamos, d\u00f3nde la recopilamos y bajo qu\u00e9 circunstancias, en su caso, se divulga. El uso continuado de nuestro sitio web, los servicios de suscripci\u00f3n y\/o el suministro de informaci\u00f3n personal a nosotros estar\u00e1n sujetos a la Pol\u00edtica de Privacidad vigente en ese momento.<\/p>\n<h5><ol start=\"2\"><li>Definiciones<\/li><\/ol><\/h5>\n<p>2.1. \"Informaci\u00f3n sensible<\/p>\n<p>Se trata de datos de tarjetas de cr\u00e9dito, informaci\u00f3n financiera personal (estado de cuentas bancarias), n\u00fameros de DNI o informaci\u00f3n sobre salud mental o f\u00edsica.<\/p>\n<p>2.2. \"Informaci\u00f3n personal<\/p>\n<p>Se refiere a cualquier informaci\u00f3n que nos env\u00ede voluntariamente y que le identifique personalmente, incluidos datos de contacto como su nombre, direcci\u00f3n de correo electr\u00f3nico, nombre de la empresa, direcci\u00f3n postal, n\u00famero de tel\u00e9fono o cualquier otra informaci\u00f3n sobre usted o su empresa.<\/p>\n<p>La informaci\u00f3n personal tambi\u00e9n puede incluir informaci\u00f3n sobre transacciones -gratuitas o de pago- que usted introduzca en el sitio web, as\u00ed como informaci\u00f3n sobre usted disponible en Internet, por ejemplo en Facebook, Instagram, LinkedIn, Twitter y Google, u otra informaci\u00f3n disponible p\u00fablicamente de nuestros proveedores de servicios.<\/p>\n<p>2.3. \"Informaci\u00f3n de navegaci\u00f3n\"<\/p>\n<p>Se trata de informaci\u00f3n sobre su comportamiento de navegaci\u00f3n, cookies y cookies de reorientaci\u00f3n. Una cookie es un archivo de texto colocado en su disco duro por un servidor web. Las cookies no se utilizan para ejecutar programas o enviar virus a su ordenador. La informaci\u00f3n de navegaci\u00f3n tambi\u00e9n incluye detalles sobre su ordenador y sus visitas a este sitio web, como su direcci\u00f3n IP, ubicaci\u00f3n geogr\u00e1fica, tipo de navegador, sitio de referencia, duraci\u00f3n de la visita y n\u00famero de p\u00e1ginas visitadas. Las cookies se le asignan a usted de forma exclusiva. Uno de los principales objetivos de las cookies es proporcionarle una experiencia de navegaci\u00f3n m\u00e1s c\u00f3moda y ahorrarle tiempo. El prop\u00f3sito de una cookie es informar al servidor web de que usted ha regresado a una p\u00e1gina espec\u00edfica.<\/p>\n<p>Haga clic [aqu\u00ed] (enlace no proporcionado) para obtener informaci\u00f3n sobre c\u00f3mo desactivar las cookies.<\/p>\n<h5><ol start=\"3\"><li>Informaci\u00f3n que recopilamos<\/li><\/ol><\/h5>\n<p>3.1. Cuando visite nuestro sitio web<\/p>\n<p>Usted es libre de visitar y navegar por nuestro sitio web sin proporcionar informaci\u00f3n personal. Sin embargo, cuando visita nuestro sitio web o se suscribe a listas de correo electr\u00f3nico, servicios o suscripciones, le pedimos informaci\u00f3n personal. Tambi\u00e9n recopilamos informaci\u00f3n de navegaci\u00f3n.<\/p>\n<p>3.2. Recogida de datos personales<\/p>\n<p>Reykjavikexpress recopila informaci\u00f3n de identificaci\u00f3n personal proporcionada por los visitantes, que se refiere a cualquier informaci\u00f3n que usted nos env\u00ede voluntariamente y que le identifique personalmente, como su direcci\u00f3n de correo electr\u00f3nico, direcci\u00f3n postal, n\u00famero de tel\u00e9fono, nombre, nombre de la empresa o cualquier otro detalle sobre usted o su empresa. La informaci\u00f3n personal tambi\u00e9n puede incluir transacciones (gratuitas o de pago) que introduzca en nuestro sitio web, as\u00ed como informaci\u00f3n sobre usted disponible p\u00fablicamente en Internet (por ejemplo, Instagram, Facebook, Google, LinkedIn, Twitter) o proporcionada por nuestros socios de servicios. A continuaci\u00f3n encontrar\u00e1 una lista de c\u00f3mo recopilamos informaci\u00f3n personal de los visitantes y qu\u00e9 informaci\u00f3n recogemos:<\/p>\n<p>Boletines por correo electr\u00f3nico<\/p>\n<p>Para suscribirse a nuestros boletines por correo electr\u00f3nico, necesitamos:<\/p>\n<p>(a) Nombre<\/p>\n<p>(b) Direcci\u00f3n de correo electr\u00f3nico<\/p>\n<p>Esta informaci\u00f3n es necesaria para recibir nuestro bolet\u00edn de noticias. Reykjavikexpress utiliza Campaign Monitor para recopilar y enviar boletines por correo electr\u00f3nico. Puedes leer su pol\u00edtica de privacidad aqu\u00ed: [Pol\u00edtica de privacidad de Campaign Monitor] (enlace no proporcionado).<\/p>\n<p>Formularios de contacto<\/p>\n<p>Para ponerse en contacto con nosotros con el fin de abrir una comunicaci\u00f3n de cualquier tipo, responder a preguntas, etc., Reykjavikexpress dispone de varios formularios en su p\u00e1gina web que requieren distinta informaci\u00f3n, aunque la mayor\u00eda la solicitan:<\/p>\n<p>(a) Nombre<\/p>\n<p>(b) Direcci\u00f3n de correo electr\u00f3nico<\/p>\n<p>Para que Reykjavikexpress pueda responderle, necesitamos esta informaci\u00f3n.<\/p>\n<p>Compras en l\u00ednea<\/p>\n<p>Cuando compras un producto o servicio de Reykjavikexpress, utilizamos un sistema de comercio electr\u00f3nico de terceros. Puede hacer clic [aqu\u00ed] (enlace no proporcionado) para ver su pol\u00edtica de privacidad. Si proporcionas informaci\u00f3n de tu tarjeta de cr\u00e9dito, la utilizamos \u00fanicamente para verificar la capacidad de pago y para procesar tu pago. Utilizamos un tercero para procesar las transacciones con tarjeta y finalizar los pagos. Puede consultar sus condiciones aqu\u00ed: [Borgun Terms] (enlace no proporcionado). Las transacciones est\u00e1n protegidas con encriptaci\u00f3n SSL y la informaci\u00f3n de las tarjetas de cr\u00e9dito nunca se env\u00eda por correo electr\u00f3nico. Los datos de las tarjetas de cr\u00e9dito se eliminan peri\u00f3dicamente de nuestro sistema.<\/p>\n<h5><ol start=\"4\"><li>C\u00f3mo utilizamos la informaci\u00f3n que recopilamos<\/li><\/ol><\/h5>\n<p>4.1. Uso de la informaci\u00f3n personal<\/p>\n<p>La informaci\u00f3n personal recopilada por Reykjavikexpress se utiliza principalmente para el fin con el que se recopil\u00f3: distribuir documentos y enviar boletines informativos por correo electr\u00f3nico. Reykjavikexpress tambi\u00e9n puede utilizar su informaci\u00f3n para lo siguiente:<\/p>\n<p>Para informarle de nuevos productos, servicios o informaci\u00f3n que puedan interesarle.<\/p>\n<p>Para enviar material promocional.<\/p>\n<p>Compilar informaci\u00f3n con los datos de otros abonados para evaluar la eficacia de nuestro marketing y analizar datos demogr\u00e1ficos generales.<\/p>\n<p>Reykjavikexpress puede ponerse en contacto con usted para enviarle encuestas y analizar datos para obtener informaci\u00f3n sobre patrones relacionados con la industria, productos, servicios u otras \u00e1reas relacionadas con el negocio.<\/p>\n<p>Adem\u00e1s de los usos mencionados en otras partes de esta Pol\u00edtica de Privacidad, podemos utilizar la informaci\u00f3n personal para:<\/p>\n<p>(a) enviarle informaci\u00f3n que consideremos que pueda interesarle por correo postal, correo electr\u00f3nico u otros canales;<\/p>\n<p>(b) mejorar su experiencia de navegaci\u00f3n personalizando el sitio web y mejorando nuestros servicios;<\/p>\n<p>(c) enviarle material de marketing relacionado con nuestra empresa o con terceros cuidadosamente seleccionados que consideremos puedan ser de su inter\u00e9s;<\/p>\n<p>(d) proporcionar a otras empresas informaci\u00f3n estad\u00edstica sobre nuestros usuarios, aunque estos datos nunca se utilizar\u00e1n para identificar a usuarios individuales.<\/p>\n<p>Podemos utilizar la informaci\u00f3n de contacto para ponernos en contacto con usted en nombre de nuestros socios en relaci\u00f3n con ofertas especiales que creemos que pueden interesarle. En tales casos, no transferiremos su informaci\u00f3n personal identificable a terceros. Adem\u00e1s, podemos compartir datos con socios de confianza para ponernos en contacto con usted en funci\u00f3n de su solicitud de informaci\u00f3n, para ayudarnos a realizar an\u00e1lisis estad\u00edsticos o para prestar servicios de asistencia. Estos terceros tienen prohibido utilizar su informaci\u00f3n personal excepto para prestar estos servicios, y est\u00e1n obligados a mantener la confidencialidad de su informaci\u00f3n.<\/p>\n<p>4.2. Retargeting<\/p>\n<p>Reykjavikexpress utiliza retargeting, utilizando cookies y p\u00edxeles de conversi\u00f3n de proveedores como Pinterest, LinkedIn, Google, Facebook, Instagram y Twitter, para mostrarle anuncios dirigidos y contenido de marketing sobre nuestros productos o servicios a trav\u00e9s de la Red de Display de Google y plataformas de medios sociales. Es posible que vea anuncios nuestros como resultado de su visita a nuestro sitio web. Tambi\u00e9n utilizamos audiencias personalizadas basadas en las direcciones de correo electr\u00f3nico de nuestros suscriptores y clientes, lo que nos permite mostrarle nuestros anuncios y ofertas relacionados con nuestros productos o servicios en Facebook y otros canales de medios sociales. No se utiliza informaci\u00f3n personal identificable para ning\u00fan otro fin que no sea el de ofrecer contenidos espec\u00edficos nuestros.<\/p>\n<p>LinkedIn: Opte por no participar en el retargeting de LinkedIn [aqu\u00ed].<\/p>\n<p>Facebook: Opt out of Facebook retargeting [aqu\u00ed].<\/p>\n<p>Twitter: Opte por no participar en el retargeting de Twitter [aqu\u00ed].<\/p>\n<p>Pinterest: Exclusi\u00f3n voluntaria del retargeting de Pinterest [aqu\u00ed].<\/p>\n<p>Google: Inhabilitaci\u00f3n del retargeting de Google [aqu\u00ed].<\/p>\n<p>Utilizamos la informaci\u00f3n de navegaci\u00f3n para administrar y mejorar nuestro sitio web y nuestros servicios. Tambi\u00e9n podemos utilizar la informaci\u00f3n de navegaci\u00f3n sola o combinada con informaci\u00f3n personal para proporcionarle informaci\u00f3n personalizada sobre Reykjavikexpress.<\/p>\n<p>Reykjavikexpress y sus socios utilizan cookies y tecnolog\u00edas similares para an\u00e1lisis, administraci\u00f3n del sitio, seguimiento de usuarios y recopilaci\u00f3n de informaci\u00f3n demogr\u00e1fica en conjunto.<\/p>\n<p>Puede aceptar o rechazar las cookies. La mayor\u00eda de los navegadores aceptan autom\u00e1ticamente las cookies, pero usted puede modificar la configuraci\u00f3n de su navegador para rechazarlas si lo prefiere.<\/p>\n<p>4.3. Pol\u00edtica antispam<\/p>\n<p>Reykjavikexpress s\u00f3lo enviar\u00e1 correos electr\u00f3nicos a los usuarios que hayan solicitado expl\u00edcitamente recibir correos electr\u00f3nicos nuestros. Reykjavikexpress se opone firmemente al spam y s\u00f3lo te enviar\u00e1 mensajes que creamos que puedan ser de tu inter\u00e9s. Algunos ejemplos son:<\/p>\n<p>Suscr\u00edbase a nuestra lista de boletines.<\/p>\n<p>Rellenando uno de nuestros formularios de informaci\u00f3n de contacto.<\/p>\n<p>Todas las comunicaciones ser\u00e1n pertinentes en el contexto en el que usted facilit\u00f3 su informaci\u00f3n.<\/p>\n<p>Reykjavikexpress utiliza un tercero para almacenar y distribuir nuestro bolet\u00edn de noticias.<\/p>\n<p>4.4. Enlaces externos<\/p>\n<p>Este sitio web contiene enlaces a otros sitios. Tenga en cuenta que Reykjavikexpress no es responsable de las pol\u00edticas de privacidad ni del contenido de dichos sitios. Animamos a nuestros usuarios a estar atentos cuando abandonen nuestro sitio web y a leer las pol\u00edticas de privacidad y anti-spam de cada sitio que recopile informaci\u00f3n personal identificable. Reykjavikexpress no es responsable de la recogida de datos ni del uso de informaci\u00f3n personal en ninguno de los sitios enlazados.<\/p>\t\t\t\t\t\t\t\t<\/div>\n\t\t\t\t<\/div>\n\t\t\t\t\t<\/div>\n\t\t\t\t<\/div>\n\t\t\t\t<\/div>","protected":false},"excerpt":{"rendered":"<p>Pol\u00edtica de privacidad \u00daltima actualizaci\u00f3n: 25 de mayo de 2018 Reykjavikexpress se compromete a proteger la privacidad de los visitantes de nuestro sitio web. Tienes derecho a navegar por nuestro sitio sin proporcionar ninguna informaci\u00f3n personal. Reykjavikexpress tambi\u00e9n se compromete a proteger la privacidad de los suscriptores del bolet\u00edn de noticias y de aquellos que nos proporcionan informaci\u00f3n que nos permite ponernos en contacto [...]<\/p>","protected":false},"author":1,"featured_media":0,"parent":0,"menu_order":0,"comment_status":"closed","ping_status":"closed","template":"elementor_header_footer","meta":{"footnotes":""},"class_list":["post-593","page","type-page","status-publish","hentry"],"_links":{"self":[{"href":"https:\/\/reykjavikexpress.webdev.is\/es\/wp-json\/wp\/v2\/pages\/593","targetHints":{"allow":["GET"]}}],"collection":[{"href":"https:\/\/reykjavikexpress.webdev.is\/es\/wp-json\/wp\/v2\/pages"}],"about":[{"href":"https:\/\/reykjavikexpress.webdev.is\/es\/wp-json\/wp\/v2\/types\/page"}],"author":[{"embeddable":true,"href":"https:\/\/reykjavikexpress.webdev.is\/es\/wp-json\/wp\/v2\/users\/1"}],"replies":[{"embeddable":true,"href":"https:\/\/reykjavikexpress.webdev.is\/es\/wp-json\/wp\/v2\/comments?post=593"}],"version-history":[{"count":13,"href":"https:\/\/reykjavikexpress.webdev.is\/es\/wp-json\/wp\/v2\/pages\/593\/revisions"}],"predecessor-version":[{"id":636,"href":"https:\/\/reykjavikexpress.webdev.is\/es\/wp-json\/wp\/v2\/pages\/593\/revisions\/636"}],"wp:attachment":[{"href":"https:\/\/reykjavikexpress.webdev.is\/es\/wp-json\/wp\/v2\/media?parent=593"}],"curies":[{"name":"wp","href":"https:\/\/api.w.org\/{rel}","templated":true}]}}