{"id":626,"date":"2025-03-04T10:19:20","date_gmt":"2025-03-04T10:19:20","guid":{"rendered":"https:\/\/reykjavikexpress.webdev.is\/?page_id=626"},"modified":"2025-03-04T10:20:33","modified_gmt":"2025-03-04T10:20:33","slug":"quality-policy","status":"publish","type":"page","link":"https:\/\/reykjavikexpress.webdev.is\/es\/quality-policy\/","title":{"rendered":"Pol\u00edtica de calidad"},"content":{"rendered":"<div data-elementor-type=\"wp-page\" data-elementor-id=\"626\" class=\"elementor elementor-626\" data-elementor-post-type=\"page\">\n\t\t\t\t<div data-particle_enable=\"false\" data-particle-mobile-disabled=\"false\" class=\"elementor-element elementor-element-b925f28 e-flex e-con-boxed e-con e-parent\" data-id=\"b925f28\" data-element_type=\"container\">\n\t\t\t\t\t<div class=\"e-con-inner\">\n\t\t\t\t\t<\/div>\n\t\t\t\t<\/div>\n\t\t<div data-particle_enable=\"false\" data-particle-mobile-disabled=\"false\" class=\"elementor-element elementor-element-46f5198 e-flex e-con-boxed e-con e-parent\" data-id=\"46f5198\" data-element_type=\"container\">\n\t\t\t\t\t<div class=\"e-con-inner\">\n\t\t\t\t<div class=\"elementor-element elementor-element-eb3d4a9 elementor-widget elementor-widget-text-editor\" data-id=\"eb3d4a9\" data-element_type=\"widget\" data-widget_type=\"text-editor.default\">\n\t\t\t\t<div class=\"elementor-widget-container\">\n\t\t\t\t\t\t\t\t\t<h3>Pol\u00edtica de calidad<\/h3><p>El objetivo de Reykjavikexpress es proporcionar a los clientes veh\u00edculos modernos y de alta calidad y un servicio de primera clase. La empresa se compromete a mantener su estatus de l\u00edder en gesti\u00f3n de calidad y siempre buscar\u00e1 formas de mejorar y potenciar el servicio al cliente.<\/p><p>Aplicamos esta pol\u00edtica a trav\u00e9s de los siguientes objetivos:<\/p><p>Nos adaptamos a las necesidades de nuestros clientes y buscamos todas las formas posibles de satisfacer sus peticiones.<\/p><p>Nos centramos en ofrecer veh\u00edculos de la m\u00e1xima calidad disponible.<\/p><p>Todos los veh\u00edculos se someten a inspecci\u00f3n al principio de cada a\u00f1o y se mantienen con revisiones peri\u00f3dicas.<\/p><p>Todas las quejas de los clientes relativas al servicio o la calidad se documentar\u00e1n y revisar\u00e1n inmediatamente.<\/p><p>Todos los a\u00f1os se celebra una sesi\u00f3n de formaci\u00f3n sobre gesti\u00f3n de la calidad, que abarca todos los aspectos relacionados con la gesti\u00f3n de la calidad.<\/p><p>El manual de calidad del conductor se revisa anualmente y se actualiza cuando es necesario. Este manual, disponible en todos los veh\u00edculos, detalla las responsabilidades de los empleados desde el inicio de un viaje hasta su conclusi\u00f3n, junto con las pol\u00edticas de la empresa y otra informaci\u00f3n necesaria.<\/p><p>Trabajamos de acuerdo con el Sistema de Gesti\u00f3n Medioambiental, de Seguridad y de Calidad de Beluga.<\/p>\t\t\t\t\t\t\t\t<\/div>\n\t\t\t\t<\/div>\n\t\t\t\t\t<\/div>\n\t\t\t\t<\/div>\n\t\t\t\t<\/div>","protected":false},"excerpt":{"rendered":"<p>Pol\u00edtica de calidad Reykjavikexpress tiene como objetivo proporcionar a los clientes veh\u00edculos modernos y de alta calidad y un servicio de primera clase. La empresa se compromete a mantener su estatus de l\u00edder en gesti\u00f3n de calidad y buscar\u00e1 siempre formas de mejorar y potenciar el servicio al cliente. Ponemos en pr\u00e1ctica esta pol\u00edtica a trav\u00e9s de los siguientes objetivos Nos adaptamos a las necesidades de nuestros clientes y buscamos [...]<\/p>","protected":false},"author":1,"featured_media":0,"parent":0,"menu_order":0,"comment_status":"closed","ping_status":"closed","template":"elementor_header_footer","meta":{"footnotes":""},"class_list":["post-626","page","type-page","status-publish","hentry"],"_links":{"self":[{"href":"https:\/\/reykjavikexpress.webdev.is\/es\/wp-json\/wp\/v2\/pages\/626","targetHints":{"allow":["GET"]}}],"collection":[{"href":"https:\/\/reykjavikexpress.webdev.is\/es\/wp-json\/wp\/v2\/pages"}],"about":[{"href":"https:\/\/reykjavikexpress.webdev.is\/es\/wp-json\/wp\/v2\/types\/page"}],"author":[{"embeddable":true,"href":"https:\/\/reykjavikexpress.webdev.is\/es\/wp-json\/wp\/v2\/users\/1"}],"replies":[{"embeddable":true,"href":"https:\/\/reykjavikexpress.webdev.is\/es\/wp-json\/wp\/v2\/comments?post=626"}],"version-history":[{"count":7,"href":"https:\/\/reykjavikexpress.webdev.is\/es\/wp-json\/wp\/v2\/pages\/626\/revisions"}],"predecessor-version":[{"id":633,"href":"https:\/\/reykjavikexpress.webdev.is\/es\/wp-json\/wp\/v2\/pages\/626\/revisions\/633"}],"wp:attachment":[{"href":"https:\/\/reykjavikexpress.webdev.is\/es\/wp-json\/wp\/v2\/media?parent=626"}],"curies":[{"name":"wp","href":"https:\/\/api.w.org\/{rel}","templated":true}]}}