{"id":582,"date":"2025-02-27T15:58:54","date_gmt":"2025-02-27T15:58:54","guid":{"rendered":"https:\/\/reykjavikexpress.webdev.is\/?page_id=582"},"modified":"2025-03-04T10:21:24","modified_gmt":"2025-03-04T10:21:24","slug":"terms-and-conditions","status":"publish","type":"page","link":"https:\/\/reykjavikexpress.webdev.is\/fr\/terms-and-conditions\/","title":{"rendered":"Conditions d'utilisation"},"content":{"rendered":"<div data-elementor-type=\"wp-page\" data-elementor-id=\"582\" class=\"elementor elementor-582\" data-elementor-post-type=\"page\">\n\t\t\t\t<div data-particle_enable=\"false\" data-particle-mobile-disabled=\"false\" class=\"elementor-element elementor-element-9361d71 e-flex e-con-boxed e-con e-parent\" data-id=\"9361d71\" data-element_type=\"container\">\n\t\t\t\t\t<div class=\"e-con-inner\">\n\t\t\t\t\t<\/div>\n\t\t\t\t<\/div>\n\t\t<div data-particle_enable=\"false\" data-particle-mobile-disabled=\"false\" class=\"elementor-element elementor-element-30a7793 e-flex e-con-boxed e-con e-parent\" data-id=\"30a7793\" data-element_type=\"container\">\n\t\t\t\t\t<div class=\"e-con-inner\">\n\t\t\t\t<div class=\"elementor-element elementor-element-f86c355 elementor-widget elementor-widget-text-editor\" data-id=\"f86c355\" data-element_type=\"widget\" data-widget_type=\"text-editor.default\">\n\t\t\t\t<div class=\"elementor-widget-container\">\n\t\t\t\t\t\t\t\t\t<h3>Conditions g\u00e9n\u00e9rales d'utilisation<\/h3>\n<p>La cat\u00e9gorie de redevance est bas\u00e9e sur la taille r\u00e9elle du v\u00e9hicule et non sur le nombre de passagers. Cela signifie que les bagages doivent \u00eatre plac\u00e9s dans le compartiment \u00e0 bagages du v\u00e9hicule. Si une remorque est n\u00e9cessaire, la redevance s'\u00e9l\u00e8ve \u00e0 4 000 ISK par jour.<\/p>\n<p>Un suppl\u00e9ment sp\u00e9cial s'applique les jours f\u00e9ri\u00e9s. Les jours f\u00e9ri\u00e9s comprennent le jour de l'an, le vendredi saint, le dimanche de P\u00e2ques, la Pentec\u00f4te, le 17 juin, la veille de No\u00ebl, le jour de No\u00ebl, le lendemain de No\u00ebl et la veille du jour de l'an.<\/p>\n<p>En dehors du r\u00e9seau routier national, sur les routes de montagne class\u00e9es F, ainsi que sur les routes de Kj\u00f6lur et de Kaldidalur, un suppl\u00e9ment s'applique \u00e0 l'ensemble du trajet. Il en va de m\u00eame si un v\u00e9hicule 4\u00d74 est demand\u00e9 pour le voyage.<\/p>\n<p>Le loueur fournit au conducteur la nourriture et le logement pendant le voyage, sans frais pour lui.<\/p>\n<p>Lors des voyages pour lesquels la pension compl\u00e8te (petit-d\u00e9jeuner, d\u00e9jeuner et d\u00eener) n'est pas fournie, les chauffeurs sont indemnis\u00e9s pour une \u00bd pension. Si les repas ne sont pas fournis au chauffeur, celui-ci est indemnis\u00e9 conform\u00e9ment aux taux journaliers du comit\u00e9 national des frais de voyage pour les chauffeurs : 7 750 ISK pour la demi-pension et 15 500 ISK pour la pension compl\u00e8te.<\/p>\n<p>Les conducteurs sont log\u00e9s dans une chambre individuelle avec un lit fait. Si l'h\u00e9bergement se fait dans un pavillon, une tente ou un sac de couchage, le conducteur doit \u00eatre indemnis\u00e9 \u00e0 hauteur de 17 500 ISK par nuit.<\/p>\n<p>Les prix ci-dessus incluent la TVA 11%.<\/p>\n<p>Toutes les informations sont publi\u00e9es avec une clause de non-responsabilit\u00e9 pour les erreurs d'impression. Reykjavikexpress se r\u00e9serve le droit de corriger toute erreur de calcul ou de pr\u00e9sentation. Tous les prix et toutes les offres sont calcul\u00e9s sur la base des niveaux de prix actuels et sont soumis aux variations des taux de change et \u00e0 d'autres changements de prix et de taxes \u00e9chappant au contr\u00f4le de Reykjavikexpress.<\/p>\t\t\t\t\t\t\t\t<\/div>\n\t\t\t\t<\/div>\n\t\t\t\t\t<\/div>\n\t\t\t\t<\/div>\n\t\t\t\t<\/div>","protected":false},"excerpt":{"rendered":"<p>Conditions g\u00e9n\u00e9rales La cat\u00e9gorie de tarif est bas\u00e9e sur la taille r\u00e9elle du v\u00e9hicule et non sur le nombre de passagers. Cela signifie que les bagages doivent \u00eatre plac\u00e9s dans le compartiment \u00e0 bagages du v\u00e9hicule. Si une remorque est n\u00e9cessaire, le tarif est de 4 000 ISK par jour. Un suppl\u00e9ment sp\u00e9cial s'applique les jours f\u00e9ri\u00e9s. [...]<\/p>","protected":false},"author":1,"featured_media":0,"parent":0,"menu_order":0,"comment_status":"closed","ping_status":"closed","template":"elementor_header_footer","meta":{"footnotes":""},"class_list":["post-582","page","type-page","status-publish","hentry"],"_links":{"self":[{"href":"https:\/\/reykjavikexpress.webdev.is\/fr\/wp-json\/wp\/v2\/pages\/582","targetHints":{"allow":["GET"]}}],"collection":[{"href":"https:\/\/reykjavikexpress.webdev.is\/fr\/wp-json\/wp\/v2\/pages"}],"about":[{"href":"https:\/\/reykjavikexpress.webdev.is\/fr\/wp-json\/wp\/v2\/types\/page"}],"author":[{"embeddable":true,"href":"https:\/\/reykjavikexpress.webdev.is\/fr\/wp-json\/wp\/v2\/users\/1"}],"replies":[{"embeddable":true,"href":"https:\/\/reykjavikexpress.webdev.is\/fr\/wp-json\/wp\/v2\/comments?post=582"}],"version-history":[{"count":7,"href":"https:\/\/reykjavikexpress.webdev.is\/fr\/wp-json\/wp\/v2\/pages\/582\/revisions"}],"predecessor-version":[{"id":639,"href":"https:\/\/reykjavikexpress.webdev.is\/fr\/wp-json\/wp\/v2\/pages\/582\/revisions\/639"}],"wp:attachment":[{"href":"https:\/\/reykjavikexpress.webdev.is\/fr\/wp-json\/wp\/v2\/media?parent=582"}],"curies":[{"name":"wp","href":"https:\/\/api.w.org\/{rel}","templated":true}]}}