{"id":584,"date":"2025-02-27T15:59:20","date_gmt":"2025-02-27T15:59:20","guid":{"rendered":"https:\/\/reykjavikexpress.webdev.is\/?page_id=584"},"modified":"2025-03-04T10:22:10","modified_gmt":"2025-03-04T10:22:10","slug":"environment-policy","status":"publish","type":"page","link":"https:\/\/reykjavikexpress.webdev.is\/fr\/environment-policy\/","title":{"rendered":"Politique de l'environnement"},"content":{"rendered":"<div data-elementor-type=\"wp-page\" data-elementor-id=\"584\" class=\"elementor elementor-584\" data-elementor-post-type=\"page\">\n\t\t\t\t<div data-particle_enable=\"false\" data-particle-mobile-disabled=\"false\" class=\"elementor-element elementor-element-b925f28 e-flex e-con-boxed e-con e-parent\" data-id=\"b925f28\" data-element_type=\"container\">\n\t\t\t\t\t<div class=\"e-con-inner\">\n\t\t\t\t\t<\/div>\n\t\t\t\t<\/div>\n\t\t<div data-particle_enable=\"false\" data-particle-mobile-disabled=\"false\" class=\"elementor-element elementor-element-46f5198 e-flex e-con-boxed e-con e-parent\" data-id=\"46f5198\" data-element_type=\"container\">\n\t\t\t\t\t<div class=\"e-con-inner\">\n\t\t\t\t<div class=\"elementor-element elementor-element-eb3d4a9 elementor-widget elementor-widget-text-editor\" data-id=\"eb3d4a9\" data-element_type=\"widget\" data-widget_type=\"text-editor.default\">\n\t\t\t\t<div class=\"elementor-widget-container\">\n\t\t\t\t\t\t\t\t\t<h3>Politique environnementale<\/h3>\n<p>Reykjavikexpress s'engage \u00e0 veiller \u00e0 ce que l'environnement naturel de l'Islande reste aussi pur et intact que possible. Notre politique est d'offrir un service de haute qualit\u00e9 avec les v\u00e9hicules les plus r\u00e9cents et les plus s\u00fbrs disponibles, tout en veillant \u00e0 ce que les questions d'environnement et de s\u00e9curit\u00e9 soient au premier plan de toutes nos op\u00e9rations. Nous visons \u00e0 \u00eatre des leaders dans ce domaine, en cherchant \u00e0 collaborer avec des partenaires qui accordent la priorit\u00e9 aux questions environnementales et qui ont une strat\u00e9gie claire \u00e0 cet \u00e9gard.<\/p>\n<p>Nous mettons en \u0153uvre cette politique \u00e0 travers les objectifs suivants :<\/p>\n<p><\/p>\n<p>Les employ\u00e9s sont sensibilis\u00e9s et form\u00e9s \u00e0 la politique environnementale de l'entreprise et aux questions environnementales en g\u00e9n\u00e9ral.<\/p>\n<p>Nous organisons des sessions de formation annuelles couvrant tous les aspects environnementaux li\u00e9s \u00e0 nos activit\u00e9s.<\/p>\n<p>Nous nous effor\u00e7ons de proposer les autocars les plus r\u00e9cents et les plus respectueux de l'environnement. Aujourd'hui, presque tous nos v\u00e9hicules r\u00e9pondent \u00e0 la norme d'\u00e9mission EURO III applicable en Europe. Les v\u00e9hicules les plus r\u00e9cents sont conformes aux normes Euro IV et V, encore plus strictes.<\/p>\n<p>La plupart de nos autocars sont \u00e9quip\u00e9s d'un syst\u00e8me de chauffage \u00e0 l'eau (r\u00e9chauffeurs d'huile) qui permet de chauffer le moteur \u00e0 80\u00b0C avant le d\u00e9marrage. Cela garantit un d\u00e9marrage \u00e0 chaud, ce qui r\u00e9duit consid\u00e9rablement les \u00e9missions. Le syst\u00e8me de chauffage est int\u00e9gr\u00e9 au syst\u00e8me de radiateur du v\u00e9hicule, ce qui permet de chauffer la cabine sans faire tourner le moteur. Nous insistons fortement sur l'utilisation de ce syst\u00e8me de chauffage pour minimiser la marche au ralenti.<\/p>\n<p>Nous nous effor\u00e7ons de minimiser la production de d\u00e9chets autant que possible et de trier et recycler tous les articles dans la mesure du possible.<\/p>\n<p>Notre formation annuelle \u00e0 l'environnement comprend un enseignement th\u00e9orique et pratique sur les techniques d'\u00e9co-conduite pour nos conducteurs. De bonnes habitudes de conduite sont essentielles pour minimiser les \u00e9missions des v\u00e9hicules et la consommation de carburant.<\/p>\n<p>Nous mettons l'accent sur la propret\u00e9 et l'exemplarit\u00e9. Nos v\u00e9hicules sont bien entretenus, propres et rang\u00e9s, et les vidanges d'huile et les changements de filtres sont effectu\u00e9s \u00e0 temps pour limiter les \u00e9missions.<\/p>\n<p>Toute l'huile usag\u00e9e est collect\u00e9e dans un r\u00e9servoir souterrain situ\u00e9 dans notre atelier. Ce r\u00e9servoir est r\u00e9guli\u00e8rement vid\u00e9 et l'huile est r\u00e9utilis\u00e9e autant que possible. Nous prenons toutes les mesures n\u00e9cessaires pour emp\u00eacher les polluants de p\u00e9n\u00e9trer dans les \u00e9gouts et, en cas d'accident, nous disposons de trois pi\u00e8ges \u00e0 huile au niveau des \u00e9gouts de notre atelier.<\/p>\n<p>Nous donnons la priorit\u00e9 \u00e0 l'utilisation de produits respectueux de l'environnement. Nous nous effor\u00e7ons d'acheter des biens et des services \u00e0 des fournisseurs qui ont une politique environnementale claire et, de pr\u00e9f\u00e9rence, certifi\u00e9e.<\/p>\n<p>Les questions environnementales nous concernent tous. On n'en fait jamais assez et trop d'aspects de notre soci\u00e9t\u00e9 nuisent \u00e0 la nature et, par cons\u00e9quent, \u00e0 nous. Nous examinons continuellement ces questions, car il est de notre devoir de rester conscients et ouverts \u00e0 tous les moyens de r\u00e9duire la pollution. Nous suivons de pr\u00e8s l'\u00e9volution de l'environnement et restons vigilants dans ce domaine.<\/p>\n<p><\/p>\n<p>Objectifs<\/p>\n<p>La politique environnementale sera mise \u00e0 jour et r\u00e9examin\u00e9e chaque ann\u00e9e.<\/p>\n<p>Nous organiserons une session de formation annuelle sur les questions de gestion de l'environnement, de la s\u00e9curit\u00e9 et de la qualit\u00e9, y compris l'\u00e9coconduite et les premiers secours.<\/p>\n<p>Le manuel de qualit\u00e9 des conducteurs sera r\u00e9vis\u00e9 chaque ann\u00e9e. Ce manuel est disponible dans tous les v\u00e9hicules de l'entreprise et pr\u00e9sente les politiques de l'entreprise en mati\u00e8re d'environnement, de s\u00e9curit\u00e9 et de qualit\u00e9.<\/p>\n<p>Une attention particuli\u00e8re sera accord\u00e9e \u00e0 l'utilisation correcte des chauffages \u00e0 l'huile afin de minimiser la marche au ralenti et de r\u00e9duire les \u00e9missions.<\/p>\n<p>Nous continuerons \u00e0 n'utiliser que des produits de nettoyage respectueux de l'environnement et des chiffons en microfibre dans tous les v\u00e9hicules et installations de l'entreprise, y compris les ateliers et les bureaux.<\/p>\n<p>Nous ach\u00e8terons au moins trois nouveaux bus \u00e9quip\u00e9s de moteurs Euro V, la norme d'\u00e9mission la plus stricte actuellement en vigueur en Europe.<\/p>\t\t\t\t\t\t\t\t<\/div>\n\t\t\t\t<\/div>\n\t\t\t\t\t<\/div>\n\t\t\t\t<\/div>\n\t\t\t\t<\/div>","protected":false},"excerpt":{"rendered":"<p>Politique environnementale Reykjavikexpress s'engage \u00e0 veiller \u00e0 ce que l'environnement naturel de l'Islande reste aussi pur et intact que possible. Notre politique est d'offrir un service de haute qualit\u00e9 avec les v\u00e9hicules les plus r\u00e9cents et les plus s\u00fbrs disponibles, tout en veillant \u00e0 ce que les questions d'environnement et de s\u00e9curit\u00e9 soient au premier plan de toutes nos op\u00e9rations. Nous visons \u00e0 \u00eatre des leaders dans ce domaine, [...]<\/p>","protected":false},"author":1,"featured_media":0,"parent":0,"menu_order":0,"comment_status":"closed","ping_status":"closed","template":"elementor_header_footer","meta":{"footnotes":""},"class_list":["post-584","page","type-page","status-publish","hentry"],"_links":{"self":[{"href":"https:\/\/reykjavikexpress.webdev.is\/fr\/wp-json\/wp\/v2\/pages\/584","targetHints":{"allow":["GET"]}}],"collection":[{"href":"https:\/\/reykjavikexpress.webdev.is\/fr\/wp-json\/wp\/v2\/pages"}],"about":[{"href":"https:\/\/reykjavikexpress.webdev.is\/fr\/wp-json\/wp\/v2\/types\/page"}],"author":[{"embeddable":true,"href":"https:\/\/reykjavikexpress.webdev.is\/fr\/wp-json\/wp\/v2\/users\/1"}],"replies":[{"embeddable":true,"href":"https:\/\/reykjavikexpress.webdev.is\/fr\/wp-json\/wp\/v2\/comments?post=584"}],"version-history":[{"count":7,"href":"https:\/\/reykjavikexpress.webdev.is\/fr\/wp-json\/wp\/v2\/pages\/584\/revisions"}],"predecessor-version":[{"id":645,"href":"https:\/\/reykjavikexpress.webdev.is\/fr\/wp-json\/wp\/v2\/pages\/584\/revisions\/645"}],"wp:attachment":[{"href":"https:\/\/reykjavikexpress.webdev.is\/fr\/wp-json\/wp\/v2\/media?parent=584"}],"curies":[{"name":"wp","href":"https:\/\/api.w.org\/{rel}","templated":true}]}}