{"id":586,"date":"2025-02-27T15:59:39","date_gmt":"2025-02-27T15:59:39","guid":{"rendered":"https:\/\/reykjavikexpress.webdev.is\/?page_id=586"},"modified":"2025-03-04T10:21:46","modified_gmt":"2025-03-04T10:21:46","slug":"safety-policy","status":"publish","type":"page","link":"https:\/\/reykjavikexpress.webdev.is\/fr\/safety-policy\/","title":{"rendered":"Politique de s\u00e9curit\u00e9"},"content":{"rendered":"<div data-elementor-type=\"wp-page\" data-elementor-id=\"586\" class=\"elementor elementor-586\" data-elementor-post-type=\"page\">\n\t\t\t\t<div data-particle_enable=\"false\" data-particle-mobile-disabled=\"false\" class=\"elementor-element elementor-element-bed5ace e-flex e-con-boxed e-con e-parent\" data-id=\"bed5ace\" data-element_type=\"container\">\n\t\t\t\t\t<div class=\"e-con-inner\">\n\t\t\t\t\t<\/div>\n\t\t\t\t<\/div>\n\t\t<div data-particle_enable=\"false\" data-particle-mobile-disabled=\"false\" class=\"elementor-element elementor-element-eda0fa9 e-flex e-con-boxed e-con e-parent\" data-id=\"eda0fa9\" data-element_type=\"container\">\n\t\t\t\t\t<div class=\"e-con-inner\">\n\t\t\t\t<div class=\"elementor-element elementor-element-18b0b06 elementor-widget elementor-widget-text-editor\" data-id=\"18b0b06\" data-element_type=\"widget\" data-widget_type=\"text-editor.default\">\n\t\t\t\t<div class=\"elementor-widget-container\">\n\t\t\t\t\t\t\t\t\t<h3>Politique de s\u00e9curit\u00e9<\/h3>\n<p>Les employ\u00e9s de Reykjavikexpress ont \u00e9tabli une politique de s\u00e9curit\u00e9 et fix\u00e9 des objectifs pour s'assurer que la s\u00e9curit\u00e9 et le confort des passagers sont toujours une priorit\u00e9 absolue. Notre flotte est compos\u00e9e de certains des v\u00e9hicules les plus r\u00e9cents du pays. Notre objectif est de disposer de chauffeurs comp\u00e9tents et fiables, de v\u00e9hicules modernes et d'assurer un maximum de s\u00e9curit\u00e9 et de confort.<\/p>\n<p>Conducteurs :<\/p>\n<p>Le conducteur est le facteur le plus important en mati\u00e8re de s\u00e9curit\u00e9. Il est essentiel de disposer d'un personnel comp\u00e9tent et fiable, capable de faire face \u00e0 toutes les situations. Depuis la cr\u00e9ation de l'entreprise en 1969, nous avons employ\u00e9 un personnel exceptionnel, ce qui a sans aucun doute contribu\u00e9 \u00e0 notre succ\u00e8s \u00e0 long terme. Nous mettons l'accent sur la comp\u00e9tence, la fiabilit\u00e9 et la meilleure formation possible de nos employ\u00e9s.<\/p>\n<p>Maintenance pr\u00e9ventive :<\/p>\n<p>Notre atelier est compos\u00e9 de techniciens exp\u00e9riment\u00e9s qui supervisent l'ensemble de l'entretien. Nous donnons la priorit\u00e9 \u00e0 l'entretien pr\u00e9ventif et tenons des registres d\u00e9taill\u00e9s de nos v\u00e9hicules pour un suivi optimal.<\/p>\n<p>Syst\u00e8me de freinage :<\/p>\n<p>Presque tous nos autocars sont \u00e9quip\u00e9s de syst\u00e8mes de freinage ABS, qui am\u00e9liorent consid\u00e9rablement la s\u00e9curit\u00e9, en particulier sur les routes mouill\u00e9es ou verglac\u00e9es. Nous mettons l'accent sur l'\u00e9quipement des v\u00e9hicules en fonction des conditions, en veillant par exemple \u00e0 ce que les pneus soient adapt\u00e9s aux routes hivernales, y compris les pneus \u00e0 crampons ou les pneus d'hiver.<\/p>\n<p>Ceintures de s\u00e9curit\u00e9 :<\/p>\n<p>Tous nos autocars sont \u00e9quip\u00e9s de ceintures de s\u00e9curit\u00e9 sur chaque si\u00e8ge, soit \u00e0 deux points, soit \u00e0 trois points.<\/p>\n<p>Mesures de s\u00e9curit\u00e9 :<\/p>\n<p>L'objectif de cette politique est de travailler syst\u00e9matiquement pour maintenir les normes de s\u00e9curit\u00e9 les plus \u00e9lev\u00e9es et minimiser les incidents autant que possible. Un cours annuel de formation \u00e0 la s\u00e9curit\u00e9 et \u00e0 l'environnement est organis\u00e9 pour les conducteurs, couvrant ces sujets en profondeur. Le cours de s\u00e9curit\u00e9 comprend une formation certifi\u00e9e aux premiers secours et un examen de tous les \u00e9quipements de s\u00e9curit\u00e9 mis \u00e0 la disposition des conducteurs et des passagers. Cette formation est un \u00e9v\u00e9nement annuel fixe.<\/p>\t\t\t\t\t\t\t\t<\/div>\n\t\t\t\t<\/div>\n\t\t\t\t\t<\/div>\n\t\t\t\t<\/div>\n\t\t\t\t<\/div>","protected":false},"excerpt":{"rendered":"<p>Politique de s\u00e9curit\u00e9 Les employ\u00e9s de Reykjavikexpress ont \u00e9tabli une politique de s\u00e9curit\u00e9 et fix\u00e9 des objectifs pour s'assurer que la s\u00e9curit\u00e9 et le confort des passagers sont toujours une priorit\u00e9 absolue. Notre flotte est compos\u00e9e de certains des v\u00e9hicules les plus r\u00e9cents du pays. Notre objectif est d'avoir des chauffeurs comp\u00e9tents et fiables, des v\u00e9hicules modernes, et d'assurer une s\u00e9curit\u00e9 et un [...]<\/p>","protected":false},"author":1,"featured_media":0,"parent":0,"menu_order":0,"comment_status":"closed","ping_status":"closed","template":"elementor_header_footer","meta":{"footnotes":""},"class_list":["post-586","page","type-page","status-publish","hentry"],"_links":{"self":[{"href":"https:\/\/reykjavikexpress.webdev.is\/fr\/wp-json\/wp\/v2\/pages\/586","targetHints":{"allow":["GET"]}}],"collection":[{"href":"https:\/\/reykjavikexpress.webdev.is\/fr\/wp-json\/wp\/v2\/pages"}],"about":[{"href":"https:\/\/reykjavikexpress.webdev.is\/fr\/wp-json\/wp\/v2\/types\/page"}],"author":[{"embeddable":true,"href":"https:\/\/reykjavikexpress.webdev.is\/fr\/wp-json\/wp\/v2\/users\/1"}],"replies":[{"embeddable":true,"href":"https:\/\/reykjavikexpress.webdev.is\/fr\/wp-json\/wp\/v2\/comments?post=586"}],"version-history":[{"count":7,"href":"https:\/\/reykjavikexpress.webdev.is\/fr\/wp-json\/wp\/v2\/pages\/586\/revisions"}],"predecessor-version":[{"id":642,"href":"https:\/\/reykjavikexpress.webdev.is\/fr\/wp-json\/wp\/v2\/pages\/586\/revisions\/642"}],"wp:attachment":[{"href":"https:\/\/reykjavikexpress.webdev.is\/fr\/wp-json\/wp\/v2\/media?parent=586"}],"curies":[{"name":"wp","href":"https:\/\/api.w.org\/{rel}","templated":true}]}}