{"id":593,"date":"2025-02-27T16:06:17","date_gmt":"2025-02-27T16:06:17","guid":{"rendered":"https:\/\/reykjavikexpress.webdev.is\/?page_id=593"},"modified":"2025-03-04T10:20:58","modified_gmt":"2025-03-04T10:20:58","slug":"privacy-policy","status":"publish","type":"page","link":"https:\/\/reykjavikexpress.webdev.is\/fr\/privacy-policy\/","title":{"rendered":"Politique de confidentialit\u00e9"},"content":{"rendered":"<div data-elementor-type=\"wp-page\" data-elementor-id=\"593\" class=\"elementor elementor-593\" data-elementor-post-type=\"page\">\n\t\t\t\t<div data-particle_enable=\"false\" data-particle-mobile-disabled=\"false\" class=\"elementor-element elementor-element-f869044 e-flex e-con-boxed e-con e-parent\" data-id=\"f869044\" data-element_type=\"container\">\n\t\t\t\t\t<div class=\"e-con-inner\">\n\t\t\t\t\t<\/div>\n\t\t\t\t<\/div>\n\t\t<div data-particle_enable=\"false\" data-particle-mobile-disabled=\"false\" class=\"elementor-element elementor-element-711251b e-flex e-con-boxed e-con e-parent\" data-id=\"711251b\" data-element_type=\"container\">\n\t\t\t\t\t<div class=\"e-con-inner\">\n\t\t\t\t<div class=\"elementor-element elementor-element-b0c2b2a elementor-widget elementor-widget-text-editor\" data-id=\"b0c2b2a\" data-element_type=\"widget\" data-widget_type=\"text-editor.default\">\n\t\t\t\t<div class=\"elementor-widget-container\">\n\t\t\t\t\t\t\t\t\t<h3><b>Politique de confidentialit\u00e9<\/b><\/h3>\n<p>Derni\u00e8re mise \u00e0 jour : 25 mai 2018<\/p>\n<p>Reykjavikexpress s'engage \u00e0 prot\u00e9ger la vie priv\u00e9e des visiteurs de son site web. Vous avez le droit de naviguer sur notre site sans fournir d'informations personnelles. Reykjavikexpress s'engage \u00e9galement \u00e0 prot\u00e9ger la vie priv\u00e9e des abonn\u00e9s au bulletin d'information et des personnes qui nous fournissent des informations nous permettant de les contacter. Lorsque vous visitez notre site web, que vous vous inscrivez \u00e0 une liste prioritaire ou que vous saisissez des informations personnelles dans l'un des formulaires de notre site web, nous vous demandons de fournir des informations personnelles vous concernant. Nous recueillons \u00e9galement des informations de navigation.<\/p>\n<p>La pr\u00e9sente politique de confidentialit\u00e9 r\u00e9git la collecte, le traitement et l'utilisation de vos informations personnelles. En utilisant notre site web, vous acceptez les pratiques en mati\u00e8re de donn\u00e9es d\u00e9crites dans la pr\u00e9sente politique de confidentialit\u00e9. Si vous n'acceptez pas ces conditions, vous devez interrompre votre navigation et vous abstenir d'utiliser notre site web, nos produits ou nos services<\/p>\n<p>Nous mettons r\u00e9guli\u00e8rement \u00e0 jour la pr\u00e9sente politique de protection de la vie priv\u00e9e et nous vous conseillons de visiter cette page et de la consulter p\u00e9riodiquement. Si vous figurez sur l'une de nos listes de diffusion, vous serez inform\u00e9 par courrier \u00e9lectronique de toute modification de la pr\u00e9sente politique de confidentialit\u00e9.<\/p>\n<h4>\n<\/h4><h5>\n<h5><ol><li>Informations importantes<\/li><\/ol><\/h5>\n<\/h5>\n\n<p>1.1. Comment nous contacter<\/p>\n<p>Si vous avez des questions concernant notre politique de confidentialit\u00e9 ou le traitement de vos informations personnelles, veuillez nous envoyer un courriel \u00e0 gt@gtyrfingsson.is.<\/p>\n<p>1.2. Reykjavikexpress partage-t-il vos informations ?<\/p>\n<p>Reykjavikexpress ne loue ni ne vend \u00e0 des tiers des informations personnellement identifiables.<\/p>\n<p>1.3. Modifications de la politique de protection de la vie priv\u00e9e<\/p>\n<p>Toute modification apport\u00e9e \u00e0 la pr\u00e9sente politique de confidentialit\u00e9 sera mise \u00e0 jour sur cette page, et nous encourageons chacun \u00e0 consulter r\u00e9guli\u00e8rement la pr\u00e9sente politique de confidentialit\u00e9 pour prendre connaissance des changements \u00e9ventuels. Si des changements importants sont apport\u00e9s \u00e0 notre politique de confidentialit\u00e9, nous enverrons une notification par courrier \u00e9lectronique \u00e0 tous nos abonn\u00e9s. Cela vous permet de rester inform\u00e9 des informations que nous recueillons, de la mani\u00e8re dont nous les utilisons, de l'endroit o\u00f9 nous les recueillons et des circonstances dans lesquelles elles sont divulgu\u00e9es, le cas \u00e9ch\u00e9ant. La poursuite de l'utilisation de notre site web, de nos services d'abonnement et\/ou la fourniture d'informations personnelles seront soumises \u00e0 la politique de confidentialit\u00e9 en vigueur.<\/p>\n<h5><ol start=\"2\"><li>D\u00e9finitions<\/li><\/ol><\/h5>\n<p>2.1. \"Informations sensibles<\/p>\n<p>Il s'agit des donn\u00e9es relatives aux cartes de cr\u00e9dit, des informations financi\u00e8res personnelles (situation du compte bancaire), des num\u00e9ros d'identification ou des informations relatives \u00e0 la sant\u00e9 mentale ou physique.<\/p>\n<p>2.2. \"Informations personnelles<\/p>\n<p>Il s'agit de toute information que vous nous soumettez volontairement et qui vous identifie personnellement, y compris les coordonn\u00e9es telles que votre nom, votre adresse \u00e9lectronique, le nom de votre entreprise, votre adresse postale, votre num\u00e9ro de t\u00e9l\u00e9phone ou toute autre information vous concernant ou concernant votre entreprise.<\/p>\n<p>Les informations personnelles peuvent \u00e9galement inclure des informations sur les transactions - gratuites ou payantes - que vous saisissez sur le site Web, ainsi que des informations vous concernant disponibles sur Internet, par exemple sur Facebook, Instagram, LinkedIn, Twitter et Google, ou d'autres informations publiquement disponibles aupr\u00e8s de nos fournisseurs de services.<\/p>\n<p>2.3. \"Informations sur la navigation<\/p>\n<p>Il s'agit d'informations sur votre comportement de navigation, de cookies et de cookies de reciblage. Un cookie est un fichier texte plac\u00e9 sur votre disque dur par un serveur web. Les cookies ne sont pas utilis\u00e9s pour ex\u00e9cuter des programmes ou transmettre des virus \u00e0 votre ordinateur. Les informations de navigation comprennent \u00e9galement des d\u00e9tails concernant votre ordinateur et vos visites sur ce site web, tels que votre adresse IP, votre localisation g\u00e9ographique, le type de navigateur, le site de r\u00e9f\u00e9rence, la dur\u00e9e de la visite et le nombre de pages consult\u00e9es. Les cookies vous sont attribu\u00e9s de mani\u00e8re unique. L'un des principaux objectifs des cookies est d'offrir une exp\u00e9rience de navigation plus pratique et de vous faire gagner du temps. L'objectif d'un cookie est d'informer le serveur web que vous \u00eates revenu sur une page sp\u00e9cifique.<\/p>\n<p>Cliquez [ici] (lien non fourni) pour savoir comment d\u00e9sactiver les cookies.<\/p>\n<h5><ol start=\"3\"><li>Informations collect\u00e9es<\/li><\/ol><\/h5>\n<p>3.1. Lorsque vous visitez notre site web<\/p>\n<p>Vous \u00eates libre de visiter et de parcourir notre site web sans fournir d'informations personnelles. Toutefois, lorsque vous visitez notre site web, que vous vous inscrivez \u00e0 des listes de courrier \u00e9lectronique, \u00e0 des services ou \u00e0 des abonnements, nous vous demandons de nous fournir des informations personnelles. Nous recueillons \u00e9galement des informations sur la navigation.<\/p>\n<p>3.2. Collecte d'informations personnelles<\/p>\n<p>Reykjavikexpress recueille des informations personnellement identifiables fournies par les visiteurs, ce qui fait r\u00e9f\u00e9rence \u00e0 toute information que vous nous soumettez volontairement et qui vous identifie personnellement, comme votre adresse \u00e9lectronique, votre adresse postale, votre num\u00e9ro de t\u00e9l\u00e9phone, votre nom, le nom de votre entreprise ou tout autre d\u00e9tail vous concernant ou concernant votre entreprise. Les informations personnelles peuvent \u00e9galement inclure les transactions (gratuites ou payantes) que vous saisissez sur notre site web, ainsi que les informations vous concernant qui sont publiquement disponibles sur internet (par exemple, Instagram, Facebook, Google, LinkedIn, Twitter) ou fournies par nos partenaires de service. Vous trouverez ci-dessous une liste de la mani\u00e8re dont nous collectons les informations personnelles des visiteurs et des informations que nous recueillons :<\/p>\n<p>Bulletins d'information par courrier \u00e9lectronique<\/p>\n<p>Pour s'inscrire \u00e0 nos bulletins d'information \u00e9lectroniques, nous avons besoin de.. :<\/p>\n<p>(a) Nom<\/p>\n<p>(b) Adresse \u00e9lectronique<\/p>\n<p>Ces informations sont n\u00e9cessaires pour recevoir notre lettre d'information. Reykjavikexpress utilise Campaign Monitor pour collecter et envoyer des bulletins d'information par courrier \u00e9lectronique. Vous pouvez lire leur politique de confidentialit\u00e9 ici : [Politique de confidentialit\u00e9 de Campaign Monitor] (lien non fourni).<\/p>\n<p>Formulaires de contact<\/p>\n<p>Reykjavikexpress dispose de plusieurs formulaires sur son site web qui requi\u00e8rent diff\u00e9rentes informations, bien que la plupart d'entre elles soient demand\u00e9es :<\/p>\n<p>(a) Nom<\/p>\n<p>(b) Adresse \u00e9lectronique<\/p>\n<p>Pour que Reykjavikexpress puisse vous r\u00e9pondre, nous avons besoin de ces informations.<\/p>\n<p>Achats en ligne<\/p>\n<p>Lorsque vous achetez un produit ou un service \u00e0 Reykjavikexpress, nous utilisons un syst\u00e8me de commerce \u00e9lectronique tiers. Vous pouvez cliquer sur [ici] (lien non fourni) pour consulter sa politique de confidentialit\u00e9. Si vous fournissez des informations sur votre carte de cr\u00e9dit, nous les utilisons uniquement pour v\u00e9rifier la capacit\u00e9 de paiement et pour traiter votre paiement. Nous faisons appel \u00e0 un tiers pour traiter les transactions par carte et finaliser les paiements. Vous pouvez consulter leurs conditions ici : [Borgun Terms] (lien non fourni). Les transactions sont s\u00e9curis\u00e9es par un cryptage SSL et les informations relatives aux cartes de cr\u00e9dit ne sont jamais envoy\u00e9es par courrier \u00e9lectronique. Les donn\u00e9es relatives aux cartes de cr\u00e9dit sont r\u00e9guli\u00e8rement supprim\u00e9es de notre syst\u00e8me.<\/p>\n<h5><ol start=\"4\"><li>Comment nous utilisons les informations que nous recueillons<\/li><\/ol><\/h5>\n<p>4.1. Utilisation des informations personnelles<\/p>\n<p>Les informations personnelles collect\u00e9es par Reykjavikexpress sont principalement utilis\u00e9es dans le but pour lequel elles ont \u00e9t\u00e9 collect\u00e9es : distribuer des documents et envoyer des bulletins d'information par courrier \u00e9lectronique. Reykjavikexpress peut \u00e9galement utiliser vos informations pour les raisons suivantes :<\/p>\n<p>Pour vous informer des nouveaux produits, services ou informations susceptibles de vous int\u00e9resser.<\/p>\n<p>Pour envoyer du mat\u00e9riel promotionnel.<\/p>\n<p>Compiler les informations avec les donn\u00e9es d'autres abonn\u00e9s afin d'\u00e9valuer l'efficacit\u00e9 de notre marketing et d'analyser les donn\u00e9es d\u00e9mographiques g\u00e9n\u00e9rales.<\/p>\n<p>Reykjavikexpress peut vous contacter pour vous envoyer des enqu\u00eates et analyser des donn\u00e9es afin de mieux comprendre les tendances relatives \u00e0 l'industrie, aux produits, aux services ou \u00e0 d'autres domaines li\u00e9s \u00e0 l'entreprise.<\/p>\n<p>Outre les utilisations mentionn\u00e9es ailleurs dans la pr\u00e9sente politique de confidentialit\u00e9, nous pouvons utiliser les informations personnelles pour :<\/p>\n<p>(a) vous envoyer des informations susceptibles de vous int\u00e9resser par courrier, par courriel ou par d'autres moyens ;<\/p>\n<p>(b) am\u00e9liorer votre exp\u00e9rience de navigation en personnalisant le site web et en am\u00e9liorant nos services ;<\/p>\n<p>(c) vous envoyer du mat\u00e9riel de marketing li\u00e9 \u00e0 nos activit\u00e9s ou \u00e0 des tiers soigneusement s\u00e9lectionn\u00e9s que nous pensons susceptibles de vous int\u00e9resser ;<\/p>\n<p>(d) fournir \u00e0 d'autres soci\u00e9t\u00e9s des informations statistiques sur nos utilisateurs, bien que ces donn\u00e9es ne soient jamais utilis\u00e9es pour identifier des utilisateurs individuels.<\/p>\n<p>Nous pouvons utiliser vos coordonn\u00e9es pour vous contacter au nom de nos partenaires au sujet d'offres sp\u00e9ciales susceptibles de vous int\u00e9resser. Dans ce cas, nous ne transmettrons pas vos informations personnelles identifiables \u00e0 des tiers. En outre, nous pouvons partager des donn\u00e9es avec des partenaires de confiance pour vous contacter en fonction de votre demande d'information, pour nous aider \u00e0 effectuer des analyses statistiques ou pour fournir des services d'assistance. Il est interdit \u00e0 ces tiers d'utiliser vos informations personnelles \u00e0 d'autres fins que la fourniture de ces services, et ils sont tenus de pr\u00e9server la confidentialit\u00e9 de vos informations.<\/p>\n<p>4.2. Le reciblage<\/p>\n<p>Reykjavikexpress utilise le reciblage, en utilisant des cookies et des pixels de conversion de fournisseurs tels que Pinterest, LinkedIn, Google, Facebook, Instagram et Twitter, pour vous montrer des publicit\u00e9s cibl\u00e9es et du contenu marketing sur nos produits ou services via le R\u00e9seau Display de Google et les plateformes de m\u00e9dias sociaux. Vous pouvez voir des publicit\u00e9s de notre part suite \u00e0 la visite de notre site web. Nous utilisons \u00e9galement des audiences personnalis\u00e9es bas\u00e9es sur les adresses \u00e9lectroniques de nos abonn\u00e9s et clients, ce qui nous permet de vous montrer nos publicit\u00e9s et offres li\u00e9es \u00e0 nos produits ou services sur Facebook et d'autres canaux de m\u00e9dias sociaux. Aucune information personnelle identifiable n'est utilis\u00e9e \u00e0 d'autres fins que la fourniture d'un contenu sp\u00e9cifique de notre part.<\/p>\n<p>LinkedIn : Refusez le reciblage de LinkedIn [ici].<\/p>\n<p>Facebook : D\u00e9sactiver le reciblage publicitaire de Facebook [ici].<\/p>\n<p>Twitter : Refusez le reciblage de Twitter [ici].<\/p>\n<p>Pinterest : Refusez le reciblage de Pinterest [ici].<\/p>\n<p>Google : D\u00e9sactiver le reciblage publicitaire de Google [ici].<\/p>\n<p>Nous utilisons les informations de navigation pour administrer et am\u00e9liorer notre site web et nos services. Nous pouvons \u00e9galement utiliser les informations de navigation seules ou combin\u00e9es avec des informations personnelles pour vous fournir des informations personnalis\u00e9es sur Reykjavikexpress.<\/p>\n<p>Reykjavikexpress et ses partenaires utilisent des cookies et des technologies similaires \u00e0 des fins d'analyse, d'administration du site, de suivi des utilisateurs et de collecte d'informations d\u00e9mographiques globales.<\/p>\n<p>Vous pouvez choisir d'accepter ou de refuser les cookies. La plupart des navigateurs web acceptent automatiquement les cookies, mais vous pouvez g\u00e9n\u00e9ralement modifier les param\u00e8tres de votre navigateur pour refuser les cookies si vous le souhaitez.<\/p>\n<p>4.3. Politique anti-spam<\/p>\n<p>Reykjavikexpress n'enverra des courriers \u00e9lectroniques qu'aux utilisateurs qui ont explicitement demand\u00e9 \u00e0 en recevoir. Reykjavikexpress s'oppose fermement au spam et ne vous enverra que des messages susceptibles de vous int\u00e9resser. En voici quelques exemples :<\/p>\n<p>S'inscrire \u00e0 notre liste de diffusion.<\/p>\n<p>En remplissant l'un de nos formulaires de contact.<\/p>\n<p>Toutes les communications seront pertinentes par rapport au contexte dans lequel vous avez fourni vos informations.<\/p>\n<p>Reykjavikexpress fait appel \u00e0 un tiers pour stocker et distribuer sa lettre d'information.<\/p>\n<p>4.4. Liens externes<\/p>\n<p>Ce site web contient des liens vers d'autres sites. Veuillez noter que Reykjavikexpress n'est pas responsable des politiques de confidentialit\u00e9 ou du contenu de ces sites. Nous encourageons nos utilisateurs \u00e0 \u00eatre attentifs lorsqu'ils quittent notre site web et \u00e0 lire les politiques de confidentialit\u00e9 et anti-spam de chaque site qui collecte des informations personnelles identifiables. Reykjavikexpress n'est pas responsable de la collecte ou de l'utilisation des donn\u00e9es personnelles sur les sites li\u00e9s.<\/p>\t\t\t\t\t\t\t\t<\/div>\n\t\t\t\t<\/div>\n\t\t\t\t\t<\/div>\n\t\t\t\t<\/div>\n\t\t\t\t<\/div>","protected":false},"excerpt":{"rendered":"<p>Politique de confidentialit\u00e9 Derni\u00e8re mise \u00e0 jour : 25 mai 2018 Reykjavikexpress s'engage \u00e0 prot\u00e9ger la vie priv\u00e9e des visiteurs de son site web. Vous avez le droit de naviguer sur notre site sans fournir d'informations personnelles. Reykjavikexpress s'engage \u00e9galement \u00e0 prot\u00e9ger la vie priv\u00e9e des abonn\u00e9s \u00e0 la newsletter et de ceux qui nous fournissent des informations nous permettant de contacter [...]<\/p>","protected":false},"author":1,"featured_media":0,"parent":0,"menu_order":0,"comment_status":"closed","ping_status":"closed","template":"elementor_header_footer","meta":{"footnotes":""},"class_list":["post-593","page","type-page","status-publish","hentry"],"_links":{"self":[{"href":"https:\/\/reykjavikexpress.webdev.is\/fr\/wp-json\/wp\/v2\/pages\/593","targetHints":{"allow":["GET"]}}],"collection":[{"href":"https:\/\/reykjavikexpress.webdev.is\/fr\/wp-json\/wp\/v2\/pages"}],"about":[{"href":"https:\/\/reykjavikexpress.webdev.is\/fr\/wp-json\/wp\/v2\/types\/page"}],"author":[{"embeddable":true,"href":"https:\/\/reykjavikexpress.webdev.is\/fr\/wp-json\/wp\/v2\/users\/1"}],"replies":[{"embeddable":true,"href":"https:\/\/reykjavikexpress.webdev.is\/fr\/wp-json\/wp\/v2\/comments?post=593"}],"version-history":[{"count":13,"href":"https:\/\/reykjavikexpress.webdev.is\/fr\/wp-json\/wp\/v2\/pages\/593\/revisions"}],"predecessor-version":[{"id":636,"href":"https:\/\/reykjavikexpress.webdev.is\/fr\/wp-json\/wp\/v2\/pages\/593\/revisions\/636"}],"wp:attachment":[{"href":"https:\/\/reykjavikexpress.webdev.is\/fr\/wp-json\/wp\/v2\/media?parent=593"}],"curies":[{"name":"wp","href":"https:\/\/api.w.org\/{rel}","templated":true}]}}