{"id":582,"date":"2025-02-27T15:58:54","date_gmt":"2025-02-27T15:58:54","guid":{"rendered":"https:\/\/reykjavikexpress.webdev.is\/?page_id=582"},"modified":"2025-03-04T10:21:24","modified_gmt":"2025-03-04T10:21:24","slug":"terms-and-conditions","status":"publish","type":"page","link":"https:\/\/reykjavikexpress.webdev.is\/is\/terms-and-conditions\/","title":{"rendered":"Skilm\u00e1lar og skilyr\u00f0i"},"content":{"rendered":"<div data-elementor-type=\"wp-page\" data-elementor-id=\"582\" class=\"elementor elementor-582\" data-elementor-post-type=\"page\">\n\t\t\t\t<div data-particle_enable=\"false\" data-particle-mobile-disabled=\"false\" class=\"elementor-element elementor-element-9361d71 e-flex e-con-boxed e-con e-parent\" data-id=\"9361d71\" data-element_type=\"container\">\n\t\t\t\t\t<div class=\"e-con-inner\">\n\t\t\t\t\t<\/div>\n\t\t\t\t<\/div>\n\t\t<div data-particle_enable=\"false\" data-particle-mobile-disabled=\"false\" class=\"elementor-element elementor-element-30a7793 e-flex e-con-boxed e-con e-parent\" data-id=\"30a7793\" data-element_type=\"container\">\n\t\t\t\t\t<div class=\"e-con-inner\">\n\t\t\t\t<div class=\"elementor-element elementor-element-f86c355 elementor-widget elementor-widget-text-editor\" data-id=\"f86c355\" data-element_type=\"widget\" data-widget_type=\"text-editor.default\">\n\t\t\t\t<div class=\"elementor-widget-container\">\n\t\t\t\t\t\t\t\t\t<h3>Skilm\u00e1lar og skilyr\u00f0i<\/h3>\n<p>Gjaldflokkur skal mi\u00f0ast vi\u00f0 raunverulega st\u00e6r\u00f0 \u00f6kut\u00e6kis en ekki fj\u00f6lda far\u00feega. \u00deetta \u00fe\u00fd\u00f0ir a\u00f0 farangur ver\u00f0ur a\u00f0 passa inn \u00ed farangursr\u00fdmi \u00f6kut\u00e6kisins. Ef \u00f3ska\u00f0 er eftir kerru er gjald fyrir hann 4.000 kr \u00e1 dag.<\/p>\n<p>S\u00e9rstakt aukagjald er \u00e1 almennum fr\u00edd\u00f6gum. Almenn fr\u00eddagar eru gaml\u00e1rsdagur, f\u00f6studagurinn langi, p\u00e1skadagur, hv\u00edtasunnudagur, 17. j\u00fan\u00ed, a\u00f0fangadagur, j\u00f3ladagur, annan \u00ed j\u00f3lum og gaml\u00e1rskv\u00f6ld.<\/p>\n<p>\u00deegar eki\u00f0 er utan hef\u00f0bundins \u00fej\u00f3\u00f0vegakerfis, \u00e1 h\u00e1lendisvegum sem flokka\u00f0ir eru sem F-vegir, svo og \u00e1 Kj\u00f6l- og Kaldidalslei\u00f0um, kemur aukagjald fyrir alla fer\u00f0ina. Sama gildir ef \u00f3ska\u00f0 er eftir 4\u00d74 \u00f6kut\u00e6ki \u00ed fer\u00f0ina.<\/p>\n<p>Leigutaki skal sj\u00e1 \u00f6kumanni fyrir f\u00e6\u00f0i og gistingu \u00ed fer\u00f0inni honum a\u00f0 kostna\u00f0arlausu.<\/p>\n<p>\u00cd fer\u00f0um \u00fear sem ekki er bo\u00f0i\u00f0 upp \u00e1 fullt f\u00e6\u00f0i (morgunmat, h\u00e1degismat og kv\u00f6ldmat) skal \u00f6kum\u00f6nnum grei\u00f0a \u00bd f\u00e6\u00f0i. S\u00e9u m\u00e1lt\u00ed\u00f0ir ekki veittar \u00f6kumanni, skal hann greiddur samkv\u00e6mt t\u00f6xtum fer\u00f0akostna\u00f0arnefndar \u00f6kumanns: 7.750 kr fyrir h\u00e1lft f\u00e6\u00f0i og 15.500 kr fyrir fullt f\u00e6\u00f0i.<\/p>\n<p>B\u00edlstj\u00f3rar skulu vera \u00ed eins manns herbergi me\u00f0 uppb\u00fanu r\u00fami. Ef gisting er \u00ed sk\u00e1la, tjaldi e\u00f0a svefnpoka \u00fearf a\u00f0 b\u00e6ta \u00f6kumanni 17.500 kr fyrir n\u00f3ttina.<\/p>\n<p>Ofangreind ver\u00f0 eru me\u00f0 11% vsk.<\/p>\n<p>Allar uppl\u00fdsingar eru birtar me\u00f0 fyrirvara um prentvillur. Reykjavikexpress \u00e1skilur s\u00e9r r\u00e9tt til a\u00f0 lei\u00f0r\u00e9tta allar villur \u00ed \u00fatreikningum e\u00f0a framsetningu. \u00d6ll ver\u00f0 og tilbo\u00f0 eru reiknu\u00f0 \u00fat fr\u00e1 n\u00faverandi ver\u00f0lagi og eru h\u00e1\u00f0 gengisbreytingum og \u00f6\u00f0rum ver\u00f0- og skattabreytingum sem Reykjavikexpress hefur ekki vald \u00e1.<\/p>\t\t\t\t\t\t\t\t<\/div>\n\t\t\t\t<\/div>\n\t\t\t\t\t<\/div>\n\t\t\t\t<\/div>\n\t\t\t\t<\/div>","protected":false},"excerpt":{"rendered":"<p>Skilm\u00e1lar Gjaldflokkurinn skal byggjast \u00e1 raunverulegri st\u00e6r\u00f0 \u00f6kut\u00e6kisins, ekki fj\u00f6lda far\u00feega. \u00deetta \u00fe\u00fd\u00f0ir a\u00f0 farangur ver\u00f0ur a\u00f0 r\u00famast \u00ed farangursr\u00fdmi \u00f6kut\u00e6kisins. Ef \u00fe\u00f6rf er \u00e1 eftirvagni er gjaldi\u00f0 fyrir hann 4.000 kr. \u00e1 dag. S\u00e9rstakt \u00e1lag \u00e1 vi\u00f0 \u00e1 almennum fr\u00edd\u00f6gum. [\u2026]<\/p>","protected":false},"author":1,"featured_media":0,"parent":0,"menu_order":0,"comment_status":"closed","ping_status":"closed","template":"elementor_header_footer","meta":{"footnotes":""},"class_list":["post-582","page","type-page","status-publish","hentry"],"_links":{"self":[{"href":"https:\/\/reykjavikexpress.webdev.is\/is\/wp-json\/wp\/v2\/pages\/582","targetHints":{"allow":["GET"]}}],"collection":[{"href":"https:\/\/reykjavikexpress.webdev.is\/is\/wp-json\/wp\/v2\/pages"}],"about":[{"href":"https:\/\/reykjavikexpress.webdev.is\/is\/wp-json\/wp\/v2\/types\/page"}],"author":[{"embeddable":true,"href":"https:\/\/reykjavikexpress.webdev.is\/is\/wp-json\/wp\/v2\/users\/1"}],"replies":[{"embeddable":true,"href":"https:\/\/reykjavikexpress.webdev.is\/is\/wp-json\/wp\/v2\/comments?post=582"}],"version-history":[{"count":7,"href":"https:\/\/reykjavikexpress.webdev.is\/is\/wp-json\/wp\/v2\/pages\/582\/revisions"}],"predecessor-version":[{"id":639,"href":"https:\/\/reykjavikexpress.webdev.is\/is\/wp-json\/wp\/v2\/pages\/582\/revisions\/639"}],"wp:attachment":[{"href":"https:\/\/reykjavikexpress.webdev.is\/is\/wp-json\/wp\/v2\/media?parent=582"}],"curies":[{"name":"wp","href":"https:\/\/api.w.org\/{rel}","templated":true}]}}