{"id":584,"date":"2025-02-27T15:59:20","date_gmt":"2025-02-27T15:59:20","guid":{"rendered":"https:\/\/reykjavikexpress.webdev.is\/?page_id=584"},"modified":"2025-03-04T10:22:10","modified_gmt":"2025-03-04T10:22:10","slug":"environment-policy","status":"publish","type":"page","link":"https:\/\/reykjavikexpress.webdev.is\/is\/environment-policy\/","title":{"rendered":"Umhverfisstefna"},"content":{"rendered":"<div data-elementor-type=\"wp-page\" data-elementor-id=\"584\" class=\"elementor elementor-584\" data-elementor-post-type=\"page\">\n\t\t\t\t<div data-particle_enable=\"false\" data-particle-mobile-disabled=\"false\" class=\"elementor-element elementor-element-b925f28 e-flex e-con-boxed e-con e-parent\" data-id=\"b925f28\" data-element_type=\"container\">\n\t\t\t\t\t<div class=\"e-con-inner\">\n\t\t\t\t\t<\/div>\n\t\t\t\t<\/div>\n\t\t<div data-particle_enable=\"false\" data-particle-mobile-disabled=\"false\" class=\"elementor-element elementor-element-46f5198 e-flex e-con-boxed e-con e-parent\" data-id=\"46f5198\" data-element_type=\"container\">\n\t\t\t\t\t<div class=\"e-con-inner\">\n\t\t\t\t<div class=\"elementor-element elementor-element-eb3d4a9 elementor-widget elementor-widget-text-editor\" data-id=\"eb3d4a9\" data-element_type=\"widget\" data-widget_type=\"text-editor.default\">\n\t\t\t\t<div class=\"elementor-widget-container\">\n\t\t\t\t\t\t\t\t\t<h3>Umhverfisstefna<\/h3>\n<p>Reykjavikexpress leggur metna\u00f0 sinn \u00ed a\u00f0 tryggja a\u00f0 n\u00e1tt\u00faru \u00cdslands haldist eins hreint og \u00f3spillt og m\u00f6gulegt er. Stefna okkar er a\u00f0 bj\u00f3\u00f0a upp \u00e1 h\u00e1g\u00e6\u00f0a \u00fej\u00f3nustu me\u00f0 n\u00fdjustu og \u00f6ruggustu farart\u00e6kjum sem v\u00f6l er \u00e1 um lei\u00f0 og vi\u00f0 tryggjum a\u00f0 umhverfis- og \u00f6ryggism\u00e1l s\u00e9u \u00ed fyrirr\u00fami \u00ed allri starfsemi okkar. Vi\u00f0 stefnum a\u00f0 \u00fev\u00ed a\u00f0 vera lei\u00f0andi \u00e1 \u00feessu svi\u00f0i og leita samstarfs vi\u00f0 samstarfsa\u00f0ila sem setja umhverfism\u00e1l \u00ed forgang og hafa sk\u00fdra stefnu \u00ed \u00feeim efnum.<\/p>\n<p>Vi\u00f0 innlei\u00f0um \u00feessa stefnu me\u00f0 eftirfarandi markmi\u00f0um:<\/p>\n<p><\/p>\n<p>Starfsmenn eru me\u00f0vita\u00f0ir um og fr\u00e6ddir um umhverfisstefnu fyrirt\u00e6kisins og umhverfism\u00e1l almennt.<\/p>\n<p>Vi\u00f0 h\u00f6ldum \u00e1rlega fr\u00e6\u00f0slufundi sem fjalla um alla umhverfis\u00fe\u00e6tti sem skipta m\u00e1li fyrir starfsemi okkar.<\/p>\n<p>Vi\u00f0 kappkostum a\u00f0 \u00fatvega n\u00fdjustu og umhverfisv\u00e6nustu vagnana sem v\u00f6l er \u00e1. \u00cd dag uppfylla n\u00e6stum \u00f6ll \u00f6kut\u00e6ki okkar EURO III \u00fatbl\u00e1sturssta\u00f0alinn sem gildir \u00ed Evr\u00f3pu. N\u00fdjustu farart\u00e6kin uppfylla enn strangari Euro IV og V sta\u00f0la.<\/p>\n<p>Flestir vagnar okkar eru b\u00fanir vatnshitun (ol\u00eduhitara), sem gerir \u00fea\u00f0 kleift a\u00f0 hita v\u00e9lina upp \u00ed 80\u00b0C \u00e1\u00f0ur en h\u00fan er r\u00e6st. \u00deetta tryggir heita byrjun og dregur verulega \u00far \u00fatbl\u00e6stri. Hitakerfi\u00f0 er sam\u00fe\u00e6tt ofnakerfi \u00f6kut\u00e6kisins, sem gerir klefahitun kleift \u00e1n \u00feess a\u00f0 v\u00e9lin gangi. Vi\u00f0 leggjum mikla \u00e1herslu \u00e1 notkun \u00feessa hitakerfis til a\u00f0 l\u00e1gmarka lausagang.<\/p>\n<p>Vi\u00f0 leitumst vi\u00f0 a\u00f0 l\u00e1gmarka \u00fargangsframlei\u00f0slu eins og h\u00e6gt er og flokka og endurvinna alla hluti \u00fear sem \u00fea\u00f0 er m\u00f6gulegt.<\/p>\n<p>\u00c1rleg umhverfis\u00fej\u00e1lfun okkar felur \u00ed s\u00e9r b\u00e6\u00f0i b\u00f3klega og verklega fr\u00e6\u00f0slu um vistv\u00e6na aksturst\u00e6kni fyrir \u00f6kumenn okkar. R\u00e9ttar akstursvenjur eru nau\u00f0synlegar til a\u00f0 l\u00e1gmarka \u00fatbl\u00e1stur \u00f6kut\u00e6kja og eldsneytisnotkun.<\/p>\n<p>Vi\u00f0 leggjum \u00e1herslu \u00e1 hreinl\u00e6ti og ford\u00e6mi fyrir a\u00f0ra. \u00d6kut\u00e6ki okkar eru vel vi\u00f0haldin, hrein og snyrtileg og ol\u00edu- og s\u00eduskipti eru framkv\u00e6md samkv\u00e6mt \u00e1\u00e6tlun til a\u00f0 takmarka losun.<\/p>\n<p>\u00d6ll notu\u00f0 ol\u00eda er safna\u00f0 \u00ed ne\u00f0anjar\u00f0artank \u00e1 verkst\u00e6\u00f0i okkar. \u00deessi tankur er t\u00e6mdur reglulega og ol\u00edan endurn\u00fdtt eins og h\u00e6gt er. Vi\u00f0 gerum allar r\u00e1\u00f0stafanir til a\u00f0 koma \u00ed veg fyrir a\u00f0 mengunarefni komist \u00ed ni\u00f0urf\u00f6ll og ef slys ber a\u00f0 h\u00f6ndum erum vi\u00f0 me\u00f0 \u00ferj\u00e1r ol\u00edugildrur vi\u00f0 ni\u00f0urf\u00f6ll verkst\u00e6\u00f0is okkar.<\/p>\n<p>Vi\u00f0 setjum notkun umhverfisv\u00e6nna vara \u00ed forgang. Vi\u00f0 stefnum a\u00f0 \u00fev\u00ed a\u00f0 kaupa v\u00f6rur og \u00fej\u00f3nustu af birgjum sem hafa sk\u00fdra og helst votta\u00f0a umhverfisstefnu.<\/p>\n<p>Umhverfism\u00e1l var\u00f0a okkur \u00f6ll. \u00dea\u00f0 er aldrei n\u00f3g a\u00f0 gert og of margir \u00fe\u00e6ttir \u00ed samf\u00e9lagi okkar ska\u00f0a n\u00e1tt\u00faruna og \u00fear af lei\u00f0andi okkur. Vi\u00f0 endursko\u00f0um \u00feessi m\u00e1l st\u00f6\u00f0ugt \u00fear sem \u00fea\u00f0 er skylda okkar a\u00f0 vera me\u00f0vitu\u00f0 og opin fyrir \u00f6llum lei\u00f0um til a\u00f0 draga \u00far mengun. Vi\u00f0 fylgjumst n\u00e1i\u00f0 me\u00f0 \u00fer\u00f3un umhverfism\u00e1la og h\u00f6ldum v\u00f6ku okkar \u00e1 \u00feessu svi\u00f0i.<\/p>\n<p><\/p>\n<p>Markmi\u00f0<\/p>\n<p>Umhverfisstefnan ver\u00f0ur uppf\u00e6r\u00f0 og endursko\u00f0u\u00f0 \u00e1rlega.<\/p>\n<p>Vi\u00f0 munum halda \u00e1rlega fr\u00e6\u00f0slufund um umhverfis-, \u00f6ryggis- og g\u00e6\u00f0astj\u00f3rnunarm\u00e1l, \u00fear \u00e1 me\u00f0al vistv\u00e6nan akstur og skyndihj\u00e1lp.<\/p>\n<p>G\u00e6\u00f0ahandb\u00f3k \u00f6kumanna ver\u00f0ur endursko\u00f0u\u00f0 \u00e1rlega. \u00deessi handb\u00f3k er f\u00e1anleg \u00ed \u00f6llum \u00f6kut\u00e6kjum fyrirt\u00e6kisins og \u00fatlistar stefnu fyrirt\u00e6kisins \u00ed umhverfis-, \u00f6ryggis- og g\u00e6\u00f0am\u00e1lum.<\/p>\n<p>S\u00e9rstaklega ver\u00f0ur huga\u00f0 a\u00f0 r\u00e9ttri notkun ol\u00eduhitara til a\u00f0 l\u00e1gmarka lausagang og draga \u00far \u00fatbl\u00e6stri.<\/p>\n<p>Vi\u00f0 munum halda \u00e1fram a\u00f0 nota eing\u00f6ngu umhverfisv\u00e6n hreinsiefni og \u00f6rtrefjad\u00faka \u00ed \u00f6llum \u00f6kut\u00e6kjum og a\u00f0st\u00f6\u00f0u fyrirt\u00e6kisins, \u00fear me\u00f0 tali\u00f0 verkst\u00e6\u00f0i og skrifstofur.<\/p>\n<p>Vi\u00f0 munum kaupa a\u00f0 minnsta kosti \u00ferj\u00e1r n\u00fdjar r\u00fatur b\u00fanar Euro V v\u00e9lum, str\u00f6ngustu \u00fatbl\u00e1sturssta\u00f0li sem n\u00fa er \u00ed gildi \u00ed Evr\u00f3pu.<\/p>\t\t\t\t\t\t\t\t<\/div>\n\t\t\t\t<\/div>\n\t\t\t\t\t<\/div>\n\t\t\t\t<\/div>\n\t\t\t\t<\/div>","protected":false},"excerpt":{"rendered":"<p>Umhverfisstefna Reykjavikexpress hefur skuldbundi\u00f0 sig til a\u00f0 tryggja a\u00f0 n\u00e1tt\u00faru \u00cdslands haldist eins hrein og \u00f3snortin og m\u00f6gulegt er. Stefna okkar er a\u00f0 bj\u00f3\u00f0a upp \u00e1 h\u00e1g\u00e6\u00f0a \u00fej\u00f3nustu me\u00f0 n\u00fdjustu og \u00f6ruggustu farart\u00e6kjunum sem v\u00f6l er \u00e1, en jafnframt a\u00f0 tryggja a\u00f0 umhverfis- og \u00f6ryggism\u00e1l s\u00e9u \u00ed forgrunni \u00ed allri starfsemi okkar. Vi\u00f0 stefnum a\u00f0 \u00fev\u00ed a\u00f0 vera lei\u00f0andi \u00e1 \u00feessu svi\u00f0i, [\u2026]<\/p>","protected":false},"author":1,"featured_media":0,"parent":0,"menu_order":0,"comment_status":"closed","ping_status":"closed","template":"elementor_header_footer","meta":{"footnotes":""},"class_list":["post-584","page","type-page","status-publish","hentry"],"_links":{"self":[{"href":"https:\/\/reykjavikexpress.webdev.is\/is\/wp-json\/wp\/v2\/pages\/584","targetHints":{"allow":["GET"]}}],"collection":[{"href":"https:\/\/reykjavikexpress.webdev.is\/is\/wp-json\/wp\/v2\/pages"}],"about":[{"href":"https:\/\/reykjavikexpress.webdev.is\/is\/wp-json\/wp\/v2\/types\/page"}],"author":[{"embeddable":true,"href":"https:\/\/reykjavikexpress.webdev.is\/is\/wp-json\/wp\/v2\/users\/1"}],"replies":[{"embeddable":true,"href":"https:\/\/reykjavikexpress.webdev.is\/is\/wp-json\/wp\/v2\/comments?post=584"}],"version-history":[{"count":7,"href":"https:\/\/reykjavikexpress.webdev.is\/is\/wp-json\/wp\/v2\/pages\/584\/revisions"}],"predecessor-version":[{"id":645,"href":"https:\/\/reykjavikexpress.webdev.is\/is\/wp-json\/wp\/v2\/pages\/584\/revisions\/645"}],"wp:attachment":[{"href":"https:\/\/reykjavikexpress.webdev.is\/is\/wp-json\/wp\/v2\/media?parent=584"}],"curies":[{"name":"wp","href":"https:\/\/api.w.org\/{rel}","templated":true}]}}