{"id":586,"date":"2025-02-27T15:59:39","date_gmt":"2025-02-27T15:59:39","guid":{"rendered":"https:\/\/reykjavikexpress.webdev.is\/?page_id=586"},"modified":"2025-03-04T10:21:46","modified_gmt":"2025-03-04T10:21:46","slug":"safety-policy","status":"publish","type":"page","link":"https:\/\/reykjavikexpress.webdev.is\/is\/safety-policy\/","title":{"rendered":"\u00d6ryggisstefna"},"content":{"rendered":"<div data-elementor-type=\"wp-page\" data-elementor-id=\"586\" class=\"elementor elementor-586\" data-elementor-post-type=\"page\">\n\t\t\t\t<div data-particle_enable=\"false\" data-particle-mobile-disabled=\"false\" class=\"elementor-element elementor-element-bed5ace e-flex e-con-boxed e-con e-parent\" data-id=\"bed5ace\" data-element_type=\"container\">\n\t\t\t\t\t<div class=\"e-con-inner\">\n\t\t\t\t\t<\/div>\n\t\t\t\t<\/div>\n\t\t<div data-particle_enable=\"false\" data-particle-mobile-disabled=\"false\" class=\"elementor-element elementor-element-eda0fa9 e-flex e-con-boxed e-con e-parent\" data-id=\"eda0fa9\" data-element_type=\"container\">\n\t\t\t\t\t<div class=\"e-con-inner\">\n\t\t\t\t<div class=\"elementor-element elementor-element-18b0b06 elementor-widget elementor-widget-text-editor\" data-id=\"18b0b06\" data-element_type=\"widget\" data-widget_type=\"text-editor.default\">\n\t\t\t\t<div class=\"elementor-widget-container\">\n\t\t\t\t\t\t\t\t\t<h3>\u00d6ryggisstefna<\/h3>\n<p>Starfsmenn Reykjavikexpress hafa sett s\u00e9r \u00f6ryggisstefnu og sett s\u00e9r markmi\u00f0 um a\u00f0 \u00f6ryggi og \u00fe\u00e6gindi far\u00feega s\u00e9u \u00e1vallt \u00ed fyrirr\u00fami. Floti okkar samanstendur af nokkrum af n\u00fdjustu farart\u00e6kjum landsins. Markmi\u00f0 okkar er a\u00f0 hafa h\u00e6fa og \u00e1rei\u00f0anlega \u00f6kumenn, n\u00fat\u00edma \u00f6kut\u00e6ki og tryggja h\u00e1marks \u00f6ryggi og \u00fe\u00e6gindi.<\/p>\n<p>\u00d6kumenn:<\/p>\n<p>\u00d6kuma\u00f0urinn er mikilv\u00e6gasti \u00f6ryggis\u00fe\u00e1tturinn. Mikilv\u00e6gt er a\u00f0 hafa h\u00e6ft og \u00e1rei\u00f0anlegt starfsf\u00f3lk sem getur tekist \u00e1 vi\u00f0 allar a\u00f0st\u00e6\u00f0ur. Fr\u00e1 stofnun f\u00e9lagsins \u00e1ri\u00f0 1969 h\u00f6fum vi\u00f0 starfa\u00f0 fram\u00farskarandi starfsf\u00f3lk sem hefur \u00e1n efa stu\u00f0la\u00f0 a\u00f0 velgengni okkar til lengri t\u00edma liti\u00f0. Vi\u00f0 leggjum \u00e1herslu \u00e1 h\u00e6fni starfsmanna, \u00e1rei\u00f0anleika og bestu m\u00f6gulegu \u00fej\u00e1lfun.<\/p>\n<p>Fyrirbyggjandi vi\u00f0hald:<\/p>\n<p>Verkst\u00e6\u00f0i\u00f0 okkar er m\u00f6nnu\u00f0 af reyndum t\u00e6knim\u00f6nnum sem hafa umsj\u00f3n me\u00f0 \u00f6llu vi\u00f0haldi. Vi\u00f0 setjum fyrirbyggjandi vi\u00f0hald \u00ed forgang og h\u00f6ldum \u00edtarlegar skr\u00e1r yfir \u00f6kut\u00e6ki okkar til a\u00f0 n\u00e1 sem bestum eftirliti.<\/p>\n<p>Hemlakerfi:<\/p>\n<p>N\u00e6stum allir h\u00f3pfer\u00f0ab\u00edlar okkar eru b\u00fanir ABS hemlakerfi, sem eykur \u00f6ryggi verulega, s\u00e9rstaklega \u00ed blautu e\u00f0a h\u00e1lku. Vi\u00f0 leggjum \u00e1herslu \u00e1 a\u00f0 \u00fatb\u00faa \u00f6kut\u00e6ki \u00e1 vi\u00f0eigandi h\u00e1tt fyrir a\u00f0st\u00e6\u00f0ur, svo sem a\u00f0 tryggja r\u00e9tt dekk fyrir vetrarvegi, \u00fear \u00e1 me\u00f0al nagladekk e\u00f0a vetrardekk.<\/p>\n<p>\u00d6ryggisbelti:<\/p>\n<p>Allir vagnar okkar eru b\u00fanir \u00f6ryggisbeltum \u00ed hverju s\u00e6ti, \u00fdmist tveggja punkta e\u00f0a \u00feriggja punkta belti.<\/p>\n<p>\u00d6ryggisr\u00e1\u00f0stafanir:<\/p>\n<p>Markmi\u00f0 okkar me\u00f0 \u00feessari stefnu er a\u00f0 vinna markvisst a\u00f0 \u00fev\u00ed a\u00f0 vi\u00f0halda str\u00f6ngustu \u00f6ryggisst\u00f6\u00f0lum og l\u00e1gmarka atvik eins og h\u00e6gt er. \u00c1rlegt \u00f6ryggis- og umhverfisn\u00e1mskei\u00f0 er haldi\u00f0 fyrir \u00f6kumenn \u00fear sem fari\u00f0 er \u00edtarlega yfir \u00feessi efni. \u00d6ryggisn\u00e1mskei\u00f0i\u00f0 felur \u00ed s\u00e9r votta\u00f0a skyndihj\u00e1lpar\u00fej\u00e1lfun og endursko\u00f0un \u00e1 \u00f6llum \u00f6ryggisb\u00fana\u00f0i sem \u00f6kum\u00f6nnum og far\u00feegum stendur til bo\u00f0a. \u00deessi \u00fej\u00e1lfun er fastur \u00e1rlegur vi\u00f0bur\u00f0ur.<\/p>\t\t\t\t\t\t\t\t<\/div>\n\t\t\t\t<\/div>\n\t\t\t\t\t<\/div>\n\t\t\t\t<\/div>\n\t\t\t\t<\/div>","protected":false},"excerpt":{"rendered":"<p>\u00d6ryggisstefna Starfsmenn Reykjavikexpress hafa sett s\u00e9r \u00f6ryggisstefnu og markmi\u00f0 til a\u00f0 tryggja a\u00f0 \u00f6ryggi og \u00fe\u00e6gindi far\u00feega s\u00e9u \u00e1vallt \u00ed fyrirr\u00fami. Far\u00feegafloti okkar samanstendur af nokkrum af n\u00fdjustu farart\u00e6kjum landsins. Markmi\u00f0 okkar er a\u00f0 hafa h\u00e6fa og \u00e1rei\u00f0anlega b\u00edlstj\u00f3ra, n\u00fat\u00edmaleg farart\u00e6ki og tryggja h\u00e1marks\u00f6ryggi og [\u2026]<\/p>","protected":false},"author":1,"featured_media":0,"parent":0,"menu_order":0,"comment_status":"closed","ping_status":"closed","template":"elementor_header_footer","meta":{"footnotes":""},"class_list":["post-586","page","type-page","status-publish","hentry"],"_links":{"self":[{"href":"https:\/\/reykjavikexpress.webdev.is\/is\/wp-json\/wp\/v2\/pages\/586","targetHints":{"allow":["GET"]}}],"collection":[{"href":"https:\/\/reykjavikexpress.webdev.is\/is\/wp-json\/wp\/v2\/pages"}],"about":[{"href":"https:\/\/reykjavikexpress.webdev.is\/is\/wp-json\/wp\/v2\/types\/page"}],"author":[{"embeddable":true,"href":"https:\/\/reykjavikexpress.webdev.is\/is\/wp-json\/wp\/v2\/users\/1"}],"replies":[{"embeddable":true,"href":"https:\/\/reykjavikexpress.webdev.is\/is\/wp-json\/wp\/v2\/comments?post=586"}],"version-history":[{"count":7,"href":"https:\/\/reykjavikexpress.webdev.is\/is\/wp-json\/wp\/v2\/pages\/586\/revisions"}],"predecessor-version":[{"id":642,"href":"https:\/\/reykjavikexpress.webdev.is\/is\/wp-json\/wp\/v2\/pages\/586\/revisions\/642"}],"wp:attachment":[{"href":"https:\/\/reykjavikexpress.webdev.is\/is\/wp-json\/wp\/v2\/media?parent=586"}],"curies":[{"name":"wp","href":"https:\/\/api.w.org\/{rel}","templated":true}]}}