{"id":593,"date":"2025-02-27T16:06:17","date_gmt":"2025-02-27T16:06:17","guid":{"rendered":"https:\/\/reykjavikexpress.webdev.is\/?page_id=593"},"modified":"2025-03-04T10:20:58","modified_gmt":"2025-03-04T10:20:58","slug":"privacy-policy","status":"publish","type":"page","link":"https:\/\/reykjavikexpress.webdev.is\/is\/privacy-policy\/","title":{"rendered":"Pers\u00f3nuverndarstefna"},"content":{"rendered":"<div data-elementor-type=\"wp-page\" data-elementor-id=\"593\" class=\"elementor elementor-593\" data-elementor-post-type=\"page\">\n\t\t\t\t<div data-particle_enable=\"false\" data-particle-mobile-disabled=\"false\" class=\"elementor-element elementor-element-f869044 e-flex e-con-boxed e-con e-parent\" data-id=\"f869044\" data-element_type=\"container\">\n\t\t\t\t\t<div class=\"e-con-inner\">\n\t\t\t\t\t<\/div>\n\t\t\t\t<\/div>\n\t\t<div data-particle_enable=\"false\" data-particle-mobile-disabled=\"false\" class=\"elementor-element elementor-element-711251b e-flex e-con-boxed e-con e-parent\" data-id=\"711251b\" data-element_type=\"container\">\n\t\t\t\t\t<div class=\"e-con-inner\">\n\t\t\t\t<div class=\"elementor-element elementor-element-b0c2b2a elementor-widget elementor-widget-text-editor\" data-id=\"b0c2b2a\" data-element_type=\"widget\" data-widget_type=\"text-editor.default\">\n\t\t\t\t<div class=\"elementor-widget-container\">\n\t\t\t\t\t\t\t\t\t<h3><b>Pers\u00f3nuverndarstefna<\/b><\/h3>\n<p>S\u00ed\u00f0ast uppf\u00e6rt: 25. ma\u00ed 2018<\/p>\n<p>Reykjavikexpress hefur skuldbundi\u00f0 sig til a\u00f0 vernda fri\u00f0helgi einkal\u00edfs gesta \u00e1 vefs\u00ed\u00f0u okkar. \u00de\u00fa hefur r\u00e9tt til a\u00f0 sko\u00f0a s\u00ed\u00f0una okkar \u00e1n \u00feess a\u00f0 gefa upp neinar pers\u00f3nulegar uppl\u00fdsingar. Reykjavikexpress hefur einnig skuldbundi\u00f0 sig til a\u00f0 vernda fri\u00f0helgi \u00e1skrifenda fr\u00e9ttabr\u00e9fa og \u00feeirra sem veita okkur uppl\u00fdsingar sem gera okkur kleift a\u00f0 hafa samband vi\u00f0 \u00fe\u00e1. \u00deegar \u00fe\u00fa heims\u00e6kir vefs\u00ed\u00f0u okkar, skr\u00e1ir \u00feig \u00e1 forgangslista e\u00f0a sl\u00e6r\u00f0 inn pers\u00f3nulegar uppl\u00fdsingar \u00e1 hva\u00f0a ey\u00f0ubl\u00f6\u00f0 sem er \u00e1 vefs\u00ed\u00f0u okkar, krefjumst vi\u00f0 \u00feess a\u00f0 \u00fe\u00fa veitir pers\u00f3nulegar uppl\u00fdsingar um sj\u00e1lfan \u00feig. Vi\u00f0 s\u00f6fnum einnig vafrauppl\u00fdsingum.<\/p>\n<p>\u00deessi pers\u00f3nuverndarstefna stj\u00f3rnar s\u00f6fnun, me\u00f0h\u00f6ndlun og notkun pers\u00f3nuuppl\u00fdsinga \u00feinna. Me\u00f0 \u00fev\u00ed a\u00f0 nota vefs\u00ed\u00f0u okkar sam\u00feykkir \u00fe\u00fa gagnavenjur sem l\u00fdst er \u00ed \u00feessari pers\u00f3nuverndarstefnu. Ef \u00fe\u00fa sam\u00feykkir ekki \u00feessa skilm\u00e1la \u00e6ttir \u00fe\u00fa a\u00f0 h\u00e6tta a\u00f0 vafra og for\u00f0ast a\u00f0 nota vefs\u00ed\u00f0u okkar, v\u00f6rur e\u00f0a \u00fej\u00f3nustu<\/p>\n<p>Vi\u00f0 uppf\u00e6rum \u00feessa pers\u00f3nuverndarstefnu reglulega og vi\u00f0 r\u00e1\u00f0leggjum \u00fe\u00e9r a\u00f0 heims\u00e6kja \u00feessa s\u00ed\u00f0u og sko\u00f0a hana reglulega. Ef \u00fe\u00fa ert \u00e1 einhverjum p\u00f3stlista okkar f\u00e6r\u00f0u tilkynningu \u00ed t\u00f6lvup\u00f3sti \u00feegar \u00feessi pers\u00f3nuverndarstefna breytist.<\/p>\n<h4>\n<\/h4><h5>\n<h5><ol><li>Mikilv\u00e6gar uppl\u00fdsingar<\/li><\/ol><\/h5>\n<\/h5>\n\n<p>1.1. Hvernig \u00e1 a\u00f0 hafa samband vi\u00f0 okkur<\/p>\n<p>Ef \u00fe\u00fa hefur einhverjar spurningar var\u00f0andi pers\u00f3nuverndarstefnu okkar e\u00f0a me\u00f0fer\u00f0 pers\u00f3nuuppl\u00fdsinga \u00feinna, vinsamlegast sendu okkur t\u00f6lvup\u00f3st \u00e1 gt@gtyrfingsson.is.<\/p>\n<p>1.2. Deilir Reykjavikexpress uppl\u00fdsingum \u00fe\u00ednum?<\/p>\n<p>Reykjavikexpress leigir ekki e\u00f0a selur pers\u00f3nugreinanlegar uppl\u00fdsingar til \u00feri\u00f0ja a\u00f0ila.<\/p>\n<p>1.3. Breytingar \u00e1 pers\u00f3nuverndarstefnu<\/p>\n<p>Allar breytingar \u00e1 \u00feessari pers\u00f3nuverndarstefnu ver\u00f0a uppf\u00e6r\u00f0ar \u00e1 \u00feessari s\u00ed\u00f0u og vi\u00f0 hvetjum alla til a\u00f0 sko\u00f0a \u00feessa pers\u00f3nuverndarstefnu reglulega til a\u00f0 sko\u00f0a allar breytingar. Ef verulegar breytingar ver\u00f0a ger\u00f0ar \u00e1 pers\u00f3nuverndarstefnu okkar munum vi\u00f0 senda t\u00f6lvup\u00f3sttilkynningu til allra \u00e1skrifenda okkar. \u00deetta hj\u00e1lpar \u00fe\u00e9r a\u00f0 vera uppl\u00fdst um uppl\u00fdsingarnar sem vi\u00f0 s\u00f6fnum, hvernig vi\u00f0 notum \u00fe\u00e6r, hvar vi\u00f0 s\u00f6fnum \u00feeim og vi\u00f0 hva\u00f0a a\u00f0st\u00e6\u00f0ur, ef einhverjar, \u00fe\u00e6r eru birtar. \u00c1framhaldandi notkun \u00e1 vefs\u00ed\u00f0u okkar, \u00e1skriftar\u00fej\u00f3nustu og\/e\u00f0a veitingu pers\u00f3nuuppl\u00fdsinga til okkar mun falla undir \u00fe\u00e1gildandi pers\u00f3nuverndarstefnu.<\/p>\n<h5><ol start=\"2\"><li>Skilgreiningar<\/li><\/ol><\/h5>\n<p>2.1. \u201eVi\u00f0kv\u00e6mar uppl\u00fdsingar\u201c<\/p>\n<p>H\u00e9r er \u00e1tt vi\u00f0 kreditkortauppl\u00fdsingar, pers\u00f3nulegar fj\u00e1rhagsuppl\u00fdsingar (sta\u00f0a bankareiknings), kennit\u00f6lur e\u00f0a uppl\u00fdsingar um andlega e\u00f0a l\u00edkamlega heilsu.<\/p>\n<p>2.2. \u201ePers\u00f3nuuppl\u00fdsingar\u201c<\/p>\n<p>\u00deetta v\u00edsar til hvers kyns uppl\u00fdsinga sem \u00fe\u00fa sendir okkur af f\u00fasum og frj\u00e1lsum vilja sem au\u00f0kenna \u00feig pers\u00f3nulega, \u00fear \u00e1 me\u00f0al uppl\u00fdsingar um tengili\u00f0i eins og nafn \u00feitt, netfang, nafn fyrirt\u00e6kis, p\u00f3stfang, s\u00edman\u00famer e\u00f0a a\u00f0rar uppl\u00fdsingar um \u00feig e\u00f0a fyrirt\u00e6ki \u00feitt.<\/p>\n<p>Pers\u00f3nuuppl\u00fdsingar geta einnig fali\u00f0 \u00ed s\u00e9r uppl\u00fdsingar um vi\u00f0skipti \u2013 hvort sem \u00feau eru \u00f3keypis e\u00f0a greidd \u2013 sem \u00fe\u00fa sl\u00e6r\u00f0 inn \u00e1 vefs\u00ed\u00f0una, svo og uppl\u00fdsingar um \u00feig a\u00f0gengilegar \u00e1 netinu, til d\u00e6mis \u00e1 Facebook, Instagram, LinkedIn, Twitter og Google, e\u00f0a a\u00f0rar opinberar uppl\u00fdsingar fr\u00e1 \u00fej\u00f3nustuveitendum okkar.<\/p>\n<p>2.3. \u201eVafra\u00f0 uppl\u00fdsingar\u201c<\/p>\n<p>\u00deetta v\u00edsar til uppl\u00fdsinga um vafraheg\u00f0un \u00fe\u00edna, vafrak\u00f6kur og endurmi\u00f0unark\u00f6kur. Vafrakaka er textaskr\u00e1 sem vef\u00fej\u00f3nn setur \u00e1 har\u00f0a diskinn \u00feinn. Vafrak\u00f6kur eru ekki nota\u00f0ar til a\u00f0 keyra forrit e\u00f0a senda v\u00edrusa \u00ed t\u00f6lvuna \u00fe\u00edna. Vafrauppl\u00fdsingar innihalda einnig uppl\u00fdsingar um t\u00f6lvuna \u00fe\u00edna og heims\u00f3knir \u00fe\u00ednar \u00e1 \u00feessa vefs\u00ed\u00f0u, svo sem IP t\u00f6lu \u00fe\u00edna, landfr\u00e6\u00f0ilega sta\u00f0setningu, ger\u00f0 vafra, tilv\u00edsunars\u00ed\u00f0u, lengd heims\u00f3knar og fj\u00f6lda sko\u00f0a\u00f0ra s\u00ed\u00f0na. Vafrak\u00f6kur eru s\u00e9rt\u00e6kar \u00fathluta\u00f0ar til \u00fe\u00edn. Einn a\u00f0altilgangur vafrak\u00f6kum er a\u00f0 veita \u00fe\u00e6gilegri vafraupplifun og spara \u00fe\u00e9r t\u00edma. Tilgangur vafrak\u00f6ku er a\u00f0 tilkynna vef\u00fej\u00f3ninum a\u00f0 \u00fe\u00fa hafir fari\u00f0 aftur \u00e1 tiltekna s\u00ed\u00f0u.<\/p>\n<p>Smelltu [h\u00e9r] (tengill fylgir ekki) til a\u00f0 f\u00e1 uppl\u00fdsingar um hvernig \u00e1 a\u00f0 sl\u00f6kkva \u00e1 vafrak\u00f6kum.<\/p>\n<h5><ol start=\"3\"><li>Uppl\u00fdsingar sem vi\u00f0 s\u00f6fnum<\/li><\/ol><\/h5>\n<p>3.1. \u00deegar \u00fe\u00fa heims\u00e6kir vefs\u00ed\u00f0u okkar<\/p>\n<p>\u00de\u00e9r er frj\u00e1lst a\u00f0 heims\u00e6kja og vafra um vefs\u00ed\u00f0u okkar \u00e1n \u00feess a\u00f0 veita pers\u00f3nulegar uppl\u00fdsingar. Hins vegar, \u00feegar \u00fe\u00fa heims\u00e6kir vefs\u00ed\u00f0u okkar, skr\u00e1ir \u00feig fyrir t\u00f6lvup\u00f3stlista, \u00fej\u00f3nustu e\u00f0a \u00e1skrift, \u00feurfum vi\u00f0 pers\u00f3nulegar uppl\u00fdsingar. Vi\u00f0 s\u00f6fnum einnig vafrauppl\u00fdsingum.<\/p>\n<p>3.2. S\u00f6fnun pers\u00f3nuuppl\u00fdsinga<\/p>\n<p>Reykjavikexpress safnar pers\u00f3nugreinanlegum uppl\u00fdsingum fr\u00e1 gestum, sem v\u00edsa til hvers kyns uppl\u00fdsinga sem \u00fe\u00fa sendir okkur af f\u00fasum og frj\u00e1lsum vilja sem au\u00f0kenna \u00feig pers\u00f3nulega, svo sem netfang \u00feitt, p\u00f3stfang, s\u00edman\u00famer, nafn, nafn fyrirt\u00e6kis e\u00f0a a\u00f0rar uppl\u00fdsingar um \u00feig e\u00f0a fyrirt\u00e6ki \u00feitt. Pers\u00f3nuuppl\u00fdsingar geta einnig fali\u00f0 \u00ed s\u00e9r vi\u00f0skipti (\u00f3keypis e\u00f0a greidd) sem \u00fe\u00fa sl\u00e6r\u00f0 inn \u00e1 vefs\u00ed\u00f0u okkar, svo og uppl\u00fdsingar um \u00feig sem eru a\u00f0gengilegar almenningi \u00e1 netinu (td Instagram, Facebook, Google, LinkedIn, Twitter) e\u00f0a veittar af \u00fej\u00f3nustua\u00f0ilum okkar. H\u00e9r a\u00f0 ne\u00f0an er listi yfir hvernig vi\u00f0 s\u00f6fnum pers\u00f3nuuppl\u00fdsingum fr\u00e1 gestum og hva\u00f0a uppl\u00fdsingum vi\u00f0 s\u00f6fnum:<\/p>\n<p>Fr\u00e9ttabr\u00e9f \u00ed t\u00f6lvup\u00f3sti<\/p>\n<p>Til a\u00f0 skr\u00e1 \u00feig \u00e1 fr\u00e9ttabr\u00e9fin okkar \u00ed t\u00f6lvup\u00f3sti \u00feurfum vi\u00f0:<\/p>\n<p>(a) Nafn<\/p>\n<p>(b) Netfang<\/p>\n<p>\u00deessar uppl\u00fdsingar eru nau\u00f0synlegar til a\u00f0 f\u00e1 fr\u00e9ttabr\u00e9fi\u00f0 okkar. Reykjavikexpress notar Campaign Monitor til a\u00f0 safna og senda fr\u00e9ttabr\u00e9f \u00ed t\u00f6lvup\u00f3sti. \u00de\u00fa getur lesi\u00f0 pers\u00f3nuverndarstefnu \u00feeirra h\u00e9r: [Pers\u00f3nuverndarstefna Campaign Monitor] (tengill fylgir ekki).<\/p>\n<p>Haf\u00f0u Ey\u00f0ubl\u00f6\u00f0<\/p>\n<p>Til a\u00f0 hafa samband vi\u00f0 okkur til a\u00f0 opna samskipti hvers konar, svara spurningum o.s.frv., hefur Reykjavikexpress \u00fdmis ey\u00f0ubl\u00f6\u00f0 \u00e1 vefs\u00ed\u00f0u sinni sem krefjast mismunandi uppl\u00fdsinga, \u00fe\u00f3 flestir bi\u00f0ji um:<\/p>\n<p>(a) Nafn<\/p>\n<p>(b) Netfang<\/p>\n<p>Til \u00feess a\u00f0 Reykjavikexpress geti svara\u00f0 \u00fe\u00e9r \u00feurfum vi\u00f0 \u00feessar uppl\u00fdsingar.<\/p>\n<p>Kaup \u00e1 netinu<\/p>\n<p>\u00deegar \u00fe\u00fa kaupir v\u00f6ru e\u00f0a \u00fej\u00f3nustu fr\u00e1 Reykjavikexpress notum vi\u00f0 rafr\u00e6nt vi\u00f0skiptakerfi \u00feri\u00f0ja a\u00f0ila. \u00de\u00fa getur smellt [h\u00e9r] (tengill fylgir ekki) til a\u00f0 sko\u00f0a pers\u00f3nuverndarstefnu \u00feess. Ef \u00fe\u00fa gefur upp kreditkortauppl\u00fdsingar notum vi\u00f0 \u00fe\u00e6r eing\u00f6ngu til a\u00f0 sta\u00f0festa grei\u00f0slugetu og til a\u00f0 vinna \u00far grei\u00f0slu \u00feinni. Vi\u00f0 notum \u00feri\u00f0ja a\u00f0ila til a\u00f0 vinna \u00far kortaf\u00e6rslum og ganga fr\u00e1 grei\u00f0slum. \u00de\u00fa getur sko\u00f0a\u00f0 skilm\u00e1la \u00feeirra h\u00e9r: [Borgun Skilm\u00e1lar] (tengill fylgir ekki). Vi\u00f0skipti eru trygg\u00f0 me\u00f0 SSL dulk\u00f3\u00f0un og kreditkortauppl\u00fdsingar eru aldrei sendar me\u00f0 t\u00f6lvup\u00f3sti. Kreditkortauppl\u00fdsingum er eytt \u00far kerfinu okkar reglulega.<\/p>\n<h5><ol start=\"4\"><li>Hvernig vi\u00f0 notum uppl\u00fdsingarnar sem vi\u00f0 s\u00f6fnum<\/li><\/ol><\/h5>\n<p>4.1. Notkun pers\u00f3nuuppl\u00fdsinga<\/p>\n<p>Pers\u00f3nuuppl\u00fdsingar sem Reykjavikexpress safnar eru fyrst og fremst nota\u00f0ar \u00ed \u00feeim tilgangi sem \u00feeim var safna\u00f0: til a\u00f0 dreifa skj\u00f6lum og senda fr\u00e9ttabr\u00e9f \u00ed t\u00f6lvup\u00f3sti. Reykjavikexpress g\u00e6ti einnig nota\u00f0 uppl\u00fdsingarnar \u00fe\u00ednar fyrir eftirfarandi:<\/p>\n<p>Til a\u00f0 uppl\u00fdsa \u00feig um n\u00fdjar v\u00f6rur, \u00fej\u00f3nustu e\u00f0a uppl\u00fdsingar sem g\u00e6tu haft \u00e1huga \u00e1 \u00fe\u00e9r.<\/p>\n<p>Til a\u00f0 senda kynningarefni.<\/p>\n<p>A\u00f0 safna saman uppl\u00fdsingum me\u00f0 g\u00f6gnum annarra \u00e1skrifenda til a\u00f0 meta \u00e1rangur marka\u00f0ssetningar okkar og greina almenna l\u00fd\u00f0fr\u00e6\u00f0i.<\/p>\n<p>Reykjavikexpress g\u00e6ti haft samband vi\u00f0 \u00feig til a\u00f0 senda kannanir og greina g\u00f6gn til a\u00f0 f\u00e1 inns\u00fdn \u00ed mynstur sem tengjast i\u00f0na\u00f0i, v\u00f6rum, \u00fej\u00f3nustu e\u00f0a \u00f6\u00f0rum vi\u00f0skiptatengdum svi\u00f0um.<\/p>\n<p>Til vi\u00f0b\u00f3tar vi\u00f0 \u00fe\u00e1 notkun sem nefnd er annars sta\u00f0ar \u00ed \u00feessari pers\u00f3nuverndarstefnu, kunnum vi\u00f0 a\u00f0 nota pers\u00f3nuuppl\u00fdsingar til a\u00f0:<\/p>\n<p>(a) senda \u00fe\u00e9r uppl\u00fdsingar sem vi\u00f0 teljum a\u00f0 g\u00e6tu haft \u00e1huga \u00e1 \u00fe\u00e9r me\u00f0 p\u00f3sti, t\u00f6lvup\u00f3sti e\u00f0a \u00f6\u00f0rum lei\u00f0um;<\/p>\n<p>(b) auka vafraupplifun \u00fe\u00edna me\u00f0 \u00fev\u00ed a\u00f0 s\u00e9rsn\u00ed\u00f0a vefs\u00ed\u00f0una og b\u00e6ta \u00fej\u00f3nustu okkar;<\/p>\n<p>(c) senda \u00fe\u00e9r marka\u00f0sefni sem tengist vi\u00f0skiptum okkar e\u00f0a vandlega v\u00f6ldum \u00feri\u00f0ja a\u00f0ila sem vi\u00f0 teljum a\u00f0 g\u00e6ti haft \u00e1huga \u00e1 \u00fe\u00e9r;<\/p>\n<p>(d) veita \u00f6\u00f0rum fyrirt\u00e6kjum t\u00f6lfr\u00e6\u00f0ilegar uppl\u00fdsingar um notendur okkar - \u00fe\u00f3 \u00feessi g\u00f6gn ver\u00f0i aldrei notu\u00f0 til a\u00f0 au\u00f0kenna einstaka notendur.<\/p>\n<p>Vi\u00f0 g\u00e6tum nota\u00f0 tengili\u00f0auppl\u00fdsingar til a\u00f0 hafa samband vi\u00f0 \u00feig fyrir h\u00f6nd samstarfsa\u00f0ila okkar var\u00f0andi s\u00e9rtilbo\u00f0 sem vi\u00f0 teljum a\u00f0 g\u00e6tu haft \u00e1huga \u00e1 \u00fe\u00e9r. \u00cd sl\u00edkum tilvikum munum vi\u00f0 ekki flytja pers\u00f3nugreinanlegar uppl\u00fdsingar \u00fe\u00ednar til \u00feri\u00f0ja a\u00f0ila. A\u00f0 auki g\u00e6tum vi\u00f0 deilt g\u00f6gnum me\u00f0 traustum samstarfsa\u00f0ilum til a\u00f0 hafa samband vi\u00f0 \u00feig \u00e1 grundvelli bei\u00f0ni \u00feinnar um uppl\u00fdsingar, til a\u00f0 hj\u00e1lpa okkur a\u00f0 framkv\u00e6ma t\u00f6lfr\u00e6\u00f0ilega greiningu e\u00f0a veita stu\u00f0nings\u00fej\u00f3nustu. \u00deessum \u00feri\u00f0ju a\u00f0ilum er banna\u00f0 a\u00f0 nota pers\u00f3nuuppl\u00fdsingar \u00fe\u00ednar nema til a\u00f0 veita \u00feessa \u00fej\u00f3nustu, og \u00feeir \u00feurfa a\u00f0 halda tr\u00fana\u00f0i um uppl\u00fdsingar \u00fe\u00ednar.<\/p>\n<p>4.2. Endurmi\u00f0un<\/p>\n<p>Reykjavikexpress notar endurmi\u00f0un, n\u00fdtir vafrak\u00f6kur og vi\u00f0skiptapixla fr\u00e1 s\u00f6lua\u00f0ilum eins og Pinterest, LinkedIn, Google, Facebook, Instagram og Twitter, til a\u00f0 s\u00fdna \u00fe\u00e9r markvissar augl\u00fdsingar og marka\u00f0sefni um v\u00f6rur okkar e\u00f0a \u00fej\u00f3nustu \u00ed gegnum Google Display Network og samf\u00e9lagsmi\u00f0la. \u00de\u00fa g\u00e6tir s\u00e9\u00f0 augl\u00fdsingar fr\u00e1 okkur vegna heims\u00f3knar \u00e1 vefs\u00ed\u00f0u okkar. Vi\u00f0 notum einnig s\u00e9rsni\u00f0na markh\u00f3pa bygg\u00f0a \u00e1 netf\u00f6ngum \u00e1skrifenda okkar og vi\u00f0skiptavina, sem gerir okkur kleift a\u00f0 s\u00fdna \u00fe\u00e9r augl\u00fdsingar okkar og tilbo\u00f0 sem tengjast v\u00f6rum okkar e\u00f0a \u00fej\u00f3nustu \u00e1 Facebook og \u00f6\u00f0rum samf\u00e9lagsmi\u00f0lum. Engar pers\u00f3nugreinanlegar uppl\u00fdsingar eru nota\u00f0ar \u00ed \u00f6\u00f0rum tilgangi en a\u00f0 koma tilteknu efni fr\u00e1 okkur.<\/p>\n<p>LinkedIn: Af\u00feakka\u00f0u LinkedIn endurmi\u00f0un [h\u00e9r].<\/p>\n<p>Facebook: Af\u00feakka\u00f0u endurmarkmi\u00f0un Facebook [h\u00e9r].<\/p>\n<p>Twitter: Af\u00feakka Twitter endurmarkmi\u00f0un [h\u00e9r].<\/p>\n<p>Pinterest: Af\u00feakka\u00f0u endurmarkmi\u00f0 Pinterest [h\u00e9r].<\/p>\n<p>Google: Af\u00feakka endurmi\u00f0un Google [h\u00e9r].<\/p>\n<p>Vi\u00f0 notum vafrauppl\u00fdsingar til a\u00f0 stj\u00f3rna og b\u00e6ta vefs\u00ed\u00f0u okkar og \u00fej\u00f3nustu. Vi\u00f0 g\u00e6tum einnig nota\u00f0 vafrauppl\u00fdsingar einar s\u00e9r e\u00f0a \u00e1samt pers\u00f3nuuppl\u00fdsingum til a\u00f0 veita \u00fe\u00e9r pers\u00f3nulegar uppl\u00fdsingar um Reykjavikexpress.<\/p>\n<p>Reykjavikexpress og samstarfsa\u00f0ilar \u00feess nota vafrak\u00f6kur og svipa\u00f0a t\u00e6kni til greiningar, stj\u00f3rnun vefsv\u00e6\u00f0a, rekja notendur og safna saman l\u00fd\u00f0fr\u00e6\u00f0ilegum uppl\u00fdsingum.<\/p>\n<p>\u00de\u00fa getur vali\u00f0 a\u00f0 sam\u00feykkja e\u00f0a hafna vafrak\u00f6kum. Flestir vafrar sam\u00feykkja vafrak\u00f6kur sj\u00e1lfkrafa, en \u00fe\u00fa getur venjulega breytt vafrastillingum \u00fe\u00ednum til a\u00f0 hafna vafrak\u00f6kum ef \u00fe\u00fa vilt.<\/p>\n<p>4.3. Stefna gegn ruslp\u00f3sti<\/p>\n<p>Reykjavikexpress mun a\u00f0eins senda t\u00f6lvup\u00f3st til notenda sem hafa beinl\u00ednis \u00f3ska\u00f0 eftir \u00fev\u00ed a\u00f0 f\u00e1 t\u00f6lvup\u00f3st fr\u00e1 okkur. Reykjavikexpress er eindregi\u00f0 \u00e1 m\u00f3ti ruslp\u00f3sti og mun a\u00f0eins senda \u00fe\u00e9r skilabo\u00f0 sem vi\u00f0 teljum a\u00f0 g\u00e6tu haft \u00e1huga \u00e1 \u00fe\u00e9r. Sem d\u00e6mi m\u00e1 nefna:<\/p>\n<p>Skr\u00e1ning \u00e1 fr\u00e9ttabr\u00e9falistann okkar.<\/p>\n<p>A\u00f0 fylla \u00fat eitt af ey\u00f0ubl\u00f6\u00f0um okkar fyrir tengili\u00f0auppl\u00fdsingar.<\/p>\n<p>\u00d6ll samskipti munu skipta m\u00e1li fyrir \u00fea\u00f0 samhengi sem \u00fe\u00fa gafst upp uppl\u00fdsingarnar \u00fe\u00ednar \u00ed.<\/p>\n<p>Reykjavikexpress notar \u00feri\u00f0ja a\u00f0ila til a\u00f0 geyma og dreifa fr\u00e9ttabr\u00e9finu okkar.<\/p>\n<p>4.4. Ytri hlekkir<\/p>\n<p>\u00deessi vefs\u00ed\u00f0a inniheldur tengla \u00e1 a\u00f0rar s\u00ed\u00f0ur. Vinsamlegast athugi\u00f0 a\u00f0 Reykjavikexpress ber ekki \u00e1byrg\u00f0 \u00e1 pers\u00f3nuverndarstefnu e\u00f0a innihaldi sl\u00edkra vefsv\u00e6\u00f0a. Vi\u00f0 hvetjum notendur okkar til a\u00f0 vera me\u00f0vita\u00f0ir \u00feegar \u00feeir yfirgefa vefs\u00ed\u00f0u okkar og a\u00f0 lesa pers\u00f3nuverndarstefnur og reglur um ruslp\u00f3st \u00e1 hverri s\u00ed\u00f0u sem safnar pers\u00f3nugreinanlegum uppl\u00fdsingum. Reykjavikexpress ber ekki \u00e1byrg\u00f0 \u00e1 gagnas\u00f6fnun e\u00f0a notkun pers\u00f3nuuppl\u00fdsinga \u00e1 neinum tengdum s\u00ed\u00f0um.<\/p>\t\t\t\t\t\t\t\t<\/div>\n\t\t\t\t<\/div>\n\t\t\t\t\t<\/div>\n\t\t\t\t<\/div>\n\t\t\t\t<\/div>","protected":false},"excerpt":{"rendered":"<p>Pers\u00f3nuverndarstefna S\u00ed\u00f0ast uppf\u00e6r\u00f0: 25. ma\u00ed 2018 Reykjavikexpress hefur skuldbundi\u00f0 sig til a\u00f0 vernda fri\u00f0helgi gesta vefs\u00ed\u00f0u okkar. \u00de\u00fa hefur r\u00e9tt til a\u00f0 sko\u00f0a s\u00ed\u00f0una okkar \u00e1n \u00feess a\u00f0 gefa upp neinar pers\u00f3nuuppl\u00fdsingar. Reykjavikexpress hefur einnig skuldbundi\u00f0 sig til a\u00f0 vernda fri\u00f0helgi \u00e1skrifenda fr\u00e9ttabr\u00e9fsins og \u00feeirra sem veita okkur uppl\u00fdsingar sem gera okkur kleift a\u00f0 hafa samband vi\u00f0 [\u2026]<\/p>","protected":false},"author":1,"featured_media":0,"parent":0,"menu_order":0,"comment_status":"closed","ping_status":"closed","template":"elementor_header_footer","meta":{"footnotes":""},"class_list":["post-593","page","type-page","status-publish","hentry"],"_links":{"self":[{"href":"https:\/\/reykjavikexpress.webdev.is\/is\/wp-json\/wp\/v2\/pages\/593","targetHints":{"allow":["GET"]}}],"collection":[{"href":"https:\/\/reykjavikexpress.webdev.is\/is\/wp-json\/wp\/v2\/pages"}],"about":[{"href":"https:\/\/reykjavikexpress.webdev.is\/is\/wp-json\/wp\/v2\/types\/page"}],"author":[{"embeddable":true,"href":"https:\/\/reykjavikexpress.webdev.is\/is\/wp-json\/wp\/v2\/users\/1"}],"replies":[{"embeddable":true,"href":"https:\/\/reykjavikexpress.webdev.is\/is\/wp-json\/wp\/v2\/comments?post=593"}],"version-history":[{"count":13,"href":"https:\/\/reykjavikexpress.webdev.is\/is\/wp-json\/wp\/v2\/pages\/593\/revisions"}],"predecessor-version":[{"id":636,"href":"https:\/\/reykjavikexpress.webdev.is\/is\/wp-json\/wp\/v2\/pages\/593\/revisions\/636"}],"wp:attachment":[{"href":"https:\/\/reykjavikexpress.webdev.is\/is\/wp-json\/wp\/v2\/media?parent=593"}],"curies":[{"name":"wp","href":"https:\/\/api.w.org\/{rel}","templated":true}]}}