{"id":626,"date":"2025-03-04T10:19:20","date_gmt":"2025-03-04T10:19:20","guid":{"rendered":"https:\/\/reykjavikexpress.webdev.is\/?page_id=626"},"modified":"2025-03-04T10:20:33","modified_gmt":"2025-03-04T10:20:33","slug":"quality-policy","status":"publish","type":"page","link":"https:\/\/reykjavikexpress.webdev.is\/is\/quality-policy\/","title":{"rendered":"G\u00e6\u00f0astefna"},"content":{"rendered":"<div data-elementor-type=\"wp-page\" data-elementor-id=\"626\" class=\"elementor elementor-626\" data-elementor-post-type=\"page\">\n\t\t\t\t<div data-particle_enable=\"false\" data-particle-mobile-disabled=\"false\" class=\"elementor-element elementor-element-b925f28 e-flex e-con-boxed e-con e-parent\" data-id=\"b925f28\" data-element_type=\"container\">\n\t\t\t\t\t<div class=\"e-con-inner\">\n\t\t\t\t\t<\/div>\n\t\t\t\t<\/div>\n\t\t<div data-particle_enable=\"false\" data-particle-mobile-disabled=\"false\" class=\"elementor-element elementor-element-46f5198 e-flex e-con-boxed e-con e-parent\" data-id=\"46f5198\" data-element_type=\"container\">\n\t\t\t\t\t<div class=\"e-con-inner\">\n\t\t\t\t<div class=\"elementor-element elementor-element-eb3d4a9 elementor-widget elementor-widget-text-editor\" data-id=\"eb3d4a9\" data-element_type=\"widget\" data-widget_type=\"text-editor.default\">\n\t\t\t\t<div class=\"elementor-widget-container\">\n\t\t\t\t\t\t\t\t\t<h3>G\u00e6\u00f0astefna<\/h3><p>Reykjavikexpress mi\u00f0ar a\u00f0 \u00fev\u00ed a\u00f0 veita vi\u00f0skiptavinum n\u00fat\u00edmaleg, h\u00e1g\u00e6\u00f0a farart\u00e6ki og fyrsta flokks \u00fej\u00f3nustu. Fyrirt\u00e6ki\u00f0 hefur skuldbundi\u00f0 sig til a\u00f0 vi\u00f0halda st\u00f6\u00f0u sinni sem lei\u00f0andi \u00ed g\u00e6\u00f0astj\u00f3rnun og mun \u00e1vallt leita lei\u00f0a til a\u00f0 b\u00e6ta og efla \u00fej\u00f3nustu vi\u00f0 vi\u00f0skiptavini.<\/p><p>Vi\u00f0 innlei\u00f0um \u00feessa stefnu me\u00f0 eftirfarandi markmi\u00f0um:<\/p><p>Vi\u00f0 a\u00f0lagum okkur a\u00f0 \u00fe\u00f6rfum vi\u00f0skiptavina okkar og leitum allra m\u00f6gulegra lei\u00f0a til a\u00f0 m\u00e6ta \u00f3skum \u00feeirra.<\/p><p>Vi\u00f0 leggjum \u00e1herslu \u00e1 a\u00f0 bj\u00f3\u00f0a upp \u00e1 b\u00edla \u00ed h\u00e6sta g\u00e6\u00f0aflokki sem v\u00f6l er \u00e1.<\/p><p>\u00d6ll \u00f6kut\u00e6ki fara \u00ed sko\u00f0un \u00ed byrjun hvers \u00e1rs og \u00feeim er vi\u00f0haldi\u00f0 me\u00f0 reglubundnu \u00fej\u00f3nustueftirliti.<\/p><p>Allar kvartanir vi\u00f0skiptavina var\u00f0andi \u00fej\u00f3nustu e\u00f0a g\u00e6\u00f0i ver\u00f0a skr\u00e1\u00f0ar og strax sko\u00f0a\u00f0ar.<\/p><p>\u00c1rlegt g\u00e6\u00f0astj\u00f3rnunarn\u00e1m er haldi\u00f0 \u00fear sem fari\u00f0 er yfir alla \u00fe\u00e6tti sem tengjast g\u00e6\u00f0astj\u00f3rnun.<\/p><p>G\u00e6\u00f0ahandb\u00f3k \u00f6kumanna er endursko\u00f0u\u00f0 \u00e1rlega og uppf\u00e6r\u00f0 eftir \u00fe\u00f6rfum. \u00deessi handb\u00f3k, sem er a\u00f0gengileg \u00ed \u00f6llum farart\u00e6kjum, l\u00fdsir \u00e1byrg\u00f0 starfsmanna fr\u00e1 upphafi fer\u00f0ar \u00fear til henni er loki\u00f0, \u00e1samt stefnum fyrirt\u00e6kisins og \u00f6\u00f0rum nau\u00f0synlegum uppl\u00fdsingum.<\/p><p>Vi\u00f0 st\u00f6rfum \u00ed samr\u00e6mi vi\u00f0 Beluga umhverfis-, \u00f6ryggis- og g\u00e6\u00f0astj\u00f3rnunarkerfi.<\/p>\t\t\t\t\t\t\t\t<\/div>\n\t\t\t\t<\/div>\n\t\t\t\t\t<\/div>\n\t\t\t\t<\/div>\n\t\t\t\t<\/div>","protected":false},"excerpt":{"rendered":"<p>G\u00e6\u00f0astefna Reykjav\u00edkexpress stefnir a\u00f0 \u00fev\u00ed a\u00f0 veita vi\u00f0skiptavinum s\u00ednum n\u00fat\u00edmaleg, h\u00e1g\u00e6\u00f0a \u00f6kut\u00e6ki og fyrsta flokks \u00fej\u00f3nustu. Fyrirt\u00e6ki\u00f0 er sta\u00f0r\u00e1\u00f0i\u00f0 \u00ed a\u00f0 vi\u00f0halda st\u00f6\u00f0u sinni sem lei\u00f0andi \u00ed g\u00e6\u00f0astj\u00f3rnun og mun alltaf leita lei\u00f0a til a\u00f0 b\u00e6ta og efla \u00fej\u00f3nustu vi\u00f0 vi\u00f0skiptavini. Vi\u00f0 framfylgjum \u00feessari stefnu me\u00f0 eftirfarandi markmi\u00f0um: Vi\u00f0 a\u00f0l\u00f6gum okkur a\u00f0 \u00fe\u00f6rfum vi\u00f0skiptavina okkar og leitumst vi\u00f0 [\u2026]<\/p>","protected":false},"author":1,"featured_media":0,"parent":0,"menu_order":0,"comment_status":"closed","ping_status":"closed","template":"elementor_header_footer","meta":{"footnotes":""},"class_list":["post-626","page","type-page","status-publish","hentry"],"_links":{"self":[{"href":"https:\/\/reykjavikexpress.webdev.is\/is\/wp-json\/wp\/v2\/pages\/626","targetHints":{"allow":["GET"]}}],"collection":[{"href":"https:\/\/reykjavikexpress.webdev.is\/is\/wp-json\/wp\/v2\/pages"}],"about":[{"href":"https:\/\/reykjavikexpress.webdev.is\/is\/wp-json\/wp\/v2\/types\/page"}],"author":[{"embeddable":true,"href":"https:\/\/reykjavikexpress.webdev.is\/is\/wp-json\/wp\/v2\/users\/1"}],"replies":[{"embeddable":true,"href":"https:\/\/reykjavikexpress.webdev.is\/is\/wp-json\/wp\/v2\/comments?post=626"}],"version-history":[{"count":7,"href":"https:\/\/reykjavikexpress.webdev.is\/is\/wp-json\/wp\/v2\/pages\/626\/revisions"}],"predecessor-version":[{"id":633,"href":"https:\/\/reykjavikexpress.webdev.is\/is\/wp-json\/wp\/v2\/pages\/626\/revisions\/633"}],"wp:attachment":[{"href":"https:\/\/reykjavikexpress.webdev.is\/is\/wp-json\/wp\/v2\/media?parent=626"}],"curies":[{"name":"wp","href":"https:\/\/api.w.org\/{rel}","templated":true}]}}